{"id":345,"date":"2023-06-05T07:31:50","date_gmt":"2023-06-05T07:31:50","guid":{"rendered":"https:\/\/textospeech.net\/?page_id=345"},"modified":"2023-10-16T16:23:29","modified_gmt":"2023-10-16T10:53:29","slug":"terms-and-condition","status":"publish","type":"page","link":"https:\/\/textospeech.net\/pt\/termos-e-condicoes\/","title":{"rendered":"Termos e Condi\u00e7\u00f5es"},"content":{"rendered":"<div id=\"ez-toc-container\" class=\"ez-toc-v2_0_69 counter-hierarchy ez-toc-counter ez-toc-grey ez-toc-container-direction\">\n<div class=\"ez-toc-title-container\">\n<p class=\"ez-toc-title\" >Table of Contents<\/p>\n<span class=\"ez-toc-title-toggle\"><a href=\"#\" class=\"ez-toc-pull-right ez-toc-btn ez-toc-btn-xs ez-toc-btn-default ez-toc-toggle\" aria-label=\"Alternar \u00edndice de conte\u00fado\"><span class=\"ez-toc-js-icon-con\"><span class=\"\"><span class=\"eztoc-hide\" style=\"display:none;\">Alternar<\/span><span class=\"ez-toc-icon-toggle-span\"><svg style=\"fill: #999;color:#999\" xmlns=\"http:\/\/www.w3.org\/2000\/svg\" class=\"list-377408\" width=\"20px\" height=\"20px\" viewbox=\"0 0 24 24\" fill=\"none\"><path d=\"M6 6H4v2h2V6zm14 0H8v2h12V6zM4 11h2v2H4v-2zm16 0H8v2h12v-2zM4 16h2v2H4v-2zm16 0H8v2h12v-2z\" fill=\"currentColor\"><\/path><\/svg><svg style=\"fill: #999;color:#999\" class=\"arrow-unsorted-368013\" xmlns=\"http:\/\/www.w3.org\/2000\/svg\" width=\"10px\" height=\"10px\" viewbox=\"0 0 24 24\" version=\"1.2\" baseprofile=\"tiny\"><path d=\"M18.2 9.3l-6.2-6.3-6.2 6.3c-.2.2-.3.4-.3.7s.1.5.3.7c.2.2.4.3.7.3h11c.3 0 .5-.1.7-.3.2-.2.3-.5.3-.7s-.1-.5-.3-.7zM5.8 14.7l6.2 6.3 6.2-6.3c.2-.2.3-.5.3-.7s-.1-.5-.3-.7c-.2-.2-.4-.3-.7-.3h-11c-.3 0-.5.1-.7.3-.2.2-.3.5-.3.7s.1.5.3.7z\"\/><\/svg><\/span><\/span><\/span><\/a><\/span><\/div>\n<nav><ul class='ez-toc-list ez-toc-list-level-1' ><li class='ez-toc-page-1 ez-toc-heading-level-2'><a class=\"ez-toc-link ez-toc-heading-1\" href=\"https:\/\/textospeech.net\/pt\/termos-e-condicoes\/#Introduction\" title=\"Introdu\u00e7\u00e3o\">Introdu\u00e7\u00e3o<\/a><\/li><li class='ez-toc-page-1 ez-toc-heading-level-2'><a class=\"ez-toc-link ez-toc-heading-2\" href=\"https:\/\/textospeech.net\/pt\/termos-e-condicoes\/#Agreement_to_terms\" title=\"Acordo com os termos\">Acordo com os termos<\/a><ul class='ez-toc-list-level-3' ><li class='ez-toc-heading-level-3'><a class=\"ez-toc-link ez-toc-heading-3\" href=\"https:\/\/textospeech.net\/pt\/termos-e-condicoes\/#Use_of_Personal_Information\" title=\"Uso de informa\u00e7\u00f5es pessoais\">Uso de informa\u00e7\u00f5es pessoais<\/a><\/li><li class='ez-toc-page-1 ez-toc-heading-level-3'><a class=\"ez-toc-link ez-toc-heading-4\" href=\"https:\/\/textospeech.net\/pt\/termos-e-condicoes\/#Information_Collection\" title=\"Coleta de informa\u00e7\u00f5es\">Coleta de informa\u00e7\u00f5es<\/a><\/li><\/ul><\/li><li class='ez-toc-page-1 ez-toc-heading-level-2'><a class=\"ez-toc-link ez-toc-heading-5\" href=\"https:\/\/textospeech.net\/pt\/termos-e-condicoes\/#Refund_Policy\" title=\"Politica de reembolso\">Politica de reembolso<\/a><\/li><li class='ez-toc-page-1 ez-toc-heading-level-2'><a class=\"ez-toc-link ez-toc-heading-6\" href=\"https:\/\/textospeech.net\/pt\/termos-e-condicoes\/#User_Eligibility\" title=\"Elegibilidade do usu\u00e1rio\">Elegibilidade do usu\u00e1rio<\/a><\/li><li class='ez-toc-page-1 ez-toc-heading-level-2'><a class=\"ez-toc-link ez-toc-heading-7\" href=\"https:\/\/textospeech.net\/pt\/termos-e-condicoes\/#Security_of_your_Personal_Information\" title=\"Seguran\u00e7a das suas informa\u00e7\u00f5es pessoais\">Seguran\u00e7a das suas informa\u00e7\u00f5es pessoais<\/a><\/li><li class='ez-toc-page-1 ez-toc-heading-level-2'><a class=\"ez-toc-link ez-toc-heading-8\" href=\"https:\/\/textospeech.net\/pt\/termos-e-condicoes\/#Limitation_of_Liability\" title=\"Limita\u00e7\u00e3o de responsabilidade\">Limita\u00e7\u00e3o de responsabilidade<\/a><ul class='ez-toc-list-level-3' ><li class='ez-toc-heading-level-3'><a class=\"ez-toc-link ez-toc-heading-9\" href=\"https:\/\/textospeech.net\/pt\/termos-e-condicoes\/#Termination\" title=\"Termina\u00e7\u00e3o\">Termina\u00e7\u00e3o<\/a><\/li><li class='ez-toc-page-1 ez-toc-heading-level-3'><a class=\"ez-toc-link ez-toc-heading-10\" href=\"https:\/\/textospeech.net\/pt\/termos-e-condicoes\/#Copyright_Policy\" title=\"Pol\u00edtica de direitos autorais\">Pol\u00edtica de direitos autorais<\/a><\/li><\/ul><\/li><\/ul><\/nav><\/div>\n<h2 class=\"wp-block-heading\"><span class=\"ez-toc-section\" id=\"Introduction\"><\/span><strong>Introdu\u00e7\u00e3o<\/strong><span class=\"ez-toc-section-end\"><\/span><\/h2>\n\n\n\n<p>Bem-vindo ao servi\u00e7o de convers\u00e3o de texto em fala (TTS) fornecido por textospeech.net. Estes termos e condi\u00e7\u00f5es (\u201cTermos\u201d) especificam como usar nosso servi\u00e7o TTS, seja por meio de nosso site, aplicativo ou outras plataformas aprovadas. Estes termos, que regulam a sua rela\u00e7\u00e3o connosco, s\u00e3o aceites em troca da utiliza\u00e7\u00e3o do nosso servi\u00e7o TTS. \u00c9 fundamental ler e compreender estes termos antes de usar o servi\u00e7o. Por favor, n\u00e3o use nosso servi\u00e7o TTS se discordar destes termos.<\/p>\n\n\n\n<h2 class=\"wp-block-heading\"><span class=\"ez-toc-section\" id=\"Agreement_to_terms\"><\/span><strong>Acordo com os termos<\/strong><span class=\"ez-toc-section-end\"><\/span><\/h2>\n\n\n\n<p>Observe que voc\u00ea e textospeech.net firmaram um contrato vinculativo com estes termos e condi\u00e7\u00f5es. A utiliza\u00e7\u00e3o dos nossos servi\u00e7os TTS significa o seu reconhecimento de que leu, compreendeu e aceitou estes termos. N\u00e3o clique em \u201cCriar uma conta\u201d nem utilize qualquer um dos nossos servi\u00e7os de qualquer outra forma se n\u00e3o concordar com estes termos de servi\u00e7o e condi\u00e7\u00f5es. Voc\u00ea pode cancelar este contrato de usu\u00e1rio a qualquer momento, desativando sua conta e cessando todo acesso ou uso de nossos servi\u00e7os.&nbsp;<\/p>\n\n\n\n<h3 class=\"wp-block-heading\"><span class=\"ez-toc-section\" id=\"Use_of_Personal_Information\"><\/span><strong>Uso de informa\u00e7\u00f5es pessoais<\/strong><span class=\"ez-toc-section-end\"><\/span><\/h3>\n\n\n\n<p>Os dados pessoais que recolhemos servem para fornecer e melhorar o servi\u00e7o TTS, bem como para atendimento ao cliente, comunica\u00e7\u00e3o e uma experi\u00eancia de utilizador personalizada. Nunca venderemos, alugaremos ou arrendaremos suas informa\u00e7\u00f5es pessoais a terceiros sem o seu consentimento expl\u00edcito.<\/p>\n\n\n\n<h3 class=\"wp-block-heading\"><span class=\"ez-toc-section\" id=\"Information_Collection\"><\/span><strong>Coleta de informa\u00e7\u00f5es<\/strong><span class=\"ez-toc-section-end\"><\/span><\/h3>\n\n\n\n<p>Quando voc\u00ea se registra ou utiliza o servi\u00e7o TTS, poderemos solicitar seus dados, incluindo seu nome, endere\u00e7o de e-mail e outras informa\u00e7\u00f5es pertinentes.&nbsp;<\/p>\n\n\n\n<h2 class=\"wp-block-heading\"><span class=\"ez-toc-section\" id=\"Refund_Policy\"><\/span><strong>Politica de reembolso<\/strong><span class=\"ez-toc-section-end\"><\/span><\/h2>\n\n\n\n<p>Trabalhamos constantemente para fornecer servi\u00e7os TTS de alta qualidade que atendam aos seus padr\u00f5es. No entanto, pode haver casos em que voc\u00ea precise de um reembolso pelo servi\u00e7o TTS adquirido. Nessa situa\u00e7\u00e3o, voc\u00ea tem 60 dias para solicitar o reembolso. Por favor, leia nossa pol\u00edtica de reembolso para obter mais informa\u00e7\u00f5es.<\/p>\n\n\n\n<h2 class=\"wp-block-heading\"><span class=\"ez-toc-section\" id=\"User_Eligibility\"><\/span><strong>Elegibilidade do usu\u00e1rio<\/strong><span class=\"ez-toc-section-end\"><\/span><\/h2>\n\n\n\n<p>A utiliza\u00e7\u00e3o do servi\u00e7o exige que voc\u00ea tenha pelo menos 18 anos de idade. Voc\u00ea certifica que tem pelo menos 18 anos de idade se aceitar estes termos. Al\u00e9m disso, voc\u00ea nunca teve sua conta suspensa ou removida dos servi\u00e7os e cumpriu todas as regras e leis ao se registrar e usar os servi\u00e7os.<\/p>\n\n\n\n<h2 class=\"wp-block-heading\"><span class=\"ez-toc-section\" id=\"Security_of_your_Personal_Information\"><\/span><strong>Seguran\u00e7a das suas informa\u00e7\u00f5es pessoais<\/strong><span class=\"ez-toc-section-end\"><\/span><\/h2>\n\n\n\n<p>N\u00f3s da textospeech.net levamos a s\u00e9rio a prote\u00e7\u00e3o da seguran\u00e7a e da privacidade de suas informa\u00e7\u00f5es pessoais. Quando voc\u00ea usa nosso servi\u00e7o de convers\u00e3o de texto em fala (TTS), temos o compromisso de proteger seus dados. Voc\u00ea entende e concorda com a coleta, armazenamento e processamento de suas informa\u00e7\u00f5es pessoais ao usar nosso servi\u00e7o TTS.<\/p>\n\n\n\n<h2 class=\"wp-block-heading\"><span class=\"ez-toc-section\" id=\"Limitation_of_Liability\"><\/span><strong>Limita\u00e7\u00e3o de responsabilidade<\/strong><span class=\"ez-toc-section-end\"><\/span><\/h2>\n\n\n\n<p>Em toda a extens\u00e3o permitida por lei, textospeech.net, incluindo suas afiliadas, n\u00e3o ser\u00e1 respons\u00e1vel em conex\u00e3o com este contrato de usu\u00e1rio por quaisquer danos indiretos, incidentais, consequenciais, especiais ou punitivos; lucros perdidos ou oportunidades de neg\u00f3cios; danos \u00e0 reputa\u00e7\u00e3o; perda de dados ou pol\u00edticas de terceiros; ou quaisquer danos indiretos, incidentais, consequenciais, especiais ou punitivos. S\u00f3 seremos respons\u00e1veis por perdas incidentais ou consequenciais na medida permitida pela lei aplic\u00e1vel em qualquer prov\u00edncia, estado ou outra jurisdi\u00e7\u00e3o onde tal exclus\u00e3o ou limita\u00e7\u00e3o n\u00e3o seja permitida.&nbsp;<\/p>\n\n\n\n<h3 class=\"wp-block-heading\"><span class=\"ez-toc-section\" id=\"Termination\"><\/span><strong>Termina\u00e7\u00e3o<\/strong><span class=\"ez-toc-section-end\"><\/span><\/h3>\n\n\n\n<p>Se voc\u00ea violar estes termos de alguma forma, perder\u00e1 imediatamente o acesso ao servi\u00e7o. Al\u00e9m disso, Textospeech.net tem o direito de suspender ou encerrar o uso do servi\u00e7o sem incorrer em qualquer responsabilidade para com voc\u00ea. Se o Textospeech ou o seu acesso a ele terminar, suas d\u00edvidas ou responsabilidades acumuladas at\u00e9 esse ponto ainda ser\u00e3o de sua responsabilidade.<\/p>\n\n\n\n<h3 class=\"wp-block-heading\"><span class=\"ez-toc-section\" id=\"Copyright_Policy\"><\/span><strong>Pol\u00edtica de direitos autorais<\/strong><span class=\"ez-toc-section-end\"><\/span><\/h3>\n\n\n\n<p><strong>Textospeech.net<\/strong> estabeleceu procedimentos para receber notifica\u00e7\u00e3o por escrito de supostas viola\u00e7\u00f5es da Lei de Direitos Autorais. Al\u00e9m disso, designamos uma pessoa para receber notifica\u00e7\u00f5es de supostas viola\u00e7\u00f5es de direitos autorais. Voc\u00ea pode enviar uma comunica\u00e7\u00e3o por escrito se realmente acreditar que seus direitos autorais foram violados.<\/p>","protected":false},"excerpt":{"rendered":"","protected":false},"author":1,"featured_media":0,"parent":0,"menu_order":0,"comment_status":"closed","ping_status":"closed","template":"","meta":{"footnotes":""},"class_list":["post-345","page","type-page","status-publish"],"_links":{"self":[{"href":"https:\/\/textospeech.net\/pt\/wp-json\/wp\/v2\/pages\/345"}],"collection":[{"href":"https:\/\/textospeech.net\/pt\/wp-json\/wp\/v2\/pages"}],"about":[{"href":"https:\/\/textospeech.net\/pt\/wp-json\/wp\/v2\/types\/page"}],"author":[{"embeddable":true,"href":"https:\/\/textospeech.net\/pt\/wp-json\/wp\/v2\/users\/1"}],"replies":[{"embeddable":true,"href":"https:\/\/textospeech.net\/pt\/wp-json\/wp\/v2\/comments?post=345"}],"version-history":[{"count":3,"href":"https:\/\/textospeech.net\/pt\/wp-json\/wp\/v2\/pages\/345\/revisions"}],"predecessor-version":[{"id":793,"href":"https:\/\/textospeech.net\/pt\/wp-json\/wp\/v2\/pages\/345\/revisions\/793"}],"wp:attachment":[{"href":"https:\/\/textospeech.net\/pt\/wp-json\/wp\/v2\/media?parent=345"}],"curies":[{"name":"wp","href":"https:\/\/api.w.org\/{rel}","templated":true}]}}