{"id":318,"date":"2023-06-02T09:33:02","date_gmt":"2023-06-02T09:33:02","guid":{"rendered":"https:\/\/textospeech.net\/?page_id=318"},"modified":"2023-10-16T16:23:28","modified_gmt":"2023-10-16T10:53:28","slug":"refund-policy","status":"publish","type":"page","link":"https:\/\/textospeech.net\/pt\/politica-de-reembolso\/","title":{"rendered":"Politica de reembolso"},"content":{"rendered":"<p>No <strong>textospeech.net<\/strong>, nos esfor\u00e7amos para fornecer servi\u00e7os de convers\u00e3o de texto em fala (TTS) de alta qualidade aos nossos valiosos clientes. Embora queiramos que voc\u00ea fique satisfeito com sua compra, reconhecemos que \u00e0s vezes voc\u00ea pode precisar solicitar um reembolso. Os termos e requisitos para elegibilidade de reembolso s\u00e3o fornecidos nesta pol\u00edtica de reembolso.<\/p>\n\n\n\n<div id=\"ez-toc-container\" class=\"ez-toc-v2_0_69 counter-hierarchy ez-toc-counter ez-toc-grey ez-toc-container-direction\">\n<div class=\"ez-toc-title-container\">\n<p class=\"ez-toc-title\" >Table of Contents<\/p>\n<span class=\"ez-toc-title-toggle\"><a href=\"#\" class=\"ez-toc-pull-right ez-toc-btn ez-toc-btn-xs ez-toc-btn-default ez-toc-toggle\" aria-label=\"Alternar \u00edndice de conte\u00fado\"><span class=\"ez-toc-js-icon-con\"><span class=\"\"><span class=\"eztoc-hide\" style=\"display:none;\">Alternar<\/span><span class=\"ez-toc-icon-toggle-span\"><svg style=\"fill: #999;color:#999\" xmlns=\"http:\/\/www.w3.org\/2000\/svg\" class=\"list-377408\" width=\"20px\" height=\"20px\" viewbox=\"0 0 24 24\" fill=\"none\"><path d=\"M6 6H4v2h2V6zm14 0H8v2h12V6zM4 11h2v2H4v-2zm16 0H8v2h12v-2zM4 16h2v2H4v-2zm16 0H8v2h12v-2z\" fill=\"currentColor\"><\/path><\/svg><svg style=\"fill: #999;color:#999\" class=\"arrow-unsorted-368013\" xmlns=\"http:\/\/www.w3.org\/2000\/svg\" width=\"10px\" height=\"10px\" viewbox=\"0 0 24 24\" version=\"1.2\" baseprofile=\"tiny\"><path d=\"M18.2 9.3l-6.2-6.3-6.2 6.3c-.2.2-.3.4-.3.7s.1.5.3.7c.2.2.4.3.7.3h11c.3 0 .5-.1.7-.3.2-.2.3-.5.3-.7s-.1-.5-.3-.7zM5.8 14.7l6.2 6.3 6.2-6.3c.2-.2.3-.5.3-.7s-.1-.5-.3-.7c-.2-.2-.4-.3-.7-.3h-11c-.3 0-.5.1-.7.3-.2.2-.3.5-.3.7s.1.5.3.7z\"\/><\/svg><\/span><\/span><\/span><\/a><\/span><\/div>\n<nav><ul class='ez-toc-list ez-toc-list-level-1' ><li class='ez-toc-page-1 ez-toc-heading-level-2'><a class=\"ez-toc-link ez-toc-heading-1\" href=\"https:\/\/textospeech.net\/pt\/politica-de-reembolso\/#Refund_Process\" title=\"Processo de reembolso\">Processo de reembolso<\/a><\/li><li class='ez-toc-page-1 ez-toc-heading-level-2'><a class=\"ez-toc-link ez-toc-heading-2\" href=\"https:\/\/textospeech.net\/pt\/politica-de-reembolso\/#Repayment_Eligibility\" title=\"Elegibilidade para reembolso\">Elegibilidade para reembolso<\/a><\/li><li class='ez-toc-page-1 ez-toc-heading-level-2'><a class=\"ez-toc-link ez-toc-heading-3\" href=\"https:\/\/textospeech.net\/pt\/politica-de-reembolso\/#Non-Refundable_conditions\" title=\"Condi\u00e7\u00f5es n\u00e3o reembols\u00e1veis\">Condi\u00e7\u00f5es n\u00e3o reembols\u00e1veis<\/a><ul class='ez-toc-list-level-3' ><li class='ez-toc-heading-level-3'><a class=\"ez-toc-link ez-toc-heading-4\" href=\"https:\/\/textospeech.net\/pt\/politica-de-reembolso\/#Cancellation_of_Service\" title=\"Cancelamento do Servi\u00e7o\">Cancelamento do Servi\u00e7o<\/a><\/li><li class='ez-toc-page-1 ez-toc-heading-level-3'><a class=\"ez-toc-link ez-toc-heading-5\" href=\"https:\/\/textospeech.net\/pt\/politica-de-reembolso\/#Manual_Cancellation_Process\" title=\"Processo de cancelamento manual\">Processo de cancelamento manual<\/a><\/li><\/ul><\/li><li class='ez-toc-page-1 ez-toc-heading-level-2'><a class=\"ez-toc-link ez-toc-heading-6\" href=\"https:\/\/textospeech.net\/pt\/politica-de-reembolso\/#Contact_us\" title=\"Contate-nos\">Contate-nos<\/a><\/li><\/ul><\/nav><\/div>\n<h2 class=\"wp-block-heading\"><span class=\"ez-toc-section\" id=\"Refund_Process\"><\/span><strong>Processo de reembolso<\/strong><span class=\"ez-toc-section-end\"><\/span><\/h2>\n\n\n\n<p>Primeiro, voc\u00ea deve enviar uma solicita\u00e7\u00e3o de reembolso entrando em contato com nossa equipe de suporte ao cliente em nossa p\u00e1gina \u201cFale Conosco\u201d. Sua solicita\u00e7\u00e3o de reembolso deve incluir os seguintes detalhes:<\/p>\n\n\n\n<ul class=\"wp-block-list\">\n<li>Seu nome e informa\u00e7\u00f5es de contato<\/li>\n\n\n\n<li>Data da compra<\/li>\n\n\n\n<li>N\u00famero do pedido\/fatura<\/li>\n\n\n\n<li>Motivo da solicita\u00e7\u00e3o de reembolso (motivo v\u00e1lido)<\/li>\n<\/ul>\n\n\n\n<p>Reservamo-nos o direito de determinar se a solicita\u00e7\u00e3o de reembolso \u00e9 v\u00e1lida com base nos requisitos de elegibilidade descritos nesta pol\u00edtica. Se o seu pedido de reembolso for aprovado, o reembolso ser\u00e1 processado usando o m\u00e9todo de pagamento original que voc\u00ea usou ao fazer a compra. Seja paciente, pois pode levar algum tempo para que o valor do reembolso apare\u00e7a em sua conta.<\/p>\n\n\n\n<h2 class=\"wp-block-heading\"><span class=\"ez-toc-section\" id=\"Repayment_Eligibility\"><\/span><strong>Elegibilidade para reembolso<\/strong><span class=\"ez-toc-section-end\"><\/span><\/h2>\n\n\n\n<ul class=\"wp-block-list\">\n<li>Nossa pol\u00edtica de reembolso cobre compras feitas diretamente no site textospeech.net ou revendedores autorizados.&nbsp;<\/li>\n\n\n\n<li>Para ser eleg\u00edvel para receber um reembolso, voc\u00ea deve enviar uma solicita\u00e7\u00e3o de reembolso no prazo de 60 dias a partir da data de compra.&nbsp;<\/li>\n\n\n\n<li>Os reembolsos se aplicam apenas a novos clientes ou clientes que adquirirem novos planos de assinatura.<\/li>\n<\/ul>\n\n\n\n<h2 class=\"wp-block-heading\"><span class=\"ez-toc-section\" id=\"Non-Refundable_conditions\"><\/span><strong>Condi\u00e7\u00f5es n\u00e3o reembols\u00e1veis<\/strong><span class=\"ez-toc-section-end\"><\/span><\/h2>\n\n\n\n<ul class=\"wp-block-list\">\n<li><strong>Mudan\u00e7a de id\u00e9ia:<\/strong> N\u00e3o oferecemos reembolso para compras que mudem de ideia ou se voc\u00ea decidir que o servi\u00e7o TTS n\u00e3o atende \u00e0s suas prefer\u00eancias pessoais.<\/li>\n\n\n\n<li><strong>Cancelamento perdido:<\/strong> O n\u00e3o cancelamento da sua assinatura antes do pr\u00f3ximo ciclo de faturamento n\u00e3o ser\u00e1 considerado um motivo v\u00e1lido para reembolso.<\/li>\n<\/ul>\n\n\n\n<h3 class=\"wp-block-heading\"><span class=\"ez-toc-section\" id=\"Cancellation_of_Service\"><\/span><strong>Cancelamento do Servi\u00e7o<\/strong><span class=\"ez-toc-section-end\"><\/span><\/h3>\n\n\n\n<p>Reconhecemos que talvez voc\u00ea precise parar de usar o servi\u00e7o textospeech.net se suas circunst\u00e2ncias mudarem. Estas informa\u00e7\u00f5es fornecem instru\u00e7\u00f5es sobre como cancelar seu servi\u00e7o TTS com textospeech.net e descrevem o processo de cancelamento.<\/p>\n\n\n\n<h3 class=\"wp-block-heading\"><span class=\"ez-toc-section\" id=\"Manual_Cancellation_Process\"><\/span><strong>Processo de cancelamento manual<\/strong><span class=\"ez-toc-section-end\"><\/span><\/h3>\n\n\n\n<p>Se voc\u00ea deseja cancelar sua assinatura do textospeech.net, siga as etapas fornecidas:<\/p>\n\n\n\n<ol class=\"wp-block-list\">\n<li>Toque no \u00edcone do perfil no canto superior direito da tela inicial.&nbsp;<\/li>\n\n\n\n<li>Selecione \u201cPagamentos e assinaturas\u201d e clique em \u201cAssinaturas\u201d.&nbsp;<\/li>\n\n\n\n<li>Selecione textospeech.net na lista.&nbsp;<\/li>\n\n\n\n<li>Toque em \u201cCancelar assinatura\u201d.<\/li>\n<\/ol>\n\n\n\n<h2 class=\"wp-block-heading\"><span class=\"ez-toc-section\" id=\"Contact_us\"><\/span><strong>Contate-nos<\/strong><span class=\"ez-toc-section-end\"><\/span><\/h2>\n\n\n\n<p>Recomendamos que voc\u00ea entre em contato com nossa equipe de suporte ao cliente para obter ajuda se tiver problemas com nosso servi\u00e7o TTS. Nossa dedicada equipe de suporte resolver\u00e1 em breve quaisquer problemas que voc\u00ea possa estar enfrentando.<\/p>","protected":false},"excerpt":{"rendered":"","protected":false},"author":1,"featured_media":0,"parent":0,"menu_order":0,"comment_status":"closed","ping_status":"closed","template":"","meta":{"footnotes":""},"class_list":["post-318","page","type-page","status-publish"],"_links":{"self":[{"href":"https:\/\/textospeech.net\/pt\/wp-json\/wp\/v2\/pages\/318"}],"collection":[{"href":"https:\/\/textospeech.net\/pt\/wp-json\/wp\/v2\/pages"}],"about":[{"href":"https:\/\/textospeech.net\/pt\/wp-json\/wp\/v2\/types\/page"}],"author":[{"embeddable":true,"href":"https:\/\/textospeech.net\/pt\/wp-json\/wp\/v2\/users\/1"}],"replies":[{"embeddable":true,"href":"https:\/\/textospeech.net\/pt\/wp-json\/wp\/v2\/comments?post=318"}],"version-history":[{"count":2,"href":"https:\/\/textospeech.net\/pt\/wp-json\/wp\/v2\/pages\/318\/revisions"}],"predecessor-version":[{"id":791,"href":"https:\/\/textospeech.net\/pt\/wp-json\/wp\/v2\/pages\/318\/revisions\/791"}],"wp:attachment":[{"href":"https:\/\/textospeech.net\/pt\/wp-json\/wp\/v2\/media?parent=318"}],"curies":[{"name":"wp","href":"https:\/\/api.w.org\/{rel}","templated":true}]}}