{"id":24,"date":"2023-05-11T11:58:08","date_gmt":"2023-05-11T11:58:08","guid":{"rendered":"https:\/\/textospeech.net\/?page_id=24"},"modified":"2023-11-07T17:24:27","modified_gmt":"2023-11-07T11:54:27","slug":"texttospeech-affiliate-program","status":"publish","type":"page","link":"https:\/\/textospeech.net\/pt\/programa-de-afiliados-texttospeech\/","title":{"rendered":"Torne-se um afiliado para ganhar dinheiro!"},"content":{"rendered":"<div class=\"wp-block-columns has-background is-layout-flex wp-container-core-columns-is-layout-2 wp-block-columns-is-layout-flex\" style=\"background-color:#ffe7eb\">\n<div class=\"wp-block-column is-layout-flow wp-block-column-is-layout-flow\" style=\"flex-basis:100%\">\n<div class=\"wp-block-group\"><div class=\"wp-block-group__inner-container is-layout-constrained wp-block-group-is-layout-constrained\">\n<div class=\"wp-block-columns is-not-stacked-on-mobile has-small-font-size is-layout-flex wp-container-core-columns-is-layout-1 wp-block-columns-is-layout-flex\">\n<div class=\"wp-block-column is-layout-flow wp-block-column-is-layout-flow\">\n<div id=\"ez-toc-container\" class=\"ez-toc-v2_0_69 counter-hierarchy ez-toc-counter ez-toc-grey ez-toc-container-direction\">\n<div class=\"ez-toc-title-container\">\n<p class=\"ez-toc-title\" >Table of Contents<\/p>\n<span class=\"ez-toc-title-toggle\"><a href=\"#\" class=\"ez-toc-pull-right ez-toc-btn ez-toc-btn-xs ez-toc-btn-default ez-toc-toggle\" aria-label=\"Alternar \u00edndice de conte\u00fado\"><span class=\"ez-toc-js-icon-con\"><span class=\"\"><span class=\"eztoc-hide\" style=\"display:none;\">Alternar<\/span><span class=\"ez-toc-icon-toggle-span\"><svg style=\"fill: #999;color:#999\" xmlns=\"http:\/\/www.w3.org\/2000\/svg\" class=\"list-377408\" width=\"20px\" height=\"20px\" viewbox=\"0 0 24 24\" fill=\"none\"><path d=\"M6 6H4v2h2V6zm14 0H8v2h12V6zM4 11h2v2H4v-2zm16 0H8v2h12v-2zM4 16h2v2H4v-2zm16 0H8v2h12v-2z\" fill=\"currentColor\"><\/path><\/svg><svg style=\"fill: #999;color:#999\" class=\"arrow-unsorted-368013\" xmlns=\"http:\/\/www.w3.org\/2000\/svg\" width=\"10px\" height=\"10px\" viewbox=\"0 0 24 24\" version=\"1.2\" baseprofile=\"tiny\"><path d=\"M18.2 9.3l-6.2-6.3-6.2 6.3c-.2.2-.3.4-.3.7s.1.5.3.7c.2.2.4.3.7.3h11c.3 0 .5-.1.7-.3.2-.2.3-.5.3-.7s-.1-.5-.3-.7zM5.8 14.7l6.2 6.3 6.2-6.3c.2-.2.3-.5.3-.7s-.1-.5-.3-.7c-.2-.2-.4-.3-.7-.3h-11c-.3 0-.5.1-.7.3-.2.2-.3.5-.3.7s.1.5.3.7z\"\/><\/svg><\/span><\/span><\/span><\/a><\/span><\/div>\n<nav><ul class='ez-toc-list ez-toc-list-level-1' ><li class='ez-toc-page-1 ez-toc-heading-level-2'><a class=\"ez-toc-link ez-toc-heading-1\" href=\"https:\/\/textospeech.net\/pt\/programa-de-afiliados-texttospeech\/#Why_Promote_Textospeechnet\" title=\"Por que promover Textospeech.net\">Por que promover Textospeech.net<\/a><\/li><li class='ez-toc-page-1 ez-toc-heading-level-2'><a class=\"ez-toc-link ez-toc-heading-2\" href=\"https:\/\/textospeech.net\/pt\/programa-de-afiliados-texttospeech\/#Multiple_Plan\" title=\"Plano M\u00faltiplo\">Plano M\u00faltiplo<\/a><\/li><li class='ez-toc-page-1 ez-toc-heading-level-2'><a class=\"ez-toc-link ez-toc-heading-3\" href=\"https:\/\/textospeech.net\/pt\/programa-de-afiliados-texttospeech\/#Three_Easy_Steps_To_Login_Create_A_New_Source_Of_Income\" title=\"Tr\u00eas etapas f\u00e1ceis para fazer login e criar uma nova fonte de renda\">Tr\u00eas etapas f\u00e1ceis para fazer login e criar uma nova fonte de renda<\/a><ul class='ez-toc-list-level-3' ><li class='ez-toc-heading-level-3'><a class=\"ez-toc-link ez-toc-heading-4\" href=\"https:\/\/textospeech.net\/pt\/programa-de-afiliados-texttospeech\/#1_Sign_Up\" title=\"1. Inscreva-se\">1. Inscreva-se<\/a><\/li><li class='ez-toc-page-1 ez-toc-heading-level-3'><a class=\"ez-toc-link ez-toc-heading-5\" href=\"https:\/\/textospeech.net\/pt\/programa-de-afiliados-texttospeech\/#1_Open_Textospeech_Affiliate_Page\" title=\"1. Abra a p\u00e1gina de afiliados do Textospeech\">1. Abra a p\u00e1gina de afiliados do Textospeech<\/a><\/li><li class='ez-toc-page-1 ez-toc-heading-level-3'><a class=\"ez-toc-link ez-toc-heading-6\" href=\"https:\/\/textospeech.net\/pt\/programa-de-afiliados-texttospeech\/#2_Login_or_Signup\" title=\"2. Fa\u00e7a login ou cadastre-se\">2. Fa\u00e7a login ou cadastre-se<\/a><\/li><li class='ez-toc-page-1 ez-toc-heading-level-3'><a class=\"ez-toc-link ez-toc-heading-7\" href=\"https:\/\/textospeech.net\/pt\/programa-de-afiliados-texttospeech\/#3_Fill_Foam\" title=\"3. Encha a espuma\">3. Encha a espuma<\/a><\/li><li class='ez-toc-page-1 ez-toc-heading-level-3'><a class=\"ez-toc-link ez-toc-heading-8\" href=\"https:\/\/textospeech.net\/pt\/programa-de-afiliados-texttospeech\/#4_Login_to_Your_Account_If_you_already_have_an_Account\" title=\"4. Fa\u00e7a login na sua conta se voc\u00ea j\u00e1 tiver uma conta\">4. Fa\u00e7a login na sua conta se voc\u00ea j\u00e1 tiver uma conta<\/a><\/li><li class='ez-toc-page-1 ez-toc-heading-level-3'><a class=\"ez-toc-link ez-toc-heading-9\" href=\"https:\/\/textospeech.net\/pt\/programa-de-afiliados-texttospeech\/#2_Start_recommending\" title=\"2. Comece a recomendar\">2. Comece a recomendar<\/a><\/li><li class='ez-toc-page-1 ez-toc-heading-level-3'><a class=\"ez-toc-link ez-toc-heading-10\" href=\"https:\/\/textospeech.net\/pt\/programa-de-afiliados-texttospeech\/#3_Get_rewarded\" title=\"3. Seja recompensado\">3. Seja recompensado<\/a><\/li><\/ul><\/li><li class='ez-toc-page-1 ez-toc-heading-level-2'><a class=\"ez-toc-link ez-toc-heading-11\" href=\"https:\/\/textospeech.net\/pt\/programa-de-afiliados-texttospeech\/#Steps_For_Promoting_Textospeechnet\" title=\"Passos para promover Textospeech.net\">Passos para promover Textospeech.net<\/a><ul class='ez-toc-list-level-3' ><li class='ez-toc-heading-level-3'><a class=\"ez-toc-link ez-toc-heading-12\" href=\"https:\/\/textospeech.net\/pt\/programa-de-afiliados-texttospeech\/#1_Blog_Post\" title=\"1. Postagem no blog\">1. Postagem no blog<\/a><\/li><li class='ez-toc-page-1 ez-toc-heading-level-3'><a class=\"ez-toc-link ez-toc-heading-13\" href=\"https:\/\/textospeech.net\/pt\/programa-de-afiliados-texttospeech\/#2_Ideas_for_YouTube_Videos\" title=\"2. Ideias para v\u00eddeos do YouTube\">2. Ideias para v\u00eddeos do YouTube<\/a><\/li><li class='ez-toc-page-1 ez-toc-heading-level-3'><a class=\"ez-toc-link ez-toc-heading-14\" href=\"https:\/\/textospeech.net\/pt\/programa-de-afiliados-texttospeech\/#3_TikTok_Shorts_ideas\" title=\"3. Ideias para curtas do TikTok\">3. Ideias para curtas do TikTok<\/a><\/li><li class='ez-toc-page-1 ez-toc-heading-level-3'><a class=\"ez-toc-link ez-toc-heading-15\" href=\"https:\/\/textospeech.net\/pt\/programa-de-afiliados-texttospeech\/#4_Facebook_Group\" title=\"4. Grupo do Facebook\">4. Grupo do Facebook<\/a><\/li><li class='ez-toc-page-1 ez-toc-heading-level-3'><a class=\"ez-toc-link ez-toc-heading-16\" href=\"https:\/\/textospeech.net\/pt\/programa-de-afiliados-texttospeech\/#5_Respond_To_A_Query_On_Quora\" title=\"5. Responda a uma consulta no Quora\">5. Responda a uma consulta no Quora<\/a><\/li><li class='ez-toc-page-1 ez-toc-heading-level-3'><a class=\"ez-toc-link ez-toc-heading-17\" href=\"https:\/\/textospeech.net\/pt\/programa-de-afiliados-texttospeech\/#6_Instagram_Reels_ideas\" title=\"6. Ideias para carret\u00e9is do Instagram\">6. Ideias para carret\u00e9is do Instagram<\/a><\/li><li class='ez-toc-page-1 ez-toc-heading-level-3'><a class=\"ez-toc-link ez-toc-heading-18\" href=\"https:\/\/textospeech.net\/pt\/programa-de-afiliados-texttospeech\/#7_Pinterest\" title=\"7. Pinterest\">7. Pinterest<\/a><\/li><li class='ez-toc-page-1 ez-toc-heading-level-3'><a class=\"ez-toc-link ez-toc-heading-19\" href=\"https:\/\/textospeech.net\/pt\/programa-de-afiliados-texttospeech\/#8_Twitter\" title=\"8. Twitter\">8. Twitter<\/a><\/li><\/ul><\/li><li class='ez-toc-page-1 ez-toc-heading-level-2'><a class=\"ez-toc-link ez-toc-heading-20\" href=\"https:\/\/textospeech.net\/pt\/programa-de-afiliados-texttospeech\/#Contact_Us\" title=\"Contate-nos\">Contate-nos<\/a><\/li><\/ul><\/nav><\/div>\n<h2 class=\"wp-block-heading\"><span class=\"ez-toc-section\" id=\"Why_Promote_Textospeechnet\"><\/span><strong>Por que promover Textospeech.net<\/strong><span class=\"ez-toc-section-end\"><\/span><\/h2>\n\n\n\n<p>Textospeech.net \u00e9 o principal servi\u00e7o de locu\u00e7\u00e3o oferecido atualmente no mercado. Mais de 500 vozes geradas por IA em mais de 140 idiomas s\u00e3o suportadas.Textospeech.net oferece um b\u00f4nus de indica\u00e7\u00e3o 50% para todas as vendas feitas ap\u00f3s voc\u00ea indicar um amigo para o site.<\/p>\n\n\n\n<div class=\"wp-block-buttons is-layout-flex wp-block-buttons-is-layout-flex\"><\/div>\n<\/div>\n\n\n\n<div class=\"wp-block-column is-layout-flow wp-block-column-is-layout-flow\"><\/div>\n<\/div>\n<\/div><\/div>\n<\/div>\n<\/div>\n\n\n\n<h2 class=\"wp-block-heading has-text-align-center\"><span class=\"ez-toc-section\" id=\"Multiple_Plan\"><\/span><strong>Plano M\u00faltiplo<\/strong><span class=\"ez-toc-section-end\"><\/span><\/h2>\n\n\n<div class=\"is-style-basic wp-block-bptb-pricing-table\" id='bptbPricingTables-1' data-attributes='{&quot;cId&quot;:&quot;40aaa6d5-6&quot;,&quot;pricingTables&quot;:[{&quot;name&quot;:&quot;&lt;strong&gt;Quarterly&lt;\\\/strong&gt;&quot;,&quot;price&quot;:&quot;19&quot;,&quot;priceCurrency&quot;:&quot;$&quot;,&quot;period&quot;:&quot;Month&quot;,&quot;link&quot;:&quot;https:\\\/\\\/textospeech.net\\\/pricing\\\/&quot;,&quot;linkLabel&quot;:&quot;Enroll Now&quot;,&quot;color&quot;:&quot;#f00025&quot;,&quot;features&quot;:[{&quot;isEnable&quot;:true,&quot;label&quot;:&quot;Unlimited Voiceovers&quot;},{&quot;isEnable&quot;:true,&quot;label&quot;:&quot;140 Languages&quot;},{&quot;isEnable&quot;:true,&quot;label&quot;:&quot;300+ Voices&quot;},{&quot;isEnable&quot;:true,&quot;label&quot;:&quot;Unlimited Projects&quot;},{&quot;isEnable&quot;:true,&quot;label&quot;:&quot;Upto 12k Characters Per Clip&quot;},{&quot;isEnable&quot;:&quot;#&quot;,&quot;label&quot;:&quot;Advanced Editor&quot;},{&quot;isEnable&quot;:&quot;#&quot;,&quot;label&quot;:&quot;Commercial License&quot;}]},{&quot;name&quot;:&quot;&lt;strong&gt;Annual Plan&lt;\\\/strong&gt;&quot;,&quot;price&quot;:&quot;60&quot;,&quot;priceCurrency&quot;:&quot;$&quot;,&quot;period&quot;:&quot;Month&quot;,&quot;link&quot;:&quot;https:\\\/\\\/textospeech.net\\\/pricing\\\/&quot;,&quot;linkLabel&quot;:&quot;Enroll Now&quot;,&quot;color&quot;:&quot;#001645&quot;,&quot;features&quot;:[{&quot;isEnable&quot;:true,&quot;label&quot;:&quot;Unlimited Voiceovers&quot;},{&quot;isEnable&quot;:true,&quot;label&quot;:&quot;140 Languages&quot;},{&quot;isEnable&quot;:true,&quot;label&quot;:&quot;300+ Voices&quot;},{&quot;isEnable&quot;:true,&quot;label&quot;:&quot;Unlimited Projects&quot;},{&quot;isEnable&quot;:true,&quot;label&quot;:&quot;Upto 12k Characters Per Clip&quot;},{&quot;isEnable&quot;:&quot;#&quot;,&quot;label&quot;:&quot;Advanced Editor&quot;},{&quot;isEnable&quot;:&quot;#&quot;,&quot;label&quot;:&quot;Commercial License&quot;}]},{&quot;name&quot;:&quot;&lt;strong&gt;Lifetime Deal&lt;\\\/strong&gt;&quot;,&quot;price&quot;:&quot;134&quot;,&quot;priceCurrency&quot;:&quot;$&quot;,&quot;period&quot;:&quot;Month&quot;,&quot;link&quot;:&quot;https:\\\/\\\/textospeech.net\\\/pricing\\\/&quot;,&quot;linkLabel&quot;:&quot;Enroll Now&quot;,&quot;color&quot;:&quot;#01944e&quot;,&quot;features&quot;:[{&quot;isEnable&quot;:true,&quot;label&quot;:&quot;1 Million Characters\\\/month&quot;},{&quot;isEnable&quot;:true,&quot;label&quot;:&quot;140 Languages&quot;},{&quot;isEnable&quot;:true,&quot;label&quot;:&quot;300+ Voices&quot;},{&quot;isEnable&quot;:true,&quot;label&quot;:&quot;Unlimited Projects&quot;},{&quot;isEnable&quot;:true,&quot;label&quot;:&quot;Upto 12k Characters Per Clip&quot;},{&quot;isEnable&quot;:&quot;#&quot;,&quot;label&quot;:&quot;Advanced Editor&quot;},{&quot;isEnable&quot;:&quot;#&quot;,&quot;label&quot;:&quot;Commercial License&quot;}]}],&quot;textAlign&quot;:&quot;left&quot;,&quot;shadow&quot;:{&quot;blur&quot;:&quot;30px&quot;,&quot;color&quot;:&quot;#6e8faf4d&quot;,&quot;isInset&quot;:true},&quot;align&quot;:&quot;&quot;,&quot;columns&quot;:{&quot;desktop&quot;:3,&quot;tablet&quot;:2,&quot;mobile&quot;:1},&quot;columnGap&quot;:&quot;20px&quot;,&quot;rowGap&quot;:&quot;30px&quot;,&quot;padding&quot;:{&quot;vertical&quot;:&quot;35px&quot;,&quot;horizontal&quot;:&quot;25px&quot;}}'><\/div>\n\n\n<h2 class=\"wp-block-heading\"><span class=\"ez-toc-section\" id=\"Three_Easy_Steps_To_Login_Create_A_New_Source_Of_Income\"><\/span><strong>Tr\u00eas etapas f\u00e1ceis para fazer login e criar uma nova fonte de renda<\/strong><span class=\"ez-toc-section-end\"><\/span><\/h2>\n\n\n\n<h3 class=\"wp-block-heading\"><span class=\"ez-toc-section\" id=\"1_Sign_Up\"><\/span><strong>1. Inscreva-se<\/strong><span class=\"ez-toc-section-end\"><\/span><\/h3>\n\n\n\n<p>Nosso programa de afiliados de convers\u00e3o de texto em fala est\u00e1 aberto a todos. Nenhuma venda adicional \u00e9 necess\u00e1ria; basta se inscrever. Tudo que voc\u00ea precisa fazer para se tornar um afiliado de sucesso do textospeech.net \u00e9:<\/p>\n\n\n\n<div class=\"wp-block-columns are-vertically-aligned-top has-background is-layout-flex wp-container-core-columns-is-layout-3 wp-block-columns-is-layout-flex\" style=\"background-color:#f5f0fe\">\n<div class=\"wp-block-column is-vertically-aligned-top is-layout-flow wp-block-column-is-layout-flow\">\n<h3 class=\"wp-block-heading\"><span class=\"ez-toc-section\" id=\"1_Open_Textospeech_Affiliate_Page\"><\/span><strong>1. Abra a p\u00e1gina de afiliados do Textospeech<\/strong><span class=\"ez-toc-section-end\"><\/span><\/h3>\n\n\n\n<p>Clique em \u201cObtenha seu link de afiliado\u201d.<br><\/p>\n<\/div>\n\n\n\n<div class=\"wp-block-column is-vertically-aligned-top is-layout-flow wp-block-column-is-layout-flow\"><\/div>\n<\/div>\n\n\n\n<div class=\"wp-block-columns are-vertically-aligned-top has-background is-layout-flex wp-container-core-columns-is-layout-4 wp-block-columns-is-layout-flex\" style=\"background-color:#f5f0fe\">\n<div class=\"wp-block-column is-vertically-aligned-top is-layout-flow wp-block-column-is-layout-flow\">\n<h3 class=\"wp-block-heading\"><span class=\"ez-toc-section\" id=\"2_Login_or_Signup\"><\/span><strong>2. Fa\u00e7a login ou cadastre-se<\/strong><span class=\"ez-toc-section-end\"><\/span><\/h3>\n\n\n\n<p>Agora selecione uma das op\u00e7\u00f5es fornecidas \u201cCadastre-se e registre-se\u201d ou \u201cEntrar e registrar-se\u201d.<\/p>\n<\/div>\n\n\n\n<div class=\"wp-block-column is-vertically-aligned-top is-layout-flow wp-block-column-is-layout-flow\"><\/div>\n<\/div>\n\n\n\n<div class=\"wp-block-columns are-vertically-aligned-top has-background is-layout-flex wp-container-core-columns-is-layout-5 wp-block-columns-is-layout-flex\" style=\"background-color:#f5f0fe\">\n<div class=\"wp-block-column is-vertically-aligned-top is-layout-flow wp-block-column-is-layout-flow\">\n<h3 class=\"wp-block-heading\"><span class=\"ez-toc-section\" id=\"3_Fill_Foam\"><\/span><strong>3. Encha a espuma<\/strong><span class=\"ez-toc-section-end\"><\/span><\/h3>\n\n\n\n<p>Escolha \u201cCadastre-se e registre-se\u201d, preencha o formul\u00e1rio fornecido e clique em \u201cCriar minha conta\u201d.<\/p>\n<\/div>\n\n\n\n<div class=\"wp-block-column is-vertically-aligned-top is-layout-flow wp-block-column-is-layout-flow\"><\/div>\n<\/div>\n\n\n\n<div class=\"wp-block-columns are-vertically-aligned-top has-background is-layout-flex wp-container-core-columns-is-layout-6 wp-block-columns-is-layout-flex\" style=\"background-color:#f5f0fe\">\n<div class=\"wp-block-column is-vertically-aligned-top is-layout-flow wp-block-column-is-layout-flow\">\n<h3 class=\"wp-block-heading\"><span class=\"ez-toc-section\" id=\"4_Login_to_Your_Account_If_you_already_have_an_Account\"><\/span><strong>4. Fa\u00e7a login na sua conta se voc\u00ea j\u00e1 tiver uma conta<\/strong><span class=\"ez-toc-section-end\"><\/span><\/h3>\n\n\n\n<p>Se voc\u00ea j\u00e1 criou uma conta, clique na op\u00e7\u00e3o \u201cEntrar e registrar\u201d. Em seguida, digite seu e-mail e senha e clique no bot\u00e3o de login.<\/p>\n<\/div>\n\n\n\n<div class=\"wp-block-column is-vertically-aligned-top is-layout-flow wp-block-column-is-layout-flow\"><\/div>\n<\/div>\n\n\n\n<h3 class=\"wp-block-heading\"><span class=\"ez-toc-section\" id=\"2_Start_recommending\"><\/span><strong>2. Comece a recomendar<\/strong><span class=\"ez-toc-section-end\"><\/span><\/h3>\n\n\n\n<p>Divulgue nosso software de convers\u00e3o de texto em fala usando os links de afiliados exclusivos que fornecemos em suas postagens de blog, v\u00eddeos do YouTube, boletins informativos por e-mail, banners e outros conte\u00fados digitais para come\u00e7ar a ganhar comiss\u00f5es recorrentes.<\/p>\n\n\n\n<h3 class=\"wp-block-heading\"><span class=\"ez-toc-section\" id=\"3_Get_rewarded\"><\/span><strong>3. Seja recompensado<\/strong><span class=\"ez-toc-section-end\"><\/span><\/h3>\n\n\n\n<p>Receba uma comiss\u00e3o 50% para cada pessoa que usar seu link de afiliado para aderir a um plano pago do textospeech.net.<\/p>\n\n\n\n<h2 class=\"wp-block-heading\"><span class=\"ez-toc-section\" id=\"Steps_For_Promoting_Textospeechnet\"><\/span><strong>Passos para promover Textospeech.net<\/strong><span class=\"ez-toc-section-end\"><\/span><\/h2>\n\n\n\n<p>O marketing por email \u00e9 o m\u00e9todo mais eficaz de promo\u00e7\u00e3o do textospeech.net. Voc\u00ea pode ser pago por cada pessoa que se inscrever usando seu link de afiliado. Portanto, comece a comercializar o discurso de texto para ganhar dinheiro. Voc\u00ea pode usar esses m\u00e9todos gratuitos se n\u00e3o tiver uma lista. Esses tipos de postagens de blog s\u00e3o a maneira mais eficaz de anunciar o textospeech.net.<\/p>\n\n\n\n<div class=\"wp-block-columns are-vertically-aligned-top has-background is-layout-flex wp-container-core-columns-is-layout-7 wp-block-columns-is-layout-flex\" style=\"background-color:#f5f0fe\">\n<div class=\"wp-block-column is-vertically-aligned-top is-layout-flow wp-block-column-is-layout-flow\">\n<h3 class=\"wp-block-heading\"><span class=\"ez-toc-section\" id=\"1_Blog_Post\"><\/span><strong>1. Postagem no blog<\/strong><span class=\"ez-toc-section-end\"><\/span><\/h3>\n\n\n\n<ul class=\"wp-block-list\">\n<li>Revis\u00e3o de Textospeech.net<\/li>\n\n\n\n<li>Textospeech.net x _____<\/li>\n\n\n\n<li>Compare Textospeech.net com um servi\u00e7o diferente<\/li>\n\n\n\n<li>Fazendo audiolivros<\/li>\n<\/ul>\n<\/div>\n\n\n\n<div class=\"wp-block-column is-vertically-aligned-top is-layout-flow wp-block-column-is-layout-flow\"><\/div>\n<\/div>\n\n\n\n<div class=\"wp-block-columns has-background is-layout-flex wp-container-core-columns-is-layout-8 wp-block-columns-is-layout-flex\" style=\"background-color:#f5f0fe\">\n<div class=\"wp-block-column is-layout-flow wp-block-column-is-layout-flow\">\n<h3 class=\"wp-block-heading\"><span class=\"ez-toc-section\" id=\"2_Ideas_for_YouTube_Videos\"><\/span><strong>2. Ideias para v\u00eddeos do YouTube<\/strong><span class=\"ez-toc-section-end\"><\/span><\/h3>\n\n\n\n<p>Voc\u00ea pode fazer v\u00eddeos para profissionais de marketing on-line e incluir uma men\u00e7\u00e3o ao textospeech ou pode criar narra\u00e7\u00f5es para v\u00eddeos do YouTube e adicionar o link de afiliado do textospeech na descri\u00e7\u00e3o. Fazer v\u00eddeos que contrastem o textospeech.net com uma alternativa \u00e9 outra forma de promover o textospeech.net.<\/p>\n<\/div>\n\n\n\n<div class=\"wp-block-column is-layout-flow wp-block-column-is-layout-flow\"><\/div>\n<\/div>\n\n\n\n<div class=\"wp-block-columns has-background is-layout-flex wp-container-core-columns-is-layout-9 wp-block-columns-is-layout-flex\" style=\"background-color:#f5f0fe\">\n<div class=\"wp-block-column is-layout-flow wp-block-column-is-layout-flow\">\n<h3 class=\"wp-block-heading\"><span class=\"ez-toc-section\" id=\"3_TikTok_Shorts_ideas\"><\/span><strong>3. Ideias para curtas do TikTok<\/strong><span class=\"ez-toc-section-end\"><\/span><\/h3>\n\n\n\n<p>Voc\u00ea pode criar e compartilhar v\u00eddeos no TikTok e incluir um link de refer\u00eancia na descri\u00e7\u00e3o do v\u00eddeo ou em sua biografia para anunciar o TextoSpeech.<\/p>\n<\/div>\n\n\n\n<div class=\"wp-block-column is-layout-flow wp-block-column-is-layout-flow\"><\/div>\n<\/div>\n\n\n\n<div class=\"wp-block-columns has-background is-layout-flex wp-container-core-columns-is-layout-10 wp-block-columns-is-layout-flex\" style=\"background-color:#f5f0fe\">\n<div class=\"wp-block-column is-layout-flow wp-block-column-is-layout-flow\">\n<h3 class=\"wp-block-heading\"><span class=\"ez-toc-section\" id=\"4_Facebook_Group\"><\/span><strong>4. Grupo do Facebook<\/strong><span class=\"ez-toc-section-end\"><\/span><\/h3>\n\n\n\n<p>Junte-se a grupos do Facebook onde redatores e profissionais de marketing de v\u00eddeos se re\u00fanem. Fa\u00e7a um v\u00eddeo \u00fatil usando a narra\u00e7\u00e3o do TextoSpeech. Compartilhe um v\u00eddeo com o grupo mencionando os servi\u00e7os de locu\u00e7\u00e3o TextoSpeech.<\/p>\n<\/div>\n\n\n\n<div class=\"wp-block-column is-layout-flow wp-block-column-is-layout-flow\"><\/div>\n<\/div>\n\n\n\n<div class=\"wp-block-columns has-background is-layout-flex wp-container-core-columns-is-layout-11 wp-block-columns-is-layout-flex\" style=\"background-color:#f5f0fe\">\n<div class=\"wp-block-column is-layout-flow wp-block-column-is-layout-flow\">\n<h3 class=\"wp-block-heading\"><span class=\"ez-toc-section\" id=\"5_Respond_To_A_Query_On_Quora\"><\/span><strong>5. Responda a uma consulta no Quora<\/strong><span class=\"ez-toc-section-end\"><\/span><\/h3>\n\n\n\n<p>Existem muitas d\u00favidas no Quora sobre convers\u00e3o de texto em fala. Voc\u00ea pode anunciar o TextoSpeech.net respondendo a essas perguntas.<\/p>\n<\/div>\n\n\n\n<div class=\"wp-block-column is-layout-flow wp-block-column-is-layout-flow\"><\/div>\n<\/div>\n\n\n\n<div class=\"wp-block-columns has-background is-layout-flex wp-container-core-columns-is-layout-12 wp-block-columns-is-layout-flex\" style=\"background-color:#f5f0fe\">\n<div class=\"wp-block-column is-layout-flow wp-block-column-is-layout-flow\">\n<h3 class=\"wp-block-heading\"><span class=\"ez-toc-section\" id=\"6_Instagram_Reels_ideas\"><\/span><strong>6. Ideias para carret\u00e9is do Instagram<\/strong><span class=\"ez-toc-section-end\"><\/span><\/h3>\n\n\n\n<p>O Instagram tamb\u00e9m \u00e9 outra maneira de fazer v\u00eddeos \u00fateis usando a narra\u00e7\u00e3o do TextoSpeech.net. Depois voc\u00ea pode enviar o v\u00eddeo e inserir o link de afiliado na descri\u00e7\u00e3o.<\/p>\n\n\n\n<p>Voc\u00ea pode fazer:<\/p>\n\n\n\n<ul class=\"wp-block-list\">\n<li>Revis\u00e3o de Textospeech.net<\/li>\n\n\n\n<li>Textospeech.net x _____<\/li>\n\n\n\n<li>Fa\u00e7a v\u00eddeos para profissionais de marketing on-line e inclua uma men\u00e7\u00e3o ao discurso de texto.<\/li>\n<\/ul>\n<\/div>\n\n\n\n<div class=\"wp-block-column is-layout-flow wp-block-column-is-layout-flow\"><\/div>\n<\/div>\n\n\n\n<div class=\"wp-block-columns has-background is-layout-flex wp-container-core-columns-is-layout-13 wp-block-columns-is-layout-flex\" style=\"background-color:#f5f0fe\">\n<div class=\"wp-block-column is-layout-flow wp-block-column-is-layout-flow\">\n<h3 class=\"wp-block-heading\"><span class=\"ez-toc-section\" id=\"7_Pinterest\"><\/span><strong>7. Pinterest<\/strong><span class=\"ez-toc-section-end\"><\/span><\/h3>\n\n\n\n<p>A melhor maneira de usar links afiliados no Pinterest \u00e9 a seguinte:<\/p>\n\n\n\n<ul class=\"wp-block-list\">\n<li>Postar coment\u00e1rios e descri\u00e7\u00f5es do discurso de texto<\/li>\n\n\n\n<li>Poste v\u00eddeos com narra\u00e7\u00e3o para promo\u00e7\u00e3o<\/li>\n<\/ul>\n<\/div>\n\n\n\n<div class=\"wp-block-column is-layout-flow wp-block-column-is-layout-flow\"><\/div>\n<\/div>\n\n\n\n<div class=\"wp-block-columns has-background is-layout-flex wp-container-core-columns-is-layout-14 wp-block-columns-is-layout-flex\" style=\"background-color:#f5f0fe\">\n<div class=\"wp-block-column is-layout-flow wp-block-column-is-layout-flow\">\n<h3 class=\"wp-block-heading\"><span class=\"ez-toc-section\" id=\"8_Twitter\"><\/span><strong>8. Twitter<\/strong><span class=\"ez-toc-section-end\"><\/span><\/h3>\n\n\n\n<p>Para as suas necessidades de afiliado, o Twitter \u00e9 uma plataforma generosa com tr\u00e1fego gratuito. Voc\u00ea pode promover o textospeech.net no Twitter e se tornar um afiliado para ganhar dinheiro.<\/p>\n<\/div>\n\n\n\n<div class=\"wp-block-column is-layout-flow wp-block-column-is-layout-flow\"><\/div>\n<\/div>\n\n\n\n<h2 class=\"wp-block-heading\"><span class=\"ez-toc-section\" id=\"Contact_Us\"><\/span><strong>Contate-nos<\/strong><span class=\"ez-toc-section-end\"><\/span><\/h2>\n\n\n\n<p>Se precisar de algum tipo de ajuda, voc\u00ea pode <strong>Contate-nos<\/strong>.<\/p>","protected":false},"excerpt":{"rendered":"","protected":false},"author":1,"featured_media":0,"parent":0,"menu_order":0,"comment_status":"closed","ping_status":"closed","template":"","meta":{"footnotes":""},"class_list":["post-24","page","type-page","status-publish"],"_links":{"self":[{"href":"https:\/\/textospeech.net\/pt\/wp-json\/wp\/v2\/pages\/24"}],"collection":[{"href":"https:\/\/textospeech.net\/pt\/wp-json\/wp\/v2\/pages"}],"about":[{"href":"https:\/\/textospeech.net\/pt\/wp-json\/wp\/v2\/types\/page"}],"author":[{"embeddable":true,"href":"https:\/\/textospeech.net\/pt\/wp-json\/wp\/v2\/users\/1"}],"replies":[{"embeddable":true,"href":"https:\/\/textospeech.net\/pt\/wp-json\/wp\/v2\/comments?post=24"}],"version-history":[{"count":70,"href":"https:\/\/textospeech.net\/pt\/wp-json\/wp\/v2\/pages\/24\/revisions"}],"predecessor-version":[{"id":1347,"href":"https:\/\/textospeech.net\/pt\/wp-json\/wp\/v2\/pages\/24\/revisions\/1347"}],"wp:attachment":[{"href":"https:\/\/textospeech.net\/pt\/wp-json\/wp\/v2\/media?parent=24"}],"curies":[{"name":"wp","href":"https:\/\/api.w.org\/{rel}","templated":true}]}}