{"id":345,"date":"2023-06-05T07:31:50","date_gmt":"2023-06-05T07:31:50","guid":{"rendered":"https:\/\/textospeech.net\/?page_id=345"},"modified":"2023-10-16T16:23:29","modified_gmt":"2023-10-16T10:53:29","slug":"terms-and-condition","status":"publish","type":"page","link":"https:\/\/textospeech.net\/fr\/termes-et-conditions\/","title":{"rendered":"Termes et conditions"},"content":{"rendered":"<div id=\"ez-toc-container\" class=\"ez-toc-v2_0_69 counter-hierarchy ez-toc-counter ez-toc-grey ez-toc-container-direction\">\n<div class=\"ez-toc-title-container\">\n<p class=\"ez-toc-title\" >Table of Contents<\/p>\n<span class=\"ez-toc-title-toggle\"><a href=\"#\" class=\"ez-toc-pull-right ez-toc-btn ez-toc-btn-xs ez-toc-btn-default ez-toc-toggle\" aria-label=\"Toggle Table des mati\u00e8res\"><span class=\"ez-toc-js-icon-con\"><span class=\"\"><span class=\"eztoc-hide\" style=\"display:none;\">Basculer<\/span><span class=\"ez-toc-icon-toggle-span\"><svg style=\"fill: #999;color:#999\" xmlns=\"http:\/\/www.w3.org\/2000\/svg\" class=\"list-377408\" width=\"20px\" height=\"20px\" viewbox=\"0 0 24 24\" fill=\"none\"><path d=\"M6 6H4v2h2V6zm14 0H8v2h12V6zM4 11h2v2H4v-2zm16 0H8v2h12v-2zM4 16h2v2H4v-2zm16 0H8v2h12v-2z\" fill=\"currentColor\"><\/path><\/svg><svg style=\"fill: #999;color:#999\" class=\"arrow-unsorted-368013\" xmlns=\"http:\/\/www.w3.org\/2000\/svg\" width=\"10px\" height=\"10px\" viewbox=\"0 0 24 24\" version=\"1.2\" baseprofile=\"tiny\"><path d=\"M18.2 9.3l-6.2-6.3-6.2 6.3c-.2.2-.3.4-.3.7s.1.5.3.7c.2.2.4.3.7.3h11c.3 0 .5-.1.7-.3.2-.2.3-.5.3-.7s-.1-.5-.3-.7zM5.8 14.7l6.2 6.3 6.2-6.3c.2-.2.3-.5.3-.7s-.1-.5-.3-.7c-.2-.2-.4-.3-.7-.3h-11c-.3 0-.5.1-.7.3-.2.2-.3.5-.3.7s.1.5.3.7z\"\/><\/svg><\/span><\/span><\/span><\/a><\/span><\/div>\n<nav><ul class='ez-toc-list ez-toc-list-level-1' ><li class='ez-toc-page-1 ez-toc-heading-level-2'><a class=\"ez-toc-link ez-toc-heading-1\" href=\"https:\/\/textospeech.net\/fr\/termes-et-conditions\/#Introduction\" title=\"Introduction\">Introduction<\/a><\/li><li class='ez-toc-page-1 ez-toc-heading-level-2'><a class=\"ez-toc-link ez-toc-heading-2\" href=\"https:\/\/textospeech.net\/fr\/termes-et-conditions\/#Agreement_to_terms\" title=\"Accord sur les conditions\">Accord sur les conditions<\/a><ul class='ez-toc-list-level-3' ><li class='ez-toc-heading-level-3'><a class=\"ez-toc-link ez-toc-heading-3\" href=\"https:\/\/textospeech.net\/fr\/termes-et-conditions\/#Use_of_Personal_Information\" title=\"Utilisation des informations personnelles\">Utilisation des informations personnelles<\/a><\/li><li class='ez-toc-page-1 ez-toc-heading-level-3'><a class=\"ez-toc-link ez-toc-heading-4\" href=\"https:\/\/textospeech.net\/fr\/termes-et-conditions\/#Information_Collection\" title=\"Collecte d&#039;informations\">Collecte d&#039;informations<\/a><\/li><\/ul><\/li><li class='ez-toc-page-1 ez-toc-heading-level-2'><a class=\"ez-toc-link ez-toc-heading-5\" href=\"https:\/\/textospeech.net\/fr\/termes-et-conditions\/#Refund_Policy\" title=\"Politique de remboursement\">Politique de remboursement<\/a><\/li><li class='ez-toc-page-1 ez-toc-heading-level-2'><a class=\"ez-toc-link ez-toc-heading-6\" href=\"https:\/\/textospeech.net\/fr\/termes-et-conditions\/#User_Eligibility\" title=\"\u00c9ligibilit\u00e9 des utilisateurs\">\u00c9ligibilit\u00e9 des utilisateurs<\/a><\/li><li class='ez-toc-page-1 ez-toc-heading-level-2'><a class=\"ez-toc-link ez-toc-heading-7\" href=\"https:\/\/textospeech.net\/fr\/termes-et-conditions\/#Security_of_your_Personal_Information\" title=\"S\u00e9curit\u00e9 de vos informations personnelles\">S\u00e9curit\u00e9 de vos informations personnelles<\/a><\/li><li class='ez-toc-page-1 ez-toc-heading-level-2'><a class=\"ez-toc-link ez-toc-heading-8\" href=\"https:\/\/textospeech.net\/fr\/termes-et-conditions\/#Limitation_of_Liability\" title=\"Limitation de responsabilit\u00e9\">Limitation de responsabilit\u00e9<\/a><ul class='ez-toc-list-level-3' ><li class='ez-toc-heading-level-3'><a class=\"ez-toc-link ez-toc-heading-9\" href=\"https:\/\/textospeech.net\/fr\/termes-et-conditions\/#Termination\" title=\"R\u00e9siliation\">R\u00e9siliation<\/a><\/li><li class='ez-toc-page-1 ez-toc-heading-level-3'><a class=\"ez-toc-link ez-toc-heading-10\" href=\"https:\/\/textospeech.net\/fr\/termes-et-conditions\/#Copyright_Policy\" title=\"Politique de droits d&#039;auteur\">Politique de droits d&#039;auteur<\/a><\/li><\/ul><\/li><\/ul><\/nav><\/div>\n<h2 class=\"wp-block-heading\"><span class=\"ez-toc-section\" id=\"Introduction\"><\/span><strong>Introduction<\/strong><span class=\"ez-toc-section-end\"><\/span><\/h2>\n\n\n\n<p>Bienvenue dans le service de synth\u00e8se vocale (TTS) fourni par textospeech.net. Ces termes et conditions (\u00ab Conditions \u00bb) pr\u00e9cisent comment utiliser notre service TTS, que vous l&#039;utilisiez via notre site Web, notre application ou d&#039;autres plateformes approuv\u00e9es. Ces conditions, qui r\u00e9gissent votre relation avec nous, sont accept\u00e9es en \u00e9change de l&#039;utilisation de notre service TTS. Il est essentiel de lire et de comprendre ces termes avant d&#039;utiliser le service. Veuillez ne pas utiliser notre service TTS si vous n&#039;\u00eates pas d&#039;accord avec ces conditions.<\/p>\n\n\n\n<h2 class=\"wp-block-heading\"><span class=\"ez-toc-section\" id=\"Agreement_to_terms\"><\/span><strong>Accord sur les conditions<\/strong><span class=\"ez-toc-section-end\"><\/span><\/h2>\n\n\n\n<p>Veuillez noter que vous et textospeech.net avez conclu un contrat contraignant avec ces termes et conditions. L&#039;utilisation de nos services TTS signifie que vous reconnaissez que vous avez lu, compris et accept\u00e9 ces conditions. Ne cliquez pas sur \u00ab\u00a0Cr\u00e9er un compte\u00a0\u00bb et n&#039;utilisez pas l&#039;un de nos services de toute autre mani\u00e8re si vous n&#039;acceptez pas ces termes et conditions de service. Vous pouvez annuler cet accord d&#039;utilisation \u00e0 tout moment en d\u00e9sactivant votre compte et en cessant tout acc\u00e8s ou utilisation de nos services.&nbsp;<\/p>\n\n\n\n<h3 class=\"wp-block-heading\"><span class=\"ez-toc-section\" id=\"Use_of_Personal_Information\"><\/span><strong>Utilisation des informations personnelles<\/strong><span class=\"ez-toc-section-end\"><\/span><\/h3>\n\n\n\n<p>Les donn\u00e9es personnelles que nous collectons servent \u00e0 fournir et \u00e0 am\u00e9liorer le service TTS, ainsi qu&#039;au service client, \u00e0 la communication et \u00e0 une exp\u00e9rience utilisateur personnalis\u00e9e. Nous ne vendrons, louerons ou louerons jamais vos informations personnelles \u00e0 des tiers sans votre consentement explicite.<\/p>\n\n\n\n<h3 class=\"wp-block-heading\"><span class=\"ez-toc-section\" id=\"Information_Collection\"><\/span><strong>Collecte d&#039;informations<\/strong><span class=\"ez-toc-section-end\"><\/span><\/h3>\n\n\n\n<p>Lorsque vous vous inscrivez ou utilisez le service TTS, nous pouvons vous demander vos donn\u00e9es, notamment votre nom, votre adresse e-mail et d&#039;autres informations pertinentes.&nbsp;<\/p>\n\n\n\n<h2 class=\"wp-block-heading\"><span class=\"ez-toc-section\" id=\"Refund_Policy\"><\/span><strong>Politique de remboursement<\/strong><span class=\"ez-toc-section-end\"><\/span><\/h2>\n\n\n\n<p>Nous travaillons constamment pour fournir des services TTS de haute qualit\u00e9 \u00e0 la hauteur de vos normes. Cependant, il peut arriver que vous ayez besoin d&#039;un remboursement pour le service TTS que vous avez achet\u00e9. Dans cette situation, vous disposez de 60 jours pour demander un remboursement. Veuillez lire notre politique de remboursement pour plus d&#039;informations.<\/p>\n\n\n\n<h2 class=\"wp-block-heading\"><span class=\"ez-toc-section\" id=\"User_Eligibility\"><\/span><strong>\u00c9ligibilit\u00e9 des utilisateurs<\/strong><span class=\"ez-toc-section-end\"><\/span><\/h2>\n\n\n\n<p>L&#039;utilisation du service n\u00e9cessite que vous soyez \u00e2g\u00e9 d&#039;au moins 18 ans. Vous certifiez que vous avez au moins 18 ans si vous acceptez les pr\u00e9sentes conditions. De plus, votre compte n&#039;a jamais \u00e9t\u00e9 suspendu ou supprim\u00e9 des services et vous avez respect\u00e9 toutes les r\u00e8gles et lois lors de votre inscription et de votre utilisation des services.<\/p>\n\n\n\n<h2 class=\"wp-block-heading\"><span class=\"ez-toc-section\" id=\"Security_of_your_Personal_Information\"><\/span><strong>S\u00e9curit\u00e9 de vos informations personnelles<\/strong><span class=\"ez-toc-section-end\"><\/span><\/h2>\n\n\n\n<p>Chez textospeech.net, nous prenons au s\u00e9rieux la protection de la s\u00e9curit\u00e9 et de la confidentialit\u00e9 de vos informations personnelles. Lorsque vous utilisez notre service de synth\u00e8se vocale (TTS), nous nous engageons \u00e0 prot\u00e9ger vos donn\u00e9es. Vous comprenez et acceptez la collecte, le stockage et le traitement de vos informations personnelles en utilisant notre service TTS.<\/p>\n\n\n\n<h2 class=\"wp-block-heading\"><span class=\"ez-toc-section\" id=\"Limitation_of_Liability\"><\/span><strong>Limitation de responsabilit\u00e9<\/strong><span class=\"ez-toc-section-end\"><\/span><\/h2>\n\n\n\n<p>Dans toute la mesure permise par la loi, textospeech.net, y compris ses soci\u00e9t\u00e9s affili\u00e9es, ne sera pas responsable dans le cadre de cet accord d&#039;utilisation de tout dommage indirect, accessoire, cons\u00e9cutif, sp\u00e9cial ou punitif\u00a0; perte de profits ou d&#039;opportunit\u00e9s commerciales\u00a0; atteinte \u00e0 la r\u00e9putation\u00a0; perte de donn\u00e9es ou de politiques de tiers\u00a0; ou tout dommage indirect, accessoire, cons\u00e9cutif, sp\u00e9cial ou punitif. Nous ne serons responsables des pertes accidentelles ou cons\u00e9cutives que dans la mesure permise par la loi applicable dans toute province, \u00e9tat ou autre juridiction o\u00f9 une telle exclusion ou limitation n&#039;est pas autoris\u00e9e.&nbsp;<\/p>\n\n\n\n<h3 class=\"wp-block-heading\"><span class=\"ez-toc-section\" id=\"Termination\"><\/span><strong>R\u00e9siliation<\/strong><span class=\"ez-toc-section-end\"><\/span><\/h3>\n\n\n\n<p>Si vous violez ces conditions de quelque mani\u00e8re que ce soit, vous perdrez imm\u00e9diatement l&#039;acc\u00e8s au service. De plus, Textospeech.net a le droit de suspendre ou de mettre fin \u00e0 votre utilisation du service sans encourir aucune responsabilit\u00e9 envers vous. Si Textospeech ou votre acc\u00e8s \u00e0 celui-ci prend fin, vos dettes ou obligations accumul\u00e9es jusqu&#039;\u00e0 ce moment-l\u00e0 restent \u00e0 votre charge.<\/p>\n\n\n\n<h3 class=\"wp-block-heading\"><span class=\"ez-toc-section\" id=\"Copyright_Policy\"><\/span><strong>Politique de droits d&#039;auteur<\/strong><span class=\"ez-toc-section-end\"><\/span><\/h3>\n\n\n\n<p><strong>Textospeech.net<\/strong> a \u00e9tabli des proc\u00e9dures pour recevoir des notifications \u00e9crites de violations pr\u00e9sum\u00e9es de la loi sur le droit d&#039;auteur. De plus, nous avons d\u00e9sign\u00e9 une personne pour recevoir les notifications de violations pr\u00e9sum\u00e9es des droits d&#039;auteur. Vous pouvez soumettre une communication \u00e9crite si vous pensez sinc\u00e8rement que vos droits d&#039;auteur ont \u00e9t\u00e9 viol\u00e9s.<\/p>","protected":false},"excerpt":{"rendered":"","protected":false},"author":1,"featured_media":0,"parent":0,"menu_order":0,"comment_status":"closed","ping_status":"closed","template":"","meta":{"footnotes":""},"class_list":["post-345","page","type-page","status-publish"],"_links":{"self":[{"href":"https:\/\/textospeech.net\/fr\/wp-json\/wp\/v2\/pages\/345"}],"collection":[{"href":"https:\/\/textospeech.net\/fr\/wp-json\/wp\/v2\/pages"}],"about":[{"href":"https:\/\/textospeech.net\/fr\/wp-json\/wp\/v2\/types\/page"}],"author":[{"embeddable":true,"href":"https:\/\/textospeech.net\/fr\/wp-json\/wp\/v2\/users\/1"}],"replies":[{"embeddable":true,"href":"https:\/\/textospeech.net\/fr\/wp-json\/wp\/v2\/comments?post=345"}],"version-history":[{"count":3,"href":"https:\/\/textospeech.net\/fr\/wp-json\/wp\/v2\/pages\/345\/revisions"}],"predecessor-version":[{"id":793,"href":"https:\/\/textospeech.net\/fr\/wp-json\/wp\/v2\/pages\/345\/revisions\/793"}],"wp:attachment":[{"href":"https:\/\/textospeech.net\/fr\/wp-json\/wp\/v2\/media?parent=345"}],"curies":[{"name":"wp","href":"https:\/\/api.w.org\/{rel}","templated":true}]}}