{"id":24,"date":"2023-05-11T11:58:08","date_gmt":"2023-05-11T11:58:08","guid":{"rendered":"https:\/\/textospeech.net\/?page_id=24"},"modified":"2023-11-07T17:24:27","modified_gmt":"2023-11-07T11:54:27","slug":"texttospeech-affiliate-program","status":"publish","type":"page","link":"https:\/\/textospeech.net\/fr\/programme-daffiliation-texttospeech\/","title":{"rendered":"Devenez affili\u00e9 pour gagner de l&#039;argent !"},"content":{"rendered":"<div class=\"wp-block-columns has-background is-layout-flex wp-container-core-columns-is-layout-2 wp-block-columns-is-layout-flex\" style=\"background-color:#ffe7eb\">\n<div class=\"wp-block-column is-layout-flow wp-block-column-is-layout-flow\" style=\"flex-basis:100%\">\n<div class=\"wp-block-group\"><div class=\"wp-block-group__inner-container is-layout-constrained wp-block-group-is-layout-constrained\">\n<div class=\"wp-block-columns is-not-stacked-on-mobile has-small-font-size is-layout-flex wp-container-core-columns-is-layout-1 wp-block-columns-is-layout-flex\">\n<div class=\"wp-block-column is-layout-flow wp-block-column-is-layout-flow\">\n<div id=\"ez-toc-container\" class=\"ez-toc-v2_0_69 counter-hierarchy ez-toc-counter ez-toc-grey ez-toc-container-direction\">\n<div class=\"ez-toc-title-container\">\n<p class=\"ez-toc-title\" >Table of Contents<\/p>\n<span class=\"ez-toc-title-toggle\"><a href=\"#\" class=\"ez-toc-pull-right ez-toc-btn ez-toc-btn-xs ez-toc-btn-default ez-toc-toggle\" aria-label=\"Toggle Table des mati\u00e8res\"><span class=\"ez-toc-js-icon-con\"><span class=\"\"><span class=\"eztoc-hide\" style=\"display:none;\">Basculer<\/span><span class=\"ez-toc-icon-toggle-span\"><svg style=\"fill: #999;color:#999\" xmlns=\"http:\/\/www.w3.org\/2000\/svg\" class=\"list-377408\" width=\"20px\" height=\"20px\" viewbox=\"0 0 24 24\" fill=\"none\"><path d=\"M6 6H4v2h2V6zm14 0H8v2h12V6zM4 11h2v2H4v-2zm16 0H8v2h12v-2zM4 16h2v2H4v-2zm16 0H8v2h12v-2z\" fill=\"currentColor\"><\/path><\/svg><svg style=\"fill: #999;color:#999\" class=\"arrow-unsorted-368013\" xmlns=\"http:\/\/www.w3.org\/2000\/svg\" width=\"10px\" height=\"10px\" viewbox=\"0 0 24 24\" version=\"1.2\" baseprofile=\"tiny\"><path d=\"M18.2 9.3l-6.2-6.3-6.2 6.3c-.2.2-.3.4-.3.7s.1.5.3.7c.2.2.4.3.7.3h11c.3 0 .5-.1.7-.3.2-.2.3-.5.3-.7s-.1-.5-.3-.7zM5.8 14.7l6.2 6.3 6.2-6.3c.2-.2.3-.5.3-.7s-.1-.5-.3-.7c-.2-.2-.4-.3-.7-.3h-11c-.3 0-.5.1-.7.3-.2.2-.3.5-.3.7s.1.5.3.7z\"\/><\/svg><\/span><\/span><\/span><\/a><\/span><\/div>\n<nav><ul class='ez-toc-list ez-toc-list-level-1' ><li class='ez-toc-page-1 ez-toc-heading-level-2'><a class=\"ez-toc-link ez-toc-heading-1\" href=\"https:\/\/textospeech.net\/fr\/programme-daffiliation-texttospeech\/#Why_Promote_Textospeechnet\" title=\"Pourquoi promouvoir Textospeech.net\">Pourquoi promouvoir Textospeech.net<\/a><\/li><li class='ez-toc-page-1 ez-toc-heading-level-2'><a class=\"ez-toc-link ez-toc-heading-2\" href=\"https:\/\/textospeech.net\/fr\/programme-daffiliation-texttospeech\/#Multiple_Plan\" title=\"Forfait multiple\">Forfait multiple<\/a><\/li><li class='ez-toc-page-1 ez-toc-heading-level-2'><a class=\"ez-toc-link ez-toc-heading-3\" href=\"https:\/\/textospeech.net\/fr\/programme-daffiliation-texttospeech\/#Three_Easy_Steps_To_Login_Create_A_New_Source_Of_Income\" title=\"Trois \u00e9tapes faciles pour vous connecter et cr\u00e9er une nouvelle source de revenus\">Trois \u00e9tapes faciles pour vous connecter et cr\u00e9er une nouvelle source de revenus<\/a><ul class='ez-toc-list-level-3' ><li class='ez-toc-heading-level-3'><a class=\"ez-toc-link ez-toc-heading-4\" href=\"https:\/\/textospeech.net\/fr\/programme-daffiliation-texttospeech\/#1_Sign_Up\" title=\"1. Inscrivez-vous\">1. Inscrivez-vous<\/a><\/li><li class='ez-toc-page-1 ez-toc-heading-level-3'><a class=\"ez-toc-link ez-toc-heading-5\" href=\"https:\/\/textospeech.net\/fr\/programme-daffiliation-texttospeech\/#1_Open_Textospeech_Affiliate_Page\" title=\"1. Ouvrez la page d&#039;affiliation de Textospeech\">1. Ouvrez la page d&#039;affiliation de Textospeech<\/a><\/li><li class='ez-toc-page-1 ez-toc-heading-level-3'><a class=\"ez-toc-link ez-toc-heading-6\" href=\"https:\/\/textospeech.net\/fr\/programme-daffiliation-texttospeech\/#2_Login_or_Signup\" title=\"2. Connexion ou inscription\">2. Connexion ou inscription<\/a><\/li><li class='ez-toc-page-1 ez-toc-heading-level-3'><a class=\"ez-toc-link ez-toc-heading-7\" href=\"https:\/\/textospeech.net\/fr\/programme-daffiliation-texttospeech\/#3_Fill_Foam\" title=\"3. Remplissez de mousse\">3. Remplissez de mousse<\/a><\/li><li class='ez-toc-page-1 ez-toc-heading-level-3'><a class=\"ez-toc-link ez-toc-heading-8\" href=\"https:\/\/textospeech.net\/fr\/programme-daffiliation-texttospeech\/#4_Login_to_Your_Account_If_you_already_have_an_Account\" title=\"4. Connectez-vous \u00e0 votre compte si vous avez d\u00e9j\u00e0 un compte\">4. Connectez-vous \u00e0 votre compte si vous avez d\u00e9j\u00e0 un compte<\/a><\/li><li class='ez-toc-page-1 ez-toc-heading-level-3'><a class=\"ez-toc-link ez-toc-heading-9\" href=\"https:\/\/textospeech.net\/fr\/programme-daffiliation-texttospeech\/#2_Start_recommending\" title=\"2. Commencez \u00e0 recommander\">2. Commencez \u00e0 recommander<\/a><\/li><li class='ez-toc-page-1 ez-toc-heading-level-3'><a class=\"ez-toc-link ez-toc-heading-10\" href=\"https:\/\/textospeech.net\/fr\/programme-daffiliation-texttospeech\/#3_Get_rewarded\" title=\"3. Soyez r\u00e9compens\u00e9\">3. Soyez r\u00e9compens\u00e9<\/a><\/li><\/ul><\/li><li class='ez-toc-page-1 ez-toc-heading-level-2'><a class=\"ez-toc-link ez-toc-heading-11\" href=\"https:\/\/textospeech.net\/fr\/programme-daffiliation-texttospeech\/#Steps_For_Promoting_Textospeechnet\" title=\"\u00c9tapes pour promouvoir Textospeech.net\">\u00c9tapes pour promouvoir Textospeech.net<\/a><ul class='ez-toc-list-level-3' ><li class='ez-toc-heading-level-3'><a class=\"ez-toc-link ez-toc-heading-12\" href=\"https:\/\/textospeech.net\/fr\/programme-daffiliation-texttospeech\/#1_Blog_Post\" title=\"1. Article de blog\">1. Article de blog<\/a><\/li><li class='ez-toc-page-1 ez-toc-heading-level-3'><a class=\"ez-toc-link ez-toc-heading-13\" href=\"https:\/\/textospeech.net\/fr\/programme-daffiliation-texttospeech\/#2_Ideas_for_YouTube_Videos\" title=\"2. Id\u00e9es de vid\u00e9os YouTube\">2. Id\u00e9es de vid\u00e9os YouTube<\/a><\/li><li class='ez-toc-page-1 ez-toc-heading-level-3'><a class=\"ez-toc-link ez-toc-heading-14\" href=\"https:\/\/textospeech.net\/fr\/programme-daffiliation-texttospeech\/#3_TikTok_Shorts_ideas\" title=\"3. Id\u00e9es de courts m\u00e9trages TikTok\">3. Id\u00e9es de courts m\u00e9trages TikTok<\/a><\/li><li class='ez-toc-page-1 ez-toc-heading-level-3'><a class=\"ez-toc-link ez-toc-heading-15\" href=\"https:\/\/textospeech.net\/fr\/programme-daffiliation-texttospeech\/#4_Facebook_Group\" title=\"4. Groupe Facebook\">4. Groupe Facebook<\/a><\/li><li class='ez-toc-page-1 ez-toc-heading-level-3'><a class=\"ez-toc-link ez-toc-heading-16\" href=\"https:\/\/textospeech.net\/fr\/programme-daffiliation-texttospeech\/#5_Respond_To_A_Query_On_Quora\" title=\"5. R\u00e9pondez \u00e0 une requ\u00eate sur Quora\">5. R\u00e9pondez \u00e0 une requ\u00eate sur Quora<\/a><\/li><li class='ez-toc-page-1 ez-toc-heading-level-3'><a class=\"ez-toc-link ez-toc-heading-17\" href=\"https:\/\/textospeech.net\/fr\/programme-daffiliation-texttospeech\/#6_Instagram_Reels_ideas\" title=\"6. Id\u00e9es de bobines Instagram\">6. Id\u00e9es de bobines Instagram<\/a><\/li><li class='ez-toc-page-1 ez-toc-heading-level-3'><a class=\"ez-toc-link ez-toc-heading-18\" href=\"https:\/\/textospeech.net\/fr\/programme-daffiliation-texttospeech\/#7_Pinterest\" title=\"7.Pinterest\">7.Pinterest<\/a><\/li><li class='ez-toc-page-1 ez-toc-heading-level-3'><a class=\"ez-toc-link ez-toc-heading-19\" href=\"https:\/\/textospeech.net\/fr\/programme-daffiliation-texttospeech\/#8_Twitter\" title=\"8. Twitter\">8. Twitter<\/a><\/li><\/ul><\/li><li class='ez-toc-page-1 ez-toc-heading-level-2'><a class=\"ez-toc-link ez-toc-heading-20\" href=\"https:\/\/textospeech.net\/fr\/programme-daffiliation-texttospeech\/#Contact_Us\" title=\"Contactez-nous\">Contactez-nous<\/a><\/li><\/ul><\/nav><\/div>\n<h2 class=\"wp-block-heading\"><span class=\"ez-toc-section\" id=\"Why_Promote_Textospeechnet\"><\/span><strong>Pourquoi promouvoir Textospeech.net<\/strong><span class=\"ez-toc-section-end\"><\/span><\/h2>\n\n\n\n<p>Textospeech.net est le premier service de voix off actuellement propos\u00e9 sur le march\u00e9. Plus de 500 voix g\u00e9n\u00e9r\u00e9es par l&#039;IA dans plus de 140 langues sont prises en charge. Textospeech.net offre un bonus de parrainage 50% pour toutes les ventes r\u00e9alis\u00e9es apr\u00e8s avoir parrain\u00e9 un ami sur le site Web.<\/p>\n\n\n\n<div class=\"wp-block-buttons is-layout-flex wp-block-buttons-is-layout-flex\"><\/div>\n<\/div>\n\n\n\n<div class=\"wp-block-column is-layout-flow wp-block-column-is-layout-flow\"><\/div>\n<\/div>\n<\/div><\/div>\n<\/div>\n<\/div>\n\n\n\n<h2 class=\"wp-block-heading has-text-align-center\"><span class=\"ez-toc-section\" id=\"Multiple_Plan\"><\/span><strong>Forfait multiple<\/strong><span class=\"ez-toc-section-end\"><\/span><\/h2>\n\n\n<div class=\"is-style-basic wp-block-bptb-pricing-table\" id='bptbPricingTables-1' data-attributes='{&quot;cId&quot;:&quot;40aaa6d5-6&quot;,&quot;pricingTables&quot;:[{&quot;name&quot;:&quot;&lt;strong&gt;Quarterly&lt;\\\/strong&gt;&quot;,&quot;price&quot;:&quot;19&quot;,&quot;priceCurrency&quot;:&quot;$&quot;,&quot;period&quot;:&quot;Month&quot;,&quot;link&quot;:&quot;https:\\\/\\\/textospeech.net\\\/pricing\\\/&quot;,&quot;linkLabel&quot;:&quot;Enroll Now&quot;,&quot;color&quot;:&quot;#f00025&quot;,&quot;features&quot;:[{&quot;isEnable&quot;:true,&quot;label&quot;:&quot;Unlimited Voiceovers&quot;},{&quot;isEnable&quot;:true,&quot;label&quot;:&quot;140 Languages&quot;},{&quot;isEnable&quot;:true,&quot;label&quot;:&quot;300+ Voices&quot;},{&quot;isEnable&quot;:true,&quot;label&quot;:&quot;Unlimited Projects&quot;},{&quot;isEnable&quot;:true,&quot;label&quot;:&quot;Upto 12k Characters Per Clip&quot;},{&quot;isEnable&quot;:&quot;#&quot;,&quot;label&quot;:&quot;Advanced Editor&quot;},{&quot;isEnable&quot;:&quot;#&quot;,&quot;label&quot;:&quot;Commercial License&quot;}]},{&quot;name&quot;:&quot;&lt;strong&gt;Annual Plan&lt;\\\/strong&gt;&quot;,&quot;price&quot;:&quot;60&quot;,&quot;priceCurrency&quot;:&quot;$&quot;,&quot;period&quot;:&quot;Month&quot;,&quot;link&quot;:&quot;https:\\\/\\\/textospeech.net\\\/pricing\\\/&quot;,&quot;linkLabel&quot;:&quot;Enroll Now&quot;,&quot;color&quot;:&quot;#001645&quot;,&quot;features&quot;:[{&quot;isEnable&quot;:true,&quot;label&quot;:&quot;Unlimited Voiceovers&quot;},{&quot;isEnable&quot;:true,&quot;label&quot;:&quot;140 Languages&quot;},{&quot;isEnable&quot;:true,&quot;label&quot;:&quot;300+ Voices&quot;},{&quot;isEnable&quot;:true,&quot;label&quot;:&quot;Unlimited Projects&quot;},{&quot;isEnable&quot;:true,&quot;label&quot;:&quot;Upto 12k Characters Per Clip&quot;},{&quot;isEnable&quot;:&quot;#&quot;,&quot;label&quot;:&quot;Advanced Editor&quot;},{&quot;isEnable&quot;:&quot;#&quot;,&quot;label&quot;:&quot;Commercial License&quot;}]},{&quot;name&quot;:&quot;&lt;strong&gt;Lifetime Deal&lt;\\\/strong&gt;&quot;,&quot;price&quot;:&quot;134&quot;,&quot;priceCurrency&quot;:&quot;$&quot;,&quot;period&quot;:&quot;Month&quot;,&quot;link&quot;:&quot;https:\\\/\\\/textospeech.net\\\/pricing\\\/&quot;,&quot;linkLabel&quot;:&quot;Enroll Now&quot;,&quot;color&quot;:&quot;#01944e&quot;,&quot;features&quot;:[{&quot;isEnable&quot;:true,&quot;label&quot;:&quot;1 Million Characters\\\/month&quot;},{&quot;isEnable&quot;:true,&quot;label&quot;:&quot;140 Languages&quot;},{&quot;isEnable&quot;:true,&quot;label&quot;:&quot;300+ Voices&quot;},{&quot;isEnable&quot;:true,&quot;label&quot;:&quot;Unlimited Projects&quot;},{&quot;isEnable&quot;:true,&quot;label&quot;:&quot;Upto 12k Characters Per Clip&quot;},{&quot;isEnable&quot;:&quot;#&quot;,&quot;label&quot;:&quot;Advanced Editor&quot;},{&quot;isEnable&quot;:&quot;#&quot;,&quot;label&quot;:&quot;Commercial License&quot;}]}],&quot;textAlign&quot;:&quot;left&quot;,&quot;shadow&quot;:{&quot;blur&quot;:&quot;30px&quot;,&quot;color&quot;:&quot;#6e8faf4d&quot;,&quot;isInset&quot;:true},&quot;align&quot;:&quot;&quot;,&quot;columns&quot;:{&quot;desktop&quot;:3,&quot;tablet&quot;:2,&quot;mobile&quot;:1},&quot;columnGap&quot;:&quot;20px&quot;,&quot;rowGap&quot;:&quot;30px&quot;,&quot;padding&quot;:{&quot;vertical&quot;:&quot;35px&quot;,&quot;horizontal&quot;:&quot;25px&quot;}}'><\/div>\n\n\n<h2 class=\"wp-block-heading\"><span class=\"ez-toc-section\" id=\"Three_Easy_Steps_To_Login_Create_A_New_Source_Of_Income\"><\/span><strong>Trois \u00e9tapes faciles pour vous connecter et cr\u00e9er une nouvelle source de revenus<\/strong><span class=\"ez-toc-section-end\"><\/span><\/h2>\n\n\n\n<h3 class=\"wp-block-heading\"><span class=\"ez-toc-section\" id=\"1_Sign_Up\"><\/span><strong>1. Inscrivez-vous<\/strong><span class=\"ez-toc-section-end\"><\/span><\/h3>\n\n\n\n<p>Notre programme d&#039;affiliation Text to Speech est ouvert \u00e0 tous. Aucune vente suppl\u00e9mentaire n&#039;est n\u00e9cessaire\u00a0; inscrivez-vous simplement. Tout ce que vous devez faire pour devenir un affili\u00e9 textospeech.net \u00e0 succ\u00e8s est\u00a0:<\/p>\n\n\n\n<div class=\"wp-block-columns are-vertically-aligned-top has-background is-layout-flex wp-container-core-columns-is-layout-3 wp-block-columns-is-layout-flex\" style=\"background-color:#f5f0fe\">\n<div class=\"wp-block-column is-vertically-aligned-top is-layout-flow wp-block-column-is-layout-flow\">\n<h3 class=\"wp-block-heading\"><span class=\"ez-toc-section\" id=\"1_Open_Textospeech_Affiliate_Page\"><\/span><strong>1. Ouvrez la page d&#039;affiliation de Textospeech<\/strong><span class=\"ez-toc-section-end\"><\/span><\/h3>\n\n\n\n<p>Cliquez sur \u00ab\u00a0Obtenir votre lien d&#039;affiliation\u00a0\u00bb.<br><\/p>\n<\/div>\n\n\n\n<div class=\"wp-block-column is-vertically-aligned-top is-layout-flow wp-block-column-is-layout-flow\"><\/div>\n<\/div>\n\n\n\n<div class=\"wp-block-columns are-vertically-aligned-top has-background is-layout-flex wp-container-core-columns-is-layout-4 wp-block-columns-is-layout-flex\" style=\"background-color:#f5f0fe\">\n<div class=\"wp-block-column is-vertically-aligned-top is-layout-flow wp-block-column-is-layout-flow\">\n<h3 class=\"wp-block-heading\"><span class=\"ez-toc-section\" id=\"2_Login_or_Signup\"><\/span><strong>2. Connexion ou inscription<\/strong><span class=\"ez-toc-section-end\"><\/span><\/h3>\n\n\n\n<p>S\u00e9lectionnez maintenant l&#039;une des options propos\u00e9es \u00ab S&#039;inscrire et s&#039;inscrire \u00bb ou \u00ab Se connecter et s&#039;inscrire \u00bb.<\/p>\n<\/div>\n\n\n\n<div class=\"wp-block-column is-vertically-aligned-top is-layout-flow wp-block-column-is-layout-flow\"><\/div>\n<\/div>\n\n\n\n<div class=\"wp-block-columns are-vertically-aligned-top has-background is-layout-flex wp-container-core-columns-is-layout-5 wp-block-columns-is-layout-flex\" style=\"background-color:#f5f0fe\">\n<div class=\"wp-block-column is-vertically-aligned-top is-layout-flow wp-block-column-is-layout-flow\">\n<h3 class=\"wp-block-heading\"><span class=\"ez-toc-section\" id=\"3_Fill_Foam\"><\/span><strong>3. Remplissez de mousse<\/strong><span class=\"ez-toc-section-end\"><\/span><\/h3>\n\n\n\n<p>Choisissez \u00ab S&#039;inscrire et s&#039;inscrire \u00bb, remplissez le formulaire donn\u00e9 et cliquez sur \u00ab Cr\u00e9er mon compte \u00bb.<\/p>\n<\/div>\n\n\n\n<div class=\"wp-block-column is-vertically-aligned-top is-layout-flow wp-block-column-is-layout-flow\"><\/div>\n<\/div>\n\n\n\n<div class=\"wp-block-columns are-vertically-aligned-top has-background is-layout-flex wp-container-core-columns-is-layout-6 wp-block-columns-is-layout-flex\" style=\"background-color:#f5f0fe\">\n<div class=\"wp-block-column is-vertically-aligned-top is-layout-flow wp-block-column-is-layout-flow\">\n<h3 class=\"wp-block-heading\"><span class=\"ez-toc-section\" id=\"4_Login_to_Your_Account_If_you_already_have_an_Account\"><\/span><strong>4. Connectez-vous \u00e0 votre compte si vous avez d\u00e9j\u00e0 un compte<\/strong><span class=\"ez-toc-section-end\"><\/span><\/h3>\n\n\n\n<p>Si vous avez d\u00e9j\u00e0 cr\u00e9\u00e9 un compte, cliquez sur l&#039;option \u00ab Connexion et inscription \u00bb. Entrez ensuite votre e-mail et votre mot de passe et appuyez sur le bouton de connexion.<\/p>\n<\/div>\n\n\n\n<div class=\"wp-block-column is-vertically-aligned-top is-layout-flow wp-block-column-is-layout-flow\"><\/div>\n<\/div>\n\n\n\n<h3 class=\"wp-block-heading\"><span class=\"ez-toc-section\" id=\"2_Start_recommending\"><\/span><strong>2. Commencez \u00e0 recommander<\/strong><span class=\"ez-toc-section-end\"><\/span><\/h3>\n\n\n\n<p>Faites conna\u00eetre notre logiciel de synth\u00e8se vocale en utilisant les liens d&#039;affiliation uniques que nous fournissons dans vos articles de blog, vid\u00e9os YouTube, newsletters par courrier \u00e9lectronique, banni\u00e8res publicitaires et autres contenus num\u00e9riques pour commencer \u00e0 percevoir des commissions r\u00e9currentes.<\/p>\n\n\n\n<h3 class=\"wp-block-heading\"><span class=\"ez-toc-section\" id=\"3_Get_rewarded\"><\/span><strong>3. Soyez r\u00e9compens\u00e9<\/strong><span class=\"ez-toc-section-end\"><\/span><\/h3>\n\n\n\n<p>Recevez une commission 50% pour chaque personne qui utilise votre lien d&#039;affiliation pour rejoindre un forfait textospeech.net payant.<\/p>\n\n\n\n<h2 class=\"wp-block-heading\"><span class=\"ez-toc-section\" id=\"Steps_For_Promoting_Textospeechnet\"><\/span><strong>\u00c9tapes pour promouvoir Textospeech.net<\/strong><span class=\"ez-toc-section-end\"><\/span><\/h2>\n\n\n\n<p>Le marketing par e-mail est la m\u00e9thode la plus efficace de promotion de textospeech.net. Vous pouvez \u00eatre pay\u00e9 pour chaque personne qui s&#039;inscrit en utilisant votre lien d&#039;affiliation. Par cons\u00e9quent, commencez \u00e0 commercialiser le texte-parole pour gagner de l\u2019argent. Vous pouvez utiliser ces m\u00e9thodes gratuites si vous n&#039;avez pas de liste. Ces types d\u2019articles de blog constituent le moyen le plus efficace de faire la publicit\u00e9 de textospeech.net.<\/p>\n\n\n\n<div class=\"wp-block-columns are-vertically-aligned-top has-background is-layout-flex wp-container-core-columns-is-layout-7 wp-block-columns-is-layout-flex\" style=\"background-color:#f5f0fe\">\n<div class=\"wp-block-column is-vertically-aligned-top is-layout-flow wp-block-column-is-layout-flow\">\n<h3 class=\"wp-block-heading\"><span class=\"ez-toc-section\" id=\"1_Blog_Post\"><\/span><strong>1. Article de blog<\/strong><span class=\"ez-toc-section-end\"><\/span><\/h3>\n\n\n\n<ul class=\"wp-block-list\">\n<li>Examen de Textospeech.net<\/li>\n\n\n\n<li>Textospeech.net contre _____<\/li>\n\n\n\n<li>Comparez Textospeech.net avec un service diff\u00e9rent<\/li>\n\n\n\n<li>Cr\u00e9er des livres audio<\/li>\n<\/ul>\n<\/div>\n\n\n\n<div class=\"wp-block-column is-vertically-aligned-top is-layout-flow wp-block-column-is-layout-flow\"><\/div>\n<\/div>\n\n\n\n<div class=\"wp-block-columns has-background is-layout-flex wp-container-core-columns-is-layout-8 wp-block-columns-is-layout-flex\" style=\"background-color:#f5f0fe\">\n<div class=\"wp-block-column is-layout-flow wp-block-column-is-layout-flow\">\n<h3 class=\"wp-block-heading\"><span class=\"ez-toc-section\" id=\"2_Ideas_for_YouTube_Videos\"><\/span><strong>2. Id\u00e9es de vid\u00e9os YouTube<\/strong><span class=\"ez-toc-section-end\"><\/span><\/h3>\n\n\n\n<p>Vous pouvez cr\u00e9er des vid\u00e9os pour les sp\u00e9cialistes du marketing en ligne et inclure une mention de Textospeech ou vous pouvez cr\u00e9er des voix off pour les vid\u00e9os YouTube et ajouter le lien d&#039;affiliation Textospeech dans la description. Faire des vid\u00e9os qui contrastent textospeech.net avec une alternative est une autre fa\u00e7on de promouvoir textospeech.net.<\/p>\n<\/div>\n\n\n\n<div class=\"wp-block-column is-layout-flow wp-block-column-is-layout-flow\"><\/div>\n<\/div>\n\n\n\n<div class=\"wp-block-columns has-background is-layout-flex wp-container-core-columns-is-layout-9 wp-block-columns-is-layout-flex\" style=\"background-color:#f5f0fe\">\n<div class=\"wp-block-column is-layout-flow wp-block-column-is-layout-flow\">\n<h3 class=\"wp-block-heading\"><span class=\"ez-toc-section\" id=\"3_TikTok_Shorts_ideas\"><\/span><strong>3. Id\u00e9es de courts m\u00e9trages TikTok<\/strong><span class=\"ez-toc-section-end\"><\/span><\/h3>\n\n\n\n<p>Vous pouvez cr\u00e9er et partager des vid\u00e9os sur TikTok et inclure un lien de parrainage dans la description de la vid\u00e9o ou dans votre biographie pour faire la publicit\u00e9 de TextoSpeech.<\/p>\n<\/div>\n\n\n\n<div class=\"wp-block-column is-layout-flow wp-block-column-is-layout-flow\"><\/div>\n<\/div>\n\n\n\n<div class=\"wp-block-columns has-background is-layout-flex wp-container-core-columns-is-layout-10 wp-block-columns-is-layout-flex\" style=\"background-color:#f5f0fe\">\n<div class=\"wp-block-column is-layout-flow wp-block-column-is-layout-flow\">\n<h3 class=\"wp-block-heading\"><span class=\"ez-toc-section\" id=\"4_Facebook_Group\"><\/span><strong>4. Groupe Facebook<\/strong><span class=\"ez-toc-section-end\"><\/span><\/h3>\n\n\n\n<p>Rejoignez des groupes Facebook o\u00f9 se rassemblent les r\u00e9dacteurs et les sp\u00e9cialistes du marketing de vid\u00e9os. Cr\u00e9ez une vid\u00e9o utile en utilisant la voix off TextoSpeech. Partagez une vid\u00e9o avec le groupe en mentionnant les services de voix off TextoSpeech.<\/p>\n<\/div>\n\n\n\n<div class=\"wp-block-column is-layout-flow wp-block-column-is-layout-flow\"><\/div>\n<\/div>\n\n\n\n<div class=\"wp-block-columns has-background is-layout-flex wp-container-core-columns-is-layout-11 wp-block-columns-is-layout-flex\" style=\"background-color:#f5f0fe\">\n<div class=\"wp-block-column is-layout-flow wp-block-column-is-layout-flow\">\n<h3 class=\"wp-block-heading\"><span class=\"ez-toc-section\" id=\"5_Respond_To_A_Query_On_Quora\"><\/span><strong>5. R\u00e9pondez \u00e0 une requ\u00eate sur Quora<\/strong><span class=\"ez-toc-section-end\"><\/span><\/h3>\n\n\n\n<p>Il existe de nombreuses requ\u00eates sur Quora concernant la synth\u00e8se vocale. Vous pouvez faire de la publicit\u00e9 pour TextoSpeech.net en r\u00e9pondant \u00e0 ces requ\u00eates.<\/p>\n<\/div>\n\n\n\n<div class=\"wp-block-column is-layout-flow wp-block-column-is-layout-flow\"><\/div>\n<\/div>\n\n\n\n<div class=\"wp-block-columns has-background is-layout-flex wp-container-core-columns-is-layout-12 wp-block-columns-is-layout-flex\" style=\"background-color:#f5f0fe\">\n<div class=\"wp-block-column is-layout-flow wp-block-column-is-layout-flow\">\n<h3 class=\"wp-block-heading\"><span class=\"ez-toc-section\" id=\"6_Instagram_Reels_ideas\"><\/span><strong>6. Id\u00e9es de bobines Instagram<\/strong><span class=\"ez-toc-section-end\"><\/span><\/h3>\n\n\n\n<p>Instagram est \u00e9galement un autre moyen de cr\u00e9er des vid\u00e9os utiles en utilisant la voix off de TextoSpeech.net. Ensuite, vous pouvez t\u00e9l\u00e9charger la vid\u00e9o et ins\u00e9rer le lien d&#039;affiliation dans la description.<\/p>\n\n\n\n<p>Tu peux faire:<\/p>\n\n\n\n<ul class=\"wp-block-list\">\n<li>Examen de Textospeech.net<\/li>\n\n\n\n<li>Textospeech.net contre _____<\/li>\n\n\n\n<li>Cr\u00e9ez des vid\u00e9os pour les sp\u00e9cialistes du marketing en ligne et incluez une mention de textospeech.<\/li>\n<\/ul>\n<\/div>\n\n\n\n<div class=\"wp-block-column is-layout-flow wp-block-column-is-layout-flow\"><\/div>\n<\/div>\n\n\n\n<div class=\"wp-block-columns has-background is-layout-flex wp-container-core-columns-is-layout-13 wp-block-columns-is-layout-flex\" style=\"background-color:#f5f0fe\">\n<div class=\"wp-block-column is-layout-flow wp-block-column-is-layout-flow\">\n<h3 class=\"wp-block-heading\"><span class=\"ez-toc-section\" id=\"7_Pinterest\"><\/span><strong>7.Pinterest<\/strong><span class=\"ez-toc-section-end\"><\/span><\/h3>\n\n\n\n<p>La meilleure fa\u00e7on d\u2019utiliser les liens d\u2019affiliation sur Pinterest est la suivante :<\/p>\n\n\n\n<ul class=\"wp-block-list\">\n<li>Publier des critiques et des descriptions de textospeech<\/li>\n\n\n\n<li>Publiez des vid\u00e9os avec une voix off pour la promotion<\/li>\n<\/ul>\n<\/div>\n\n\n\n<div class=\"wp-block-column is-layout-flow wp-block-column-is-layout-flow\"><\/div>\n<\/div>\n\n\n\n<div class=\"wp-block-columns has-background is-layout-flex wp-container-core-columns-is-layout-14 wp-block-columns-is-layout-flex\" style=\"background-color:#f5f0fe\">\n<div class=\"wp-block-column is-layout-flow wp-block-column-is-layout-flow\">\n<h3 class=\"wp-block-heading\"><span class=\"ez-toc-section\" id=\"8_Twitter\"><\/span><strong>8. Twitter<\/strong><span class=\"ez-toc-section-end\"><\/span><\/h3>\n\n\n\n<p>Pour vos besoins d\u2019affiliation, Twitter est une plateforme g\u00e9n\u00e9reuse en trafic gratuit. Vous pouvez promouvoir textospeech.net sur Twitter et devenir affili\u00e9 pour gagner de l&#039;argent.<\/p>\n<\/div>\n\n\n\n<div class=\"wp-block-column is-layout-flow wp-block-column-is-layout-flow\"><\/div>\n<\/div>\n\n\n\n<h2 class=\"wp-block-heading\"><span class=\"ez-toc-section\" id=\"Contact_Us\"><\/span><strong>Contactez-nous<\/strong><span class=\"ez-toc-section-end\"><\/span><\/h2>\n\n\n\n<p>Si vous avez besoin d&#039;aide, vous pouvez <strong>Contactez-nous<\/strong>.<\/p>","protected":false},"excerpt":{"rendered":"","protected":false},"author":1,"featured_media":0,"parent":0,"menu_order":0,"comment_status":"closed","ping_status":"closed","template":"","meta":{"footnotes":""},"class_list":["post-24","page","type-page","status-publish"],"_links":{"self":[{"href":"https:\/\/textospeech.net\/fr\/wp-json\/wp\/v2\/pages\/24"}],"collection":[{"href":"https:\/\/textospeech.net\/fr\/wp-json\/wp\/v2\/pages"}],"about":[{"href":"https:\/\/textospeech.net\/fr\/wp-json\/wp\/v2\/types\/page"}],"author":[{"embeddable":true,"href":"https:\/\/textospeech.net\/fr\/wp-json\/wp\/v2\/users\/1"}],"replies":[{"embeddable":true,"href":"https:\/\/textospeech.net\/fr\/wp-json\/wp\/v2\/comments?post=24"}],"version-history":[{"count":70,"href":"https:\/\/textospeech.net\/fr\/wp-json\/wp\/v2\/pages\/24\/revisions"}],"predecessor-version":[{"id":1347,"href":"https:\/\/textospeech.net\/fr\/wp-json\/wp\/v2\/pages\/24\/revisions\/1347"}],"wp:attachment":[{"href":"https:\/\/textospeech.net\/fr\/wp-json\/wp\/v2\/media?parent=24"}],"curies":[{"name":"wp","href":"https:\/\/api.w.org\/{rel}","templated":true}]}}