{"id":345,"date":"2023-06-05T07:31:50","date_gmt":"2023-06-05T07:31:50","guid":{"rendered":"https:\/\/textospeech.net\/?page_id=345"},"modified":"2023-10-16T16:23:29","modified_gmt":"2023-10-16T10:53:29","slug":"terms-and-condition","status":"publish","type":"page","link":"https:\/\/textospeech.net\/es\/terminos-y-condiciones\/","title":{"rendered":"T\u00e9rminos y Condiciones"},"content":{"rendered":"<div id=\"ez-toc-container\" class=\"ez-toc-v2_0_69 counter-hierarchy ez-toc-counter ez-toc-grey ez-toc-container-direction\">\n<div class=\"ez-toc-title-container\">\n<p class=\"ez-toc-title\" >Table of Contents<\/p>\n<span class=\"ez-toc-title-toggle\"><a href=\"#\" class=\"ez-toc-pull-right ez-toc-btn ez-toc-btn-xs ez-toc-btn-default ez-toc-toggle\" aria-label=\"Alternar tabla de contenido\"><span class=\"ez-toc-js-icon-con\"><span class=\"\"><span class=\"eztoc-hide\" style=\"display:none;\">Palanca<\/span><span class=\"ez-toc-icon-toggle-span\"><svg style=\"fill: #999;color:#999\" xmlns=\"http:\/\/www.w3.org\/2000\/svg\" class=\"list-377408\" width=\"20px\" height=\"20px\" viewbox=\"0 0 24 24\" fill=\"none\"><path d=\"M6 6H4v2h2V6zm14 0H8v2h12V6zM4 11h2v2H4v-2zm16 0H8v2h12v-2zM4 16h2v2H4v-2zm16 0H8v2h12v-2z\" fill=\"currentColor\"><\/path><\/svg><svg style=\"fill: #999;color:#999\" class=\"arrow-unsorted-368013\" xmlns=\"http:\/\/www.w3.org\/2000\/svg\" width=\"10px\" height=\"10px\" viewbox=\"0 0 24 24\" version=\"1.2\" baseprofile=\"tiny\"><path d=\"M18.2 9.3l-6.2-6.3-6.2 6.3c-.2.2-.3.4-.3.7s.1.5.3.7c.2.2.4.3.7.3h11c.3 0 .5-.1.7-.3.2-.2.3-.5.3-.7s-.1-.5-.3-.7zM5.8 14.7l6.2 6.3 6.2-6.3c.2-.2.3-.5.3-.7s-.1-.5-.3-.7c-.2-.2-.4-.3-.7-.3h-11c-.3 0-.5.1-.7.3-.2.2-.3.5-.3.7s.1.5.3.7z\"\/><\/svg><\/span><\/span><\/span><\/a><\/span><\/div>\n<nav><ul class='ez-toc-list ez-toc-list-level-1' ><li class='ez-toc-page-1 ez-toc-heading-level-2'><a class=\"ez-toc-link ez-toc-heading-1\" href=\"https:\/\/textospeech.net\/es\/terminos-y-condiciones\/#Introduction\" title=\"Introducci\u00f3n\">Introducci\u00f3n<\/a><\/li><li class='ez-toc-page-1 ez-toc-heading-level-2'><a class=\"ez-toc-link ez-toc-heading-2\" href=\"https:\/\/textospeech.net\/es\/terminos-y-condiciones\/#Agreement_to_terms\" title=\"Acuerdo de t\u00e9rminos\">Acuerdo de t\u00e9rminos<\/a><ul class='ez-toc-list-level-3' ><li class='ez-toc-heading-level-3'><a class=\"ez-toc-link ez-toc-heading-3\" href=\"https:\/\/textospeech.net\/es\/terminos-y-condiciones\/#Use_of_Personal_Information\" title=\"Uso de informaci\u00f3n personal\">Uso de informaci\u00f3n personal<\/a><\/li><li class='ez-toc-page-1 ez-toc-heading-level-3'><a class=\"ez-toc-link ez-toc-heading-4\" href=\"https:\/\/textospeech.net\/es\/terminos-y-condiciones\/#Information_Collection\" title=\"Recopilaci\u00f3n de informaci\u00f3n\">Recopilaci\u00f3n de informaci\u00f3n<\/a><\/li><\/ul><\/li><li class='ez-toc-page-1 ez-toc-heading-level-2'><a class=\"ez-toc-link ez-toc-heading-5\" href=\"https:\/\/textospeech.net\/es\/terminos-y-condiciones\/#Refund_Policy\" title=\"Politica de reembolso\">Politica de reembolso<\/a><\/li><li class='ez-toc-page-1 ez-toc-heading-level-2'><a class=\"ez-toc-link ez-toc-heading-6\" href=\"https:\/\/textospeech.net\/es\/terminos-y-condiciones\/#User_Eligibility\" title=\"Elegibilidad del usuario\">Elegibilidad del usuario<\/a><\/li><li class='ez-toc-page-1 ez-toc-heading-level-2'><a class=\"ez-toc-link ez-toc-heading-7\" href=\"https:\/\/textospeech.net\/es\/terminos-y-condiciones\/#Security_of_your_Personal_Information\" title=\"Seguridad de su informaci\u00f3n personal\">Seguridad de su informaci\u00f3n personal<\/a><\/li><li class='ez-toc-page-1 ez-toc-heading-level-2'><a class=\"ez-toc-link ez-toc-heading-8\" href=\"https:\/\/textospeech.net\/es\/terminos-y-condiciones\/#Limitation_of_Liability\" title=\"Limitaci\u00f3n de responsabilidad\">Limitaci\u00f3n de responsabilidad<\/a><ul class='ez-toc-list-level-3' ><li class='ez-toc-heading-level-3'><a class=\"ez-toc-link ez-toc-heading-9\" href=\"https:\/\/textospeech.net\/es\/terminos-y-condiciones\/#Termination\" title=\"Terminaci\u00f3n\">Terminaci\u00f3n<\/a><\/li><li class='ez-toc-page-1 ez-toc-heading-level-3'><a class=\"ez-toc-link ez-toc-heading-10\" href=\"https:\/\/textospeech.net\/es\/terminos-y-condiciones\/#Copyright_Policy\" title=\"Pol\u00edtica de derechos de autor\">Pol\u00edtica de derechos de autor<\/a><\/li><\/ul><\/li><\/ul><\/nav><\/div>\n<h2 class=\"wp-block-heading\"><span class=\"ez-toc-section\" id=\"Introduction\"><\/span><strong>Introducci\u00f3n<\/strong><span class=\"ez-toc-section-end\"><\/span><\/h2>\n\n\n\n<p>Bienvenido al servicio de texto a voz (TTS) proporcionado por textospeech.net. Estos t\u00e9rminos y condiciones (\u201cT\u00e9rminos\u201d) especifican c\u00f3mo utilizar nuestro servicio TTS, ya sea que lo utilice a trav\u00e9s de nuestro sitio web, aplicaci\u00f3n u otras plataformas aprobadas. Estos t\u00e9rminos, que regulan su relaci\u00f3n con nosotros, se aceptan a cambio de utilizar nuestro servicio TTS. Es fundamental leer y comprender estos t\u00e9rminos antes de utilizar el servicio. No utilice nuestro servicio TTS si no est\u00e1 de acuerdo con estos t\u00e9rminos.<\/p>\n\n\n\n<h2 class=\"wp-block-heading\"><span class=\"ez-toc-section\" id=\"Agreement_to_terms\"><\/span><strong>Acuerdo de t\u00e9rminos<\/strong><span class=\"ez-toc-section-end\"><\/span><\/h2>\n\n\n\n<p>Tenga en cuenta que usted y textospeech.net han celebrado un contrato vinculante con estos t\u00e9rminos y condiciones. El uso de nuestros servicios TTS significa que reconoce que ha le\u00eddo, comprendido y aceptado estos t\u00e9rminos. No haga clic en &quot;Crear una cuenta&quot; ni utilice ninguno de nuestros servicios de ninguna otra manera si no est\u00e1 de acuerdo con estos t\u00e9rminos de servicio y condiciones. Puede cancelar este acuerdo de usuario en cualquier momento desactivando su cuenta y cesando todo acceso o uso de nuestros servicios.&nbsp;<\/p>\n\n\n\n<h3 class=\"wp-block-heading\"><span class=\"ez-toc-section\" id=\"Use_of_Personal_Information\"><\/span><strong>Uso de informaci\u00f3n personal<\/strong><span class=\"ez-toc-section-end\"><\/span><\/h3>\n\n\n\n<p>Los datos personales que recopilamos sirven para brindar y mejorar el servicio TTS, as\u00ed como para el servicio al cliente, la comunicaci\u00f3n y una experiencia de usuario personalizada. Nunca venderemos, alquilaremos ni cederemos su informaci\u00f3n personal a terceros sin su consentimiento expl\u00edcito.<\/p>\n\n\n\n<h3 class=\"wp-block-heading\"><span class=\"ez-toc-section\" id=\"Information_Collection\"><\/span><strong>Recopilaci\u00f3n de informaci\u00f3n<\/strong><span class=\"ez-toc-section-end\"><\/span><\/h3>\n\n\n\n<p>Cuando se registra o utiliza el servicio TTS, podemos solicitarle sus datos, incluido su nombre, direcci\u00f3n de correo electr\u00f3nico y otra informaci\u00f3n pertinente.&nbsp;<\/p>\n\n\n\n<h2 class=\"wp-block-heading\"><span class=\"ez-toc-section\" id=\"Refund_Policy\"><\/span><strong>Politica de reembolso<\/strong><span class=\"ez-toc-section-end\"><\/span><\/h2>\n\n\n\n<p>Trabajamos constantemente para brindar servicios TTS de alta calidad que est\u00e9n a la altura de sus est\u00e1ndares. Sin embargo, puede haber casos en los que necesite un reembolso por el servicio TTS que compr\u00f3. En esta situaci\u00f3n, tienes 60 d\u00edas para solicitar un reembolso. Lea nuestra pol\u00edtica de reembolso para obtener m\u00e1s informaci\u00f3n.<\/p>\n\n\n\n<h2 class=\"wp-block-heading\"><span class=\"ez-toc-section\" id=\"User_Eligibility\"><\/span><strong>Elegibilidad del usuario<\/strong><span class=\"ez-toc-section-end\"><\/span><\/h2>\n\n\n\n<p>Para utilizar el servicio es necesario tener al menos 18 a\u00f1os. Usted certifica que tiene al menos 18 a\u00f1os si acepta estos t\u00e9rminos. Adem\u00e1s, nunca le han suspendido ni eliminado su cuenta de los servicios, y ha cumplido con todas las normas y leyes al registrarse y utilizar los servicios.<\/p>\n\n\n\n<h2 class=\"wp-block-heading\"><span class=\"ez-toc-section\" id=\"Security_of_your_Personal_Information\"><\/span><strong>Seguridad de su informaci\u00f3n personal<\/strong><span class=\"ez-toc-section-end\"><\/span><\/h2>\n\n\n\n<p>En textospeech.net nos tomamos en serio la protecci\u00f3n de la seguridad y privacidad de su informaci\u00f3n personal. Cuando utiliza nuestro servicio de texto a voz (TTS), nos comprometemos a proteger sus datos. Usted comprende y acepta la recopilaci\u00f3n, el almacenamiento y el procesamiento de su informaci\u00f3n personal mediante el uso de nuestro servicio TTS.<\/p>\n\n\n\n<h2 class=\"wp-block-heading\"><span class=\"ez-toc-section\" id=\"Limitation_of_Liability\"><\/span><strong>Limitaci\u00f3n de responsabilidad<\/strong><span class=\"ez-toc-section-end\"><\/span><\/h2>\n\n\n\n<p>En la m\u00e1xima medida permitida por la ley, textospeech.net, incluidos sus afiliados, no ser\u00e1 responsable en relaci\u00f3n con este acuerdo de usuario por ning\u00fan da\u00f1o indirecto, incidental, consecuente, especial o punitivo; p\u00e9rdida de beneficios u oportunidades de negocio; da\u00f1o a la reputaci\u00f3n; p\u00e9rdida de datos o pol\u00edticas de terceros; o cualquier da\u00f1o indirecto, incidental, consecuente, especial o punitivo. Solo seremos responsables de p\u00e9rdidas incidentales o consecuentes en la medida permitida por la ley aplicable en cualquier provincia, estado u otra jurisdicci\u00f3n donde no se permita dicha exclusi\u00f3n o limitaci\u00f3n.&nbsp;<\/p>\n\n\n\n<h3 class=\"wp-block-heading\"><span class=\"ez-toc-section\" id=\"Termination\"><\/span><strong>Terminaci\u00f3n<\/strong><span class=\"ez-toc-section-end\"><\/span><\/h3>\n\n\n\n<p>Si viola estos t\u00e9rminos de alguna manera, perder\u00e1 inmediatamente el acceso al servicio. Adem\u00e1s, Textospeech.net tiene el derecho de suspender o cancelar su uso del servicio sin incurrir en ninguna responsabilidad hacia usted. Si Textospeech o su acceso a \u00e9l finaliza, sus deudas o pasivos acumulados hasta ese momento siguen siendo su responsabilidad.<\/p>\n\n\n\n<h3 class=\"wp-block-heading\"><span class=\"ez-toc-section\" id=\"Copyright_Policy\"><\/span><strong>Pol\u00edtica de derechos de autor<\/strong><span class=\"ez-toc-section-end\"><\/span><\/h3>\n\n\n\n<p><strong>Textospeech.net<\/strong> ha establecido procedimientos para recibir notificaciones por escrito de supuestas violaciones de la Ley de Derechos de Autor. Adem\u00e1s, hemos designado a una persona para recibir notificaciones de supuestas violaciones de derechos de autor. Puede enviar una comunicaci\u00f3n escrita si realmente cree que se han violado sus derechos de autor.<\/p>","protected":false},"excerpt":{"rendered":"","protected":false},"author":1,"featured_media":0,"parent":0,"menu_order":0,"comment_status":"closed","ping_status":"closed","template":"","meta":{"footnotes":""},"class_list":["post-345","page","type-page","status-publish"],"_links":{"self":[{"href":"https:\/\/textospeech.net\/es\/wp-json\/wp\/v2\/pages\/345"}],"collection":[{"href":"https:\/\/textospeech.net\/es\/wp-json\/wp\/v2\/pages"}],"about":[{"href":"https:\/\/textospeech.net\/es\/wp-json\/wp\/v2\/types\/page"}],"author":[{"embeddable":true,"href":"https:\/\/textospeech.net\/es\/wp-json\/wp\/v2\/users\/1"}],"replies":[{"embeddable":true,"href":"https:\/\/textospeech.net\/es\/wp-json\/wp\/v2\/comments?post=345"}],"version-history":[{"count":3,"href":"https:\/\/textospeech.net\/es\/wp-json\/wp\/v2\/pages\/345\/revisions"}],"predecessor-version":[{"id":793,"href":"https:\/\/textospeech.net\/es\/wp-json\/wp\/v2\/pages\/345\/revisions\/793"}],"wp:attachment":[{"href":"https:\/\/textospeech.net\/es\/wp-json\/wp\/v2\/media?parent=345"}],"curies":[{"name":"wp","href":"https:\/\/api.w.org\/{rel}","templated":true}]}}