{"id":24,"date":"2023-05-11T11:58:08","date_gmt":"2023-05-11T11:58:08","guid":{"rendered":"https:\/\/textospeech.net\/?page_id=24"},"modified":"2023-11-07T17:24:27","modified_gmt":"2023-11-07T11:54:27","slug":"texttospeech-affiliate-program","status":"publish","type":"page","link":"https:\/\/textospeech.net\/es\/programa-de-afiliados-de-texto-a-voz\/","title":{"rendered":"\u00a1Convi\u00e9rtase en afiliado para ganar dinero!"},"content":{"rendered":"<div class=\"wp-block-columns has-background is-layout-flex wp-container-core-columns-is-layout-2 wp-block-columns-is-layout-flex\" style=\"background-color:#ffe7eb\">\n<div class=\"wp-block-column is-layout-flow wp-block-column-is-layout-flow\" style=\"flex-basis:100%\">\n<div class=\"wp-block-group\"><div class=\"wp-block-group__inner-container is-layout-constrained wp-block-group-is-layout-constrained\">\n<div class=\"wp-block-columns is-not-stacked-on-mobile has-small-font-size is-layout-flex wp-container-core-columns-is-layout-1 wp-block-columns-is-layout-flex\">\n<div class=\"wp-block-column is-layout-flow wp-block-column-is-layout-flow\">\n<div id=\"ez-toc-container\" class=\"ez-toc-v2_0_69 counter-hierarchy ez-toc-counter ez-toc-grey ez-toc-container-direction\">\n<div class=\"ez-toc-title-container\">\n<p class=\"ez-toc-title\" >Table of Contents<\/p>\n<span class=\"ez-toc-title-toggle\"><a href=\"#\" class=\"ez-toc-pull-right ez-toc-btn ez-toc-btn-xs ez-toc-btn-default ez-toc-toggle\" aria-label=\"Alternar tabla de contenido\"><span class=\"ez-toc-js-icon-con\"><span class=\"\"><span class=\"eztoc-hide\" style=\"display:none;\">Palanca<\/span><span class=\"ez-toc-icon-toggle-span\"><svg style=\"fill: #999;color:#999\" xmlns=\"http:\/\/www.w3.org\/2000\/svg\" class=\"list-377408\" width=\"20px\" height=\"20px\" viewbox=\"0 0 24 24\" fill=\"none\"><path d=\"M6 6H4v2h2V6zm14 0H8v2h12V6zM4 11h2v2H4v-2zm16 0H8v2h12v-2zM4 16h2v2H4v-2zm16 0H8v2h12v-2z\" fill=\"currentColor\"><\/path><\/svg><svg style=\"fill: #999;color:#999\" class=\"arrow-unsorted-368013\" xmlns=\"http:\/\/www.w3.org\/2000\/svg\" width=\"10px\" height=\"10px\" viewbox=\"0 0 24 24\" version=\"1.2\" baseprofile=\"tiny\"><path d=\"M18.2 9.3l-6.2-6.3-6.2 6.3c-.2.2-.3.4-.3.7s.1.5.3.7c.2.2.4.3.7.3h11c.3 0 .5-.1.7-.3.2-.2.3-.5.3-.7s-.1-.5-.3-.7zM5.8 14.7l6.2 6.3 6.2-6.3c.2-.2.3-.5.3-.7s-.1-.5-.3-.7c-.2-.2-.4-.3-.7-.3h-11c-.3 0-.5.1-.7.3-.2.2-.3.5-.3.7s.1.5.3.7z\"\/><\/svg><\/span><\/span><\/span><\/a><\/span><\/div>\n<nav><ul class='ez-toc-list ez-toc-list-level-1' ><li class='ez-toc-page-1 ez-toc-heading-level-2'><a class=\"ez-toc-link ez-toc-heading-1\" href=\"https:\/\/textospeech.net\/es\/programa-de-afiliados-de-texto-a-voz\/#Why_Promote_Textospeechnet\" title=\"Por qu\u00e9 promocionar Textospeech.net\">Por qu\u00e9 promocionar Textospeech.net<\/a><\/li><li class='ez-toc-page-1 ez-toc-heading-level-2'><a class=\"ez-toc-link ez-toc-heading-2\" href=\"https:\/\/textospeech.net\/es\/programa-de-afiliados-de-texto-a-voz\/#Multiple_Plan\" title=\"Plan m\u00faltiple\">Plan m\u00faltiple<\/a><\/li><li class='ez-toc-page-1 ez-toc-heading-level-2'><a class=\"ez-toc-link ez-toc-heading-3\" href=\"https:\/\/textospeech.net\/es\/programa-de-afiliados-de-texto-a-voz\/#Three_Easy_Steps_To_Login_Create_A_New_Source_Of_Income\" title=\"Tres sencillos pasos para iniciar sesi\u00f3n y crear una nueva fuente de ingresos\">Tres sencillos pasos para iniciar sesi\u00f3n y crear una nueva fuente de ingresos<\/a><ul class='ez-toc-list-level-3' ><li class='ez-toc-heading-level-3'><a class=\"ez-toc-link ez-toc-heading-4\" href=\"https:\/\/textospeech.net\/es\/programa-de-afiliados-de-texto-a-voz\/#1_Sign_Up\" title=\"1. Reg\u00edstrate\">1. Reg\u00edstrate<\/a><\/li><li class='ez-toc-page-1 ez-toc-heading-level-3'><a class=\"ez-toc-link ez-toc-heading-5\" href=\"https:\/\/textospeech.net\/es\/programa-de-afiliados-de-texto-a-voz\/#1_Open_Textospeech_Affiliate_Page\" title=\"1. Abra la p\u00e1gina de afiliados de Textospeech\">1. Abra la p\u00e1gina de afiliados de Textospeech<\/a><\/li><li class='ez-toc-page-1 ez-toc-heading-level-3'><a class=\"ez-toc-link ez-toc-heading-6\" href=\"https:\/\/textospeech.net\/es\/programa-de-afiliados-de-texto-a-voz\/#2_Login_or_Signup\" title=\"2. Inicia sesi\u00f3n o reg\u00edstrate\">2. Inicia sesi\u00f3n o reg\u00edstrate<\/a><\/li><li class='ez-toc-page-1 ez-toc-heading-level-3'><a class=\"ez-toc-link ez-toc-heading-7\" href=\"https:\/\/textospeech.net\/es\/programa-de-afiliados-de-texto-a-voz\/#3_Fill_Foam\" title=\"3. Rellenar espuma\">3. Rellenar espuma<\/a><\/li><li class='ez-toc-page-1 ez-toc-heading-level-3'><a class=\"ez-toc-link ez-toc-heading-8\" href=\"https:\/\/textospeech.net\/es\/programa-de-afiliados-de-texto-a-voz\/#4_Login_to_Your_Account_If_you_already_have_an_Account\" title=\"4. Inicie sesi\u00f3n en su cuenta si ya tiene una cuenta\">4. Inicie sesi\u00f3n en su cuenta si ya tiene una cuenta<\/a><\/li><li class='ez-toc-page-1 ez-toc-heading-level-3'><a class=\"ez-toc-link ez-toc-heading-9\" href=\"https:\/\/textospeech.net\/es\/programa-de-afiliados-de-texto-a-voz\/#2_Start_recommending\" title=\"2. Empiece a recomendar\">2. Empiece a recomendar<\/a><\/li><li class='ez-toc-page-1 ez-toc-heading-level-3'><a class=\"ez-toc-link ez-toc-heading-10\" href=\"https:\/\/textospeech.net\/es\/programa-de-afiliados-de-texto-a-voz\/#3_Get_rewarded\" title=\"3. Obt\u00e9n recompensas\">3. Obt\u00e9n recompensas<\/a><\/li><\/ul><\/li><li class='ez-toc-page-1 ez-toc-heading-level-2'><a class=\"ez-toc-link ez-toc-heading-11\" href=\"https:\/\/textospeech.net\/es\/programa-de-afiliados-de-texto-a-voz\/#Steps_For_Promoting_Textospeechnet\" title=\"Pasos para promocionar Textospeech.net\">Pasos para promocionar Textospeech.net<\/a><ul class='ez-toc-list-level-3' ><li class='ez-toc-heading-level-3'><a class=\"ez-toc-link ez-toc-heading-12\" href=\"https:\/\/textospeech.net\/es\/programa-de-afiliados-de-texto-a-voz\/#1_Blog_Post\" title=\"1. Publicaci\u00f3n de blog\">1. Publicaci\u00f3n de blog<\/a><\/li><li class='ez-toc-page-1 ez-toc-heading-level-3'><a class=\"ez-toc-link ez-toc-heading-13\" href=\"https:\/\/textospeech.net\/es\/programa-de-afiliados-de-texto-a-voz\/#2_Ideas_for_YouTube_Videos\" title=\"2. Ideas para v\u00eddeos de YouTube\">2. Ideas para v\u00eddeos de YouTube<\/a><\/li><li class='ez-toc-page-1 ez-toc-heading-level-3'><a class=\"ez-toc-link ez-toc-heading-14\" href=\"https:\/\/textospeech.net\/es\/programa-de-afiliados-de-texto-a-voz\/#3_TikTok_Shorts_ideas\" title=\"3. Ideas de cortos de TikTok\">3. Ideas de cortos de TikTok<\/a><\/li><li class='ez-toc-page-1 ez-toc-heading-level-3'><a class=\"ez-toc-link ez-toc-heading-15\" href=\"https:\/\/textospeech.net\/es\/programa-de-afiliados-de-texto-a-voz\/#4_Facebook_Group\" title=\"4. Grupo de Facebook\">4. Grupo de Facebook<\/a><\/li><li class='ez-toc-page-1 ez-toc-heading-level-3'><a class=\"ez-toc-link ez-toc-heading-16\" href=\"https:\/\/textospeech.net\/es\/programa-de-afiliados-de-texto-a-voz\/#5_Respond_To_A_Query_On_Quora\" title=\"5. Responder a una consulta en Quora\">5. Responder a una consulta en Quora<\/a><\/li><li class='ez-toc-page-1 ez-toc-heading-level-3'><a class=\"ez-toc-link ez-toc-heading-17\" href=\"https:\/\/textospeech.net\/es\/programa-de-afiliados-de-texto-a-voz\/#6_Instagram_Reels_ideas\" title=\"6. Ideas de carretes de Instagram\">6. Ideas de carretes de Instagram<\/a><\/li><li class='ez-toc-page-1 ez-toc-heading-level-3'><a class=\"ez-toc-link ez-toc-heading-18\" href=\"https:\/\/textospeech.net\/es\/programa-de-afiliados-de-texto-a-voz\/#7_Pinterest\" title=\"7. Pinterest\">7. Pinterest<\/a><\/li><li class='ez-toc-page-1 ez-toc-heading-level-3'><a class=\"ez-toc-link ez-toc-heading-19\" href=\"https:\/\/textospeech.net\/es\/programa-de-afiliados-de-texto-a-voz\/#8_Twitter\" title=\"8. Gorjeo\">8. Gorjeo<\/a><\/li><\/ul><\/li><li class='ez-toc-page-1 ez-toc-heading-level-2'><a class=\"ez-toc-link ez-toc-heading-20\" href=\"https:\/\/textospeech.net\/es\/programa-de-afiliados-de-texto-a-voz\/#Contact_Us\" title=\"Cont\u00e1ctenos\">Cont\u00e1ctenos<\/a><\/li><\/ul><\/nav><\/div>\n<h2 class=\"wp-block-heading\"><span class=\"ez-toc-section\" id=\"Why_Promote_Textospeechnet\"><\/span><strong>Por qu\u00e9 promocionar Textospeech.net<\/strong><span class=\"ez-toc-section-end\"><\/span><\/h2>\n\n\n\n<p>Textospeech.net es el principal servicio de locuci\u00f3n que se ofrece actualmente en el mercado. Se admiten m\u00e1s de 500 voces generadas por IA en m\u00e1s de 140 idiomas. Textospeech.net ofrece un bono de referencia 50% para todas las ventas realizadas despu\u00e9s de recomendar a un amigo al sitio web.<\/p>\n\n\n\n<div class=\"wp-block-buttons is-layout-flex wp-block-buttons-is-layout-flex\"><\/div>\n<\/div>\n\n\n\n<div class=\"wp-block-column is-layout-flow wp-block-column-is-layout-flow\"><\/div>\n<\/div>\n<\/div><\/div>\n<\/div>\n<\/div>\n\n\n\n<h2 class=\"wp-block-heading has-text-align-center\"><span class=\"ez-toc-section\" id=\"Multiple_Plan\"><\/span><strong>Plan m\u00faltiple<\/strong><span class=\"ez-toc-section-end\"><\/span><\/h2>\n\n\n<div class=\"is-style-basic wp-block-bptb-pricing-table\" id='bptbPricingTables-1' data-attributes='{&quot;cId&quot;:&quot;40aaa6d5-6&quot;,&quot;pricingTables&quot;:[{&quot;name&quot;:&quot;&lt;strong&gt;Quarterly&lt;\\\/strong&gt;&quot;,&quot;price&quot;:&quot;19&quot;,&quot;priceCurrency&quot;:&quot;$&quot;,&quot;period&quot;:&quot;Month&quot;,&quot;link&quot;:&quot;https:\\\/\\\/textospeech.net\\\/pricing\\\/&quot;,&quot;linkLabel&quot;:&quot;Enroll Now&quot;,&quot;color&quot;:&quot;#f00025&quot;,&quot;features&quot;:[{&quot;isEnable&quot;:true,&quot;label&quot;:&quot;Unlimited Voiceovers&quot;},{&quot;isEnable&quot;:true,&quot;label&quot;:&quot;140 Languages&quot;},{&quot;isEnable&quot;:true,&quot;label&quot;:&quot;300+ Voices&quot;},{&quot;isEnable&quot;:true,&quot;label&quot;:&quot;Unlimited Projects&quot;},{&quot;isEnable&quot;:true,&quot;label&quot;:&quot;Upto 12k Characters Per Clip&quot;},{&quot;isEnable&quot;:&quot;#&quot;,&quot;label&quot;:&quot;Advanced Editor&quot;},{&quot;isEnable&quot;:&quot;#&quot;,&quot;label&quot;:&quot;Commercial License&quot;}]},{&quot;name&quot;:&quot;&lt;strong&gt;Annual Plan&lt;\\\/strong&gt;&quot;,&quot;price&quot;:&quot;60&quot;,&quot;priceCurrency&quot;:&quot;$&quot;,&quot;period&quot;:&quot;Month&quot;,&quot;link&quot;:&quot;https:\\\/\\\/textospeech.net\\\/pricing\\\/&quot;,&quot;linkLabel&quot;:&quot;Enroll Now&quot;,&quot;color&quot;:&quot;#001645&quot;,&quot;features&quot;:[{&quot;isEnable&quot;:true,&quot;label&quot;:&quot;Unlimited Voiceovers&quot;},{&quot;isEnable&quot;:true,&quot;label&quot;:&quot;140 Languages&quot;},{&quot;isEnable&quot;:true,&quot;label&quot;:&quot;300+ Voices&quot;},{&quot;isEnable&quot;:true,&quot;label&quot;:&quot;Unlimited Projects&quot;},{&quot;isEnable&quot;:true,&quot;label&quot;:&quot;Upto 12k Characters Per Clip&quot;},{&quot;isEnable&quot;:&quot;#&quot;,&quot;label&quot;:&quot;Advanced Editor&quot;},{&quot;isEnable&quot;:&quot;#&quot;,&quot;label&quot;:&quot;Commercial License&quot;}]},{&quot;name&quot;:&quot;&lt;strong&gt;Lifetime Deal&lt;\\\/strong&gt;&quot;,&quot;price&quot;:&quot;134&quot;,&quot;priceCurrency&quot;:&quot;$&quot;,&quot;period&quot;:&quot;Month&quot;,&quot;link&quot;:&quot;https:\\\/\\\/textospeech.net\\\/pricing\\\/&quot;,&quot;linkLabel&quot;:&quot;Enroll Now&quot;,&quot;color&quot;:&quot;#01944e&quot;,&quot;features&quot;:[{&quot;isEnable&quot;:true,&quot;label&quot;:&quot;1 Million Characters\\\/month&quot;},{&quot;isEnable&quot;:true,&quot;label&quot;:&quot;140 Languages&quot;},{&quot;isEnable&quot;:true,&quot;label&quot;:&quot;300+ Voices&quot;},{&quot;isEnable&quot;:true,&quot;label&quot;:&quot;Unlimited Projects&quot;},{&quot;isEnable&quot;:true,&quot;label&quot;:&quot;Upto 12k Characters Per Clip&quot;},{&quot;isEnable&quot;:&quot;#&quot;,&quot;label&quot;:&quot;Advanced Editor&quot;},{&quot;isEnable&quot;:&quot;#&quot;,&quot;label&quot;:&quot;Commercial License&quot;}]}],&quot;textAlign&quot;:&quot;left&quot;,&quot;shadow&quot;:{&quot;blur&quot;:&quot;30px&quot;,&quot;color&quot;:&quot;#6e8faf4d&quot;,&quot;isInset&quot;:true},&quot;align&quot;:&quot;&quot;,&quot;columns&quot;:{&quot;desktop&quot;:3,&quot;tablet&quot;:2,&quot;mobile&quot;:1},&quot;columnGap&quot;:&quot;20px&quot;,&quot;rowGap&quot;:&quot;30px&quot;,&quot;padding&quot;:{&quot;vertical&quot;:&quot;35px&quot;,&quot;horizontal&quot;:&quot;25px&quot;}}'><\/div>\n\n\n<h2 class=\"wp-block-heading\"><span class=\"ez-toc-section\" id=\"Three_Easy_Steps_To_Login_Create_A_New_Source_Of_Income\"><\/span><strong>Tres sencillos pasos para iniciar sesi\u00f3n y crear una nueva fuente de ingresos<\/strong><span class=\"ez-toc-section-end\"><\/span><\/h2>\n\n\n\n<h3 class=\"wp-block-heading\"><span class=\"ez-toc-section\" id=\"1_Sign_Up\"><\/span><strong>1. Reg\u00edstrate<\/strong><span class=\"ez-toc-section-end\"><\/span><\/h3>\n\n\n\n<p>Nuestro programa de afiliados de Texto a voz est\u00e1 abierto a todos. No son necesarias ventas adicionales; solo reg\u00edstrate. Todo lo que necesitas hacer para convertirte en un afiliado exitoso de textospeech.net es:<\/p>\n\n\n\n<div class=\"wp-block-columns are-vertically-aligned-top has-background is-layout-flex wp-container-core-columns-is-layout-3 wp-block-columns-is-layout-flex\" style=\"background-color:#f5f0fe\">\n<div class=\"wp-block-column is-vertically-aligned-top is-layout-flow wp-block-column-is-layout-flow\">\n<h3 class=\"wp-block-heading\"><span class=\"ez-toc-section\" id=\"1_Open_Textospeech_Affiliate_Page\"><\/span><strong>1. Abra la p\u00e1gina de afiliados de Textospeech<\/strong><span class=\"ez-toc-section-end\"><\/span><\/h3>\n\n\n\n<p>Haga clic en &quot;Obtenga su enlace de afiliado&quot;.<br><\/p>\n<\/div>\n\n\n\n<div class=\"wp-block-column is-vertically-aligned-top is-layout-flow wp-block-column-is-layout-flow\"><\/div>\n<\/div>\n\n\n\n<div class=\"wp-block-columns are-vertically-aligned-top has-background is-layout-flex wp-container-core-columns-is-layout-4 wp-block-columns-is-layout-flex\" style=\"background-color:#f5f0fe\">\n<div class=\"wp-block-column is-vertically-aligned-top is-layout-flow wp-block-column-is-layout-flow\">\n<h3 class=\"wp-block-heading\"><span class=\"ez-toc-section\" id=\"2_Login_or_Signup\"><\/span><strong>2. Inicia sesi\u00f3n o reg\u00edstrate<\/strong><span class=\"ez-toc-section-end\"><\/span><\/h3>\n\n\n\n<p>Ahora seleccione una de las opciones dadas &quot;Registrarse y registrarse&quot; o &quot;Iniciar sesi\u00f3n y registrarse&quot;.<\/p>\n<\/div>\n\n\n\n<div class=\"wp-block-column is-vertically-aligned-top is-layout-flow wp-block-column-is-layout-flow\"><\/div>\n<\/div>\n\n\n\n<div class=\"wp-block-columns are-vertically-aligned-top has-background is-layout-flex wp-container-core-columns-is-layout-5 wp-block-columns-is-layout-flex\" style=\"background-color:#f5f0fe\">\n<div class=\"wp-block-column is-vertically-aligned-top is-layout-flow wp-block-column-is-layout-flow\">\n<h3 class=\"wp-block-heading\"><span class=\"ez-toc-section\" id=\"3_Fill_Foam\"><\/span><strong>3. Rellenar espuma<\/strong><span class=\"ez-toc-section-end\"><\/span><\/h3>\n\n\n\n<p>Elija &quot;Registrarse y registrarse&quot;, complete el formulario proporcionado y haga clic en &quot;Crear mi cuenta&quot;.<\/p>\n<\/div>\n\n\n\n<div class=\"wp-block-column is-vertically-aligned-top is-layout-flow wp-block-column-is-layout-flow\"><\/div>\n<\/div>\n\n\n\n<div class=\"wp-block-columns are-vertically-aligned-top has-background is-layout-flex wp-container-core-columns-is-layout-6 wp-block-columns-is-layout-flex\" style=\"background-color:#f5f0fe\">\n<div class=\"wp-block-column is-vertically-aligned-top is-layout-flow wp-block-column-is-layout-flow\">\n<h3 class=\"wp-block-heading\"><span class=\"ez-toc-section\" id=\"4_Login_to_Your_Account_If_you_already_have_an_Account\"><\/span><strong>4. Inicie sesi\u00f3n en su cuenta si ya tiene una cuenta<\/strong><span class=\"ez-toc-section-end\"><\/span><\/h3>\n\n\n\n<p>Si ya cre\u00f3 una cuenta, haga clic en la opci\u00f3n &quot;Iniciar sesi\u00f3n y registrarse&quot;. Luego ingrese su correo electr\u00f3nico y contrase\u00f1a y presione el bot\u00f3n de inicio de sesi\u00f3n.<\/p>\n<\/div>\n\n\n\n<div class=\"wp-block-column is-vertically-aligned-top is-layout-flow wp-block-column-is-layout-flow\"><\/div>\n<\/div>\n\n\n\n<h3 class=\"wp-block-heading\"><span class=\"ez-toc-section\" id=\"2_Start_recommending\"><\/span><strong>2. Empiece a recomendar<\/strong><span class=\"ez-toc-section-end\"><\/span><\/h3>\n\n\n\n<p>Haga correr la voz sobre nuestro software de texto a voz utilizando los enlaces de afiliados \u00fanicos que proporcionamos en las publicaciones de su blog, videos de YouTube, boletines informativos por correo electr\u00f3nico, anuncios publicitarios y otro contenido digital para comenzar a ganar comisiones recurrentes.<\/p>\n\n\n\n<h3 class=\"wp-block-heading\"><span class=\"ez-toc-section\" id=\"3_Get_rewarded\"><\/span><strong>3. Obt\u00e9n recompensas<\/strong><span class=\"ez-toc-section-end\"><\/span><\/h3>\n\n\n\n<p>Reciba una comisi\u00f3n 50% por cada persona que utilice su enlace de afiliado para unirse a un plan pago de textospeech.net.<\/p>\n\n\n\n<h2 class=\"wp-block-heading\"><span class=\"ez-toc-section\" id=\"Steps_For_Promoting_Textospeechnet\"><\/span><strong>Pasos para promocionar Textospeech.net<\/strong><span class=\"ez-toc-section-end\"><\/span><\/h2>\n\n\n\n<p>El marketing por correo electr\u00f3nico es el m\u00e9todo m\u00e1s eficaz de promoci\u00f3n de textospeech.net. Puede recibir un pago por cada persona que se registre utilizando su enlace de afiliado. Por lo tanto, comience a comercializar textos hablados para ganar dinero. Puede utilizar estos m\u00e9todos gratuitos si no tiene una lista. Estos tipos de publicaciones de blog son la forma m\u00e1s eficaz de publicitar textospeech.net.<\/p>\n\n\n\n<div class=\"wp-block-columns are-vertically-aligned-top has-background is-layout-flex wp-container-core-columns-is-layout-7 wp-block-columns-is-layout-flex\" style=\"background-color:#f5f0fe\">\n<div class=\"wp-block-column is-vertically-aligned-top is-layout-flow wp-block-column-is-layout-flow\">\n<h3 class=\"wp-block-heading\"><span class=\"ez-toc-section\" id=\"1_Blog_Post\"><\/span><strong>1. Publicaci\u00f3n de blog<\/strong><span class=\"ez-toc-section-end\"><\/span><\/h3>\n\n\n\n<ul class=\"wp-block-list\">\n<li>Revisi\u00f3n de Textospeech.net<\/li>\n\n\n\n<li>Textospeech.net vs _____<\/li>\n\n\n\n<li>Contraste Textospeech.net con un servicio diferente<\/li>\n\n\n\n<li>Hacer audiolibros<\/li>\n<\/ul>\n<\/div>\n\n\n\n<div class=\"wp-block-column is-vertically-aligned-top is-layout-flow wp-block-column-is-layout-flow\"><\/div>\n<\/div>\n\n\n\n<div class=\"wp-block-columns has-background is-layout-flex wp-container-core-columns-is-layout-8 wp-block-columns-is-layout-flex\" style=\"background-color:#f5f0fe\">\n<div class=\"wp-block-column is-layout-flow wp-block-column-is-layout-flow\">\n<h3 class=\"wp-block-heading\"><span class=\"ez-toc-section\" id=\"2_Ideas_for_YouTube_Videos\"><\/span><strong>2. Ideas para v\u00eddeos de YouTube<\/strong><span class=\"ez-toc-section-end\"><\/span><\/h3>\n\n\n\n<p>Puede crear videos para especialistas en marketing en l\u00ednea e incluir una menci\u00f3n de textospeech o puede crear voces en off para videos de YouTube y agregar el enlace de afiliado de textospeech en la descripci\u00f3n. Hacer videos que contrasten textospeech.net con una alternativa es otra forma de promocionar textospeech.net.<\/p>\n<\/div>\n\n\n\n<div class=\"wp-block-column is-layout-flow wp-block-column-is-layout-flow\"><\/div>\n<\/div>\n\n\n\n<div class=\"wp-block-columns has-background is-layout-flex wp-container-core-columns-is-layout-9 wp-block-columns-is-layout-flex\" style=\"background-color:#f5f0fe\">\n<div class=\"wp-block-column is-layout-flow wp-block-column-is-layout-flow\">\n<h3 class=\"wp-block-heading\"><span class=\"ez-toc-section\" id=\"3_TikTok_Shorts_ideas\"><\/span><strong>3. Ideas de cortos de TikTok<\/strong><span class=\"ez-toc-section-end\"><\/span><\/h3>\n\n\n\n<p>Puedes crear y compartir videos en TikTok e incluir un enlace de referencia en la descripci\u00f3n del video o en tu biograf\u00eda para publicitar TextoSpeech.<\/p>\n<\/div>\n\n\n\n<div class=\"wp-block-column is-layout-flow wp-block-column-is-layout-flow\"><\/div>\n<\/div>\n\n\n\n<div class=\"wp-block-columns has-background is-layout-flex wp-container-core-columns-is-layout-10 wp-block-columns-is-layout-flex\" style=\"background-color:#f5f0fe\">\n<div class=\"wp-block-column is-layout-flow wp-block-column-is-layout-flow\">\n<h3 class=\"wp-block-heading\"><span class=\"ez-toc-section\" id=\"4_Facebook_Group\"><\/span><strong>4. Grupo de Facebook<\/strong><span class=\"ez-toc-section-end\"><\/span><\/h3>\n\n\n\n<p>\u00danase a grupos de Facebook donde se congregan escritores y comercializadores de videos. Haga un video \u00fatil usando la voz en off de TextoSpeech. Comparta un video con el grupo, mencionando los servicios de locuci\u00f3n TextoSpeech.<\/p>\n<\/div>\n\n\n\n<div class=\"wp-block-column is-layout-flow wp-block-column-is-layout-flow\"><\/div>\n<\/div>\n\n\n\n<div class=\"wp-block-columns has-background is-layout-flex wp-container-core-columns-is-layout-11 wp-block-columns-is-layout-flex\" style=\"background-color:#f5f0fe\">\n<div class=\"wp-block-column is-layout-flow wp-block-column-is-layout-flow\">\n<h3 class=\"wp-block-heading\"><span class=\"ez-toc-section\" id=\"5_Respond_To_A_Query_On_Quora\"><\/span><strong>5. Responder a una consulta en Quora<\/strong><span class=\"ez-toc-section-end\"><\/span><\/h3>\n\n\n\n<p>Hay muchas consultas en Quora sobre la conversi\u00f3n de texto a voz. Puede anunciar TextoSpeech.net respondiendo a esas consultas.<\/p>\n<\/div>\n\n\n\n<div class=\"wp-block-column is-layout-flow wp-block-column-is-layout-flow\"><\/div>\n<\/div>\n\n\n\n<div class=\"wp-block-columns has-background is-layout-flex wp-container-core-columns-is-layout-12 wp-block-columns-is-layout-flex\" style=\"background-color:#f5f0fe\">\n<div class=\"wp-block-column is-layout-flow wp-block-column-is-layout-flow\">\n<h3 class=\"wp-block-heading\"><span class=\"ez-toc-section\" id=\"6_Instagram_Reels_ideas\"><\/span><strong>6. Ideas de carretes de Instagram<\/strong><span class=\"ez-toc-section-end\"><\/span><\/h3>\n\n\n\n<p>Instagram tambi\u00e9n es otra forma de crear v\u00eddeos \u00fatiles utilizando la voz en off de TextoSpeech.net. Luego puedes subir el v\u00eddeo e insertar el enlace de afiliado en la descripci\u00f3n.<\/p>\n\n\n\n<p>Puedes hacer:<\/p>\n\n\n\n<ul class=\"wp-block-list\">\n<li>Revisi\u00f3n de Textospeech.net<\/li>\n\n\n\n<li>Textospeech.net vs _____<\/li>\n\n\n\n<li>Cree videos para especialistas en marketing en l\u00ednea e incluya una menci\u00f3n de la palabra texto.<\/li>\n<\/ul>\n<\/div>\n\n\n\n<div class=\"wp-block-column is-layout-flow wp-block-column-is-layout-flow\"><\/div>\n<\/div>\n\n\n\n<div class=\"wp-block-columns has-background is-layout-flex wp-container-core-columns-is-layout-13 wp-block-columns-is-layout-flex\" style=\"background-color:#f5f0fe\">\n<div class=\"wp-block-column is-layout-flow wp-block-column-is-layout-flow\">\n<h3 class=\"wp-block-heading\"><span class=\"ez-toc-section\" id=\"7_Pinterest\"><\/span><strong>7. Pinterest<\/strong><span class=\"ez-toc-section-end\"><\/span><\/h3>\n\n\n\n<p>La mejor forma de utilizar enlaces de afiliados en Pinterest es la siguiente:<\/p>\n\n\n\n<ul class=\"wp-block-list\">\n<li>Publicar rese\u00f1as y descripciones de discursos de texto.<\/li>\n\n\n\n<li>Publicar v\u00eddeos con voz en off para promoci\u00f3n.<\/li>\n<\/ul>\n<\/div>\n\n\n\n<div class=\"wp-block-column is-layout-flow wp-block-column-is-layout-flow\"><\/div>\n<\/div>\n\n\n\n<div class=\"wp-block-columns has-background is-layout-flex wp-container-core-columns-is-layout-14 wp-block-columns-is-layout-flex\" style=\"background-color:#f5f0fe\">\n<div class=\"wp-block-column is-layout-flow wp-block-column-is-layout-flow\">\n<h3 class=\"wp-block-heading\"><span class=\"ez-toc-section\" id=\"8_Twitter\"><\/span><strong>8. Gorjeo<\/strong><span class=\"ez-toc-section-end\"><\/span><\/h3>\n\n\n\n<p>Para sus necesidades de afiliados, Twitter es una plataforma generosa con tr\u00e1fico gratuito. Puede promocionar textospeech.net en Twitter y convertirse en afiliado para ganar dinero.<\/p>\n<\/div>\n\n\n\n<div class=\"wp-block-column is-layout-flow wp-block-column-is-layout-flow\"><\/div>\n<\/div>\n\n\n\n<h2 class=\"wp-block-heading\"><span class=\"ez-toc-section\" id=\"Contact_Us\"><\/span><strong>Cont\u00e1ctenos<\/strong><span class=\"ez-toc-section-end\"><\/span><\/h2>\n\n\n\n<p>Si necesitas alg\u00fan tipo de ayuda, puedes <strong>Cont\u00e1ctenos<\/strong>.<\/p>","protected":false},"excerpt":{"rendered":"","protected":false},"author":1,"featured_media":0,"parent":0,"menu_order":0,"comment_status":"closed","ping_status":"closed","template":"","meta":{"footnotes":""},"class_list":["post-24","page","type-page","status-publish"],"_links":{"self":[{"href":"https:\/\/textospeech.net\/es\/wp-json\/wp\/v2\/pages\/24"}],"collection":[{"href":"https:\/\/textospeech.net\/es\/wp-json\/wp\/v2\/pages"}],"about":[{"href":"https:\/\/textospeech.net\/es\/wp-json\/wp\/v2\/types\/page"}],"author":[{"embeddable":true,"href":"https:\/\/textospeech.net\/es\/wp-json\/wp\/v2\/users\/1"}],"replies":[{"embeddable":true,"href":"https:\/\/textospeech.net\/es\/wp-json\/wp\/v2\/comments?post=24"}],"version-history":[{"count":70,"href":"https:\/\/textospeech.net\/es\/wp-json\/wp\/v2\/pages\/24\/revisions"}],"predecessor-version":[{"id":1347,"href":"https:\/\/textospeech.net\/es\/wp-json\/wp\/v2\/pages\/24\/revisions\/1347"}],"wp:attachment":[{"href":"https:\/\/textospeech.net\/es\/wp-json\/wp\/v2\/media?parent=24"}],"curies":[{"name":"wp","href":"https:\/\/api.w.org\/{rel}","templated":true}]}}