{"id":345,"date":"2023-06-05T07:31:50","date_gmt":"2023-06-05T07:31:50","guid":{"rendered":"https:\/\/textospeech.net\/?page_id=345"},"modified":"2023-10-16T16:23:29","modified_gmt":"2023-10-16T10:53:29","slug":"terms-and-condition","status":"publish","type":"page","link":"https:\/\/textospeech.net\/de\/geschaftsbedingung\/","title":{"rendered":"Gesch\u00e4ftsbedingung"},"content":{"rendered":"<div id=\"ez-toc-container\" class=\"ez-toc-v2_0_69 counter-hierarchy ez-toc-counter ez-toc-grey ez-toc-container-direction\">\n<div class=\"ez-toc-title-container\">\n<p class=\"ez-toc-title\" >Table of Contents<\/p>\n<span class=\"ez-toc-title-toggle\"><a href=\"#\" class=\"ez-toc-pull-right ez-toc-btn ez-toc-btn-xs ez-toc-btn-default ez-toc-toggle\" aria-label=\"Inhaltsverzeichnis umschalten\"><span class=\"ez-toc-js-icon-con\"><span class=\"\"><span class=\"eztoc-hide\" style=\"display:none;\">Umschalten<\/span><span class=\"ez-toc-icon-toggle-span\"><svg style=\"fill: #999;color:#999\" xmlns=\"http:\/\/www.w3.org\/2000\/svg\" class=\"list-377408\" width=\"20px\" height=\"20px\" viewbox=\"0 0 24 24\" fill=\"none\"><path d=\"M6 6H4v2h2V6zm14 0H8v2h12V6zM4 11h2v2H4v-2zm16 0H8v2h12v-2zM4 16h2v2H4v-2zm16 0H8v2h12v-2z\" fill=\"currentColor\"><\/path><\/svg><svg style=\"fill: #999;color:#999\" class=\"arrow-unsorted-368013\" xmlns=\"http:\/\/www.w3.org\/2000\/svg\" width=\"10px\" height=\"10px\" viewbox=\"0 0 24 24\" version=\"1.2\" baseprofile=\"tiny\"><path d=\"M18.2 9.3l-6.2-6.3-6.2 6.3c-.2.2-.3.4-.3.7s.1.5.3.7c.2.2.4.3.7.3h11c.3 0 .5-.1.7-.3.2-.2.3-.5.3-.7s-.1-.5-.3-.7zM5.8 14.7l6.2 6.3 6.2-6.3c.2-.2.3-.5.3-.7s-.1-.5-.3-.7c-.2-.2-.4-.3-.7-.3h-11c-.3 0-.5.1-.7.3-.2.2-.3.5-.3.7s.1.5.3.7z\"\/><\/svg><\/span><\/span><\/span><\/a><\/span><\/div>\n<nav><ul class='ez-toc-list ez-toc-list-level-1' ><li class='ez-toc-page-1 ez-toc-heading-level-2'><a class=\"ez-toc-link ez-toc-heading-1\" href=\"https:\/\/textospeech.net\/de\/geschaftsbedingung\/#Introduction\" title=\"Einf\u00fchrung\">Einf\u00fchrung<\/a><\/li><li class='ez-toc-page-1 ez-toc-heading-level-2'><a class=\"ez-toc-link ez-toc-heading-2\" href=\"https:\/\/textospeech.net\/de\/geschaftsbedingung\/#Agreement_to_terms\" title=\"Zustimmung zu den Bedingungen\">Zustimmung zu den Bedingungen<\/a><ul class='ez-toc-list-level-3' ><li class='ez-toc-heading-level-3'><a class=\"ez-toc-link ez-toc-heading-3\" href=\"https:\/\/textospeech.net\/de\/geschaftsbedingung\/#Use_of_Personal_Information\" title=\"Verwendung personenbezogener Daten\">Verwendung personenbezogener Daten<\/a><\/li><li class='ez-toc-page-1 ez-toc-heading-level-3'><a class=\"ez-toc-link ez-toc-heading-4\" href=\"https:\/\/textospeech.net\/de\/geschaftsbedingung\/#Information_Collection\" title=\"Informationssammlung\">Informationssammlung<\/a><\/li><\/ul><\/li><li class='ez-toc-page-1 ez-toc-heading-level-2'><a class=\"ez-toc-link ez-toc-heading-5\" href=\"https:\/\/textospeech.net\/de\/geschaftsbedingung\/#Refund_Policy\" title=\"R\u00fcckgaberecht\">R\u00fcckgaberecht<\/a><\/li><li class='ez-toc-page-1 ez-toc-heading-level-2'><a class=\"ez-toc-link ez-toc-heading-6\" href=\"https:\/\/textospeech.net\/de\/geschaftsbedingung\/#User_Eligibility\" title=\"Benutzerberechtigung\">Benutzerberechtigung<\/a><\/li><li class='ez-toc-page-1 ez-toc-heading-level-2'><a class=\"ez-toc-link ez-toc-heading-7\" href=\"https:\/\/textospeech.net\/de\/geschaftsbedingung\/#Security_of_your_Personal_Information\" title=\"Sicherheit Ihrer pers\u00f6nlichen Daten\">Sicherheit Ihrer pers\u00f6nlichen Daten<\/a><\/li><li class='ez-toc-page-1 ez-toc-heading-level-2'><a class=\"ez-toc-link ez-toc-heading-8\" href=\"https:\/\/textospeech.net\/de\/geschaftsbedingung\/#Limitation_of_Liability\" title=\"Haftungsbeschr\u00e4nkung\">Haftungsbeschr\u00e4nkung<\/a><ul class='ez-toc-list-level-3' ><li class='ez-toc-heading-level-3'><a class=\"ez-toc-link ez-toc-heading-9\" href=\"https:\/\/textospeech.net\/de\/geschaftsbedingung\/#Termination\" title=\"Beendigung\">Beendigung<\/a><\/li><li class='ez-toc-page-1 ez-toc-heading-level-3'><a class=\"ez-toc-link ez-toc-heading-10\" href=\"https:\/\/textospeech.net\/de\/geschaftsbedingung\/#Copyright_Policy\" title=\"Urheberrechtsrichtlinie\">Urheberrechtsrichtlinie<\/a><\/li><\/ul><\/li><\/ul><\/nav><\/div>\n<h2 class=\"wp-block-heading\"><span class=\"ez-toc-section\" id=\"Introduction\"><\/span><strong>Einf\u00fchrung<\/strong><span class=\"ez-toc-section-end\"><\/span><\/h2>\n\n\n\n<p>Willkommen beim Text-to-Speech (TTS)-Dienst von textospeech.net. Diese Allgemeinen Gesch\u00e4ftsbedingungen (\u201eBedingungen\u201c) legen fest, wie Sie unseren TTS-Dienst nutzen, unabh\u00e4ngig davon, ob Sie ihn \u00fcber unsere Website, Anwendung oder andere genehmigte Plattformen nutzen. Diese Bedingungen, die Ihre Beziehung zu uns regeln, werden im Austausch f\u00fcr die Nutzung unseres TTS-Dienstes akzeptiert. Es ist wichtig, diese Bedingungen zu lesen und zu verstehen, bevor Sie den Dienst nutzen. Bitte nutzen Sie unseren TTS-Service nicht, wenn Sie mit diesen Bedingungen nicht einverstanden sind.<\/p>\n\n\n\n<h2 class=\"wp-block-heading\"><span class=\"ez-toc-section\" id=\"Agreement_to_terms\"><\/span><strong>Zustimmung zu den Bedingungen<\/strong><span class=\"ez-toc-section-end\"><\/span><\/h2>\n\n\n\n<p>Bitte beachten Sie, dass Sie und textospeech.net mit diesen Allgemeinen Gesch\u00e4ftsbedingungen einen verbindlichen Vertrag geschlossen haben. Durch die Nutzung unserer TTS-Dienste best\u00e4tigen Sie, dass Sie diese Bedingungen gelesen, verstanden und akzeptiert haben. Klicken Sie nicht auf \u201eKonto erstellen\u201c und nutzen Sie unsere Dienste nicht auf andere Weise, wenn Sie diesen Nutzungsbedingungen nicht zustimmen. Sie k\u00f6nnen diese Nutzungsvereinbarung jederzeit k\u00fcndigen, indem Sie Ihr Konto deaktivieren und jeglichen Zugriff auf oder die Nutzung unserer Dienste einstellen.&nbsp;<\/p>\n\n\n\n<h3 class=\"wp-block-heading\"><span class=\"ez-toc-section\" id=\"Use_of_Personal_Information\"><\/span><strong>Verwendung personenbezogener Daten<\/strong><span class=\"ez-toc-section-end\"><\/span><\/h3>\n\n\n\n<p>Die von uns erhobenen personenbezogenen Daten dienen der Bereitstellung und Verbesserung des TTS-Dienstes sowie dem Kundenservice, der Kommunikation und einem individuellen Nutzererlebnis. Wir werden Ihre pers\u00f6nlichen Daten niemals ohne Ihre ausdr\u00fcckliche Zustimmung an Dritte verkaufen, vermieten oder leasen.<\/p>\n\n\n\n<h3 class=\"wp-block-heading\"><span class=\"ez-toc-section\" id=\"Information_Collection\"><\/span><strong>Informationssammlung<\/strong><span class=\"ez-toc-section-end\"><\/span><\/h3>\n\n\n\n<p>Wenn Sie sich f\u00fcr den TTS-Dienst registrieren oder ihn nutzen, fragen wir Sie m\u00f6glicherweise nach Ihren Daten, einschlie\u00dflich Ihres Namens, Ihrer E-Mail-Adresse und anderer relevanter Informationen.&nbsp;<\/p>\n\n\n\n<h2 class=\"wp-block-heading\"><span class=\"ez-toc-section\" id=\"Refund_Policy\"><\/span><strong>R\u00fcckgaberecht<\/strong><span class=\"ez-toc-section-end\"><\/span><\/h2>\n\n\n\n<p>Wir arbeiten st\u00e4ndig daran, qualitativ hochwertige TTS-Dienste zu liefern, die Ihren Anspr\u00fcchen gerecht werden. Es kann jedoch vorkommen, dass Sie eine R\u00fcckerstattung f\u00fcr den von Ihnen erworbenen TTS-Dienst ben\u00f6tigen. In diesem Fall haben Sie 60 Tage Zeit, um eine R\u00fcckerstattung zu beantragen. Weitere Informationen finden Sie in unseren R\u00fcckerstattungsrichtlinien.<\/p>\n\n\n\n<h2 class=\"wp-block-heading\"><span class=\"ez-toc-section\" id=\"User_Eligibility\"><\/span><strong>Benutzerberechtigung<\/strong><span class=\"ez-toc-section-end\"><\/span><\/h2>\n\n\n\n<p>Die Nutzung des Dienstes setzt voraus, dass Sie mindestens 18 Jahre alt sind. Mit der Annahme dieser Bedingungen best\u00e4tigen Sie, dass Sie mindestens 18 Jahre alt sind. Dar\u00fcber hinaus wurde Ihr Konto nie gesperrt oder von den Diensten entfernt und Sie haben sich bei der Registrierung und Nutzung der Dienste an alle Regeln und Gesetze gehalten.<\/p>\n\n\n\n<h2 class=\"wp-block-heading\"><span class=\"ez-toc-section\" id=\"Security_of_your_Personal_Information\"><\/span><strong>Sicherheit Ihrer pers\u00f6nlichen Daten<\/strong><span class=\"ez-toc-section-end\"><\/span><\/h2>\n\n\n\n<p>Wir bei textospeech.net legen gro\u00dfen Wert auf den Schutz der Sicherheit und Privatsph\u00e4re Ihrer pers\u00f6nlichen Daten. Wenn Sie unseren Text-to-Speech-Dienst (TTS) nutzen, verpflichten wir uns zum Schutz Ihrer Daten. Sie verstehen die Erhebung, Speicherung und Verarbeitung Ihrer personenbezogenen Daten durch die Nutzung unseres TTS-Dienstes und stimmen dieser zu.<\/p>\n\n\n\n<h2 class=\"wp-block-heading\"><span class=\"ez-toc-section\" id=\"Limitation_of_Liability\"><\/span><strong>Haftungsbeschr\u00e4nkung<\/strong><span class=\"ez-toc-section-end\"><\/span><\/h2>\n\n\n\n<p>Soweit gesetzlich zul\u00e4ssig, haftet textospeech.net, einschlie\u00dflich seiner verbundenen Unternehmen, im Zusammenhang mit dieser Nutzungsvereinbarung nicht f\u00fcr indirekte, zuf\u00e4llige, Folge-, Sonder- oder Strafsch\u00e4den; entgangene Gewinne oder Gesch\u00e4ftsm\u00f6glichkeiten; Rufsch\u00e4digung; Verlust von Daten oder Richtlinien Dritter; oder indirekte, zuf\u00e4llige, Folge-, Sonder- oder Strafsch\u00e4den. Wir haften f\u00fcr zuf\u00e4llige Sch\u00e4den oder Folgesch\u00e4den nur in dem Umfang, der nach geltendem Recht in einer Provinz, einem Staat oder einer anderen Gerichtsbarkeit zul\u00e4ssig ist, in der ein solcher Ausschluss oder eine solche Beschr\u00e4nkung nicht zul\u00e4ssig ist.&nbsp;<\/p>\n\n\n\n<h3 class=\"wp-block-heading\"><span class=\"ez-toc-section\" id=\"Termination\"><\/span><strong>Beendigung<\/strong><span class=\"ez-toc-section-end\"><\/span><\/h3>\n\n\n\n<p>Wenn Sie in irgendeiner Weise gegen diese Bedingungen versto\u00dfen, verlieren Sie sofort den Zugriff auf den Dienst. Dar\u00fcber hinaus hat Textospeech.net das Recht, Ihre Nutzung des Dienstes auszusetzen oder zu beenden, ohne dass hierf\u00fcr eine Haftung Ihnen gegen\u00fcber entsteht. Wenn Textospeech oder Ihr Zugriff darauf endet, liegen Ihre bis zu diesem Zeitpunkt aufgelaufenen Schulden oder Verbindlichkeiten weiterhin in Ihrer Verantwortung.<\/p>\n\n\n\n<h3 class=\"wp-block-heading\"><span class=\"ez-toc-section\" id=\"Copyright_Policy\"><\/span><strong>Urheberrechtsrichtlinie<\/strong><span class=\"ez-toc-section-end\"><\/span><\/h3>\n\n\n\n<p><strong>Textospeech.net<\/strong> hat Verfahren f\u00fcr den Empfang schriftlicher Benachrichtigungen \u00fcber mutma\u00dfliche Verst\u00f6\u00dfe gegen das Urheberrechtsgesetz eingerichtet. Dar\u00fcber hinaus haben wir eine Person benannt, die Benachrichtigungen \u00fcber mutma\u00dfliche Urheberrechtsverletzungen entgegennimmt. Sie k\u00f6nnen eine schriftliche Mitteilung einreichen, wenn Sie wirklich glauben, dass Ihr Urheberrecht verletzt wurde.<\/p>","protected":false},"excerpt":{"rendered":"","protected":false},"author":1,"featured_media":0,"parent":0,"menu_order":0,"comment_status":"closed","ping_status":"closed","template":"","meta":{"footnotes":""},"class_list":["post-345","page","type-page","status-publish"],"_links":{"self":[{"href":"https:\/\/textospeech.net\/de\/wp-json\/wp\/v2\/pages\/345"}],"collection":[{"href":"https:\/\/textospeech.net\/de\/wp-json\/wp\/v2\/pages"}],"about":[{"href":"https:\/\/textospeech.net\/de\/wp-json\/wp\/v2\/types\/page"}],"author":[{"embeddable":true,"href":"https:\/\/textospeech.net\/de\/wp-json\/wp\/v2\/users\/1"}],"replies":[{"embeddable":true,"href":"https:\/\/textospeech.net\/de\/wp-json\/wp\/v2\/comments?post=345"}],"version-history":[{"count":3,"href":"https:\/\/textospeech.net\/de\/wp-json\/wp\/v2\/pages\/345\/revisions"}],"predecessor-version":[{"id":793,"href":"https:\/\/textospeech.net\/de\/wp-json\/wp\/v2\/pages\/345\/revisions\/793"}],"wp:attachment":[{"href":"https:\/\/textospeech.net\/de\/wp-json\/wp\/v2\/media?parent=345"}],"curies":[{"name":"wp","href":"https:\/\/api.w.org\/{rel}","templated":true}]}}