{"id":24,"date":"2023-05-11T11:58:08","date_gmt":"2023-05-11T11:58:08","guid":{"rendered":"https:\/\/textospeech.net\/?page_id=24"},"modified":"2023-11-07T17:24:27","modified_gmt":"2023-11-07T11:54:27","slug":"texttospeech-affiliate-program","status":"publish","type":"page","link":"https:\/\/textospeech.net\/de\/texttospeech-partnerprogramm\/","title":{"rendered":"Werden Sie Partner, um Geld zu verdienen!"},"content":{"rendered":"<div class=\"wp-block-columns has-background is-layout-flex wp-container-core-columns-is-layout-2 wp-block-columns-is-layout-flex\" style=\"background-color:#ffe7eb\">\n<div class=\"wp-block-column is-layout-flow wp-block-column-is-layout-flow\" style=\"flex-basis:100%\">\n<div class=\"wp-block-group\"><div class=\"wp-block-group__inner-container is-layout-constrained wp-block-group-is-layout-constrained\">\n<div class=\"wp-block-columns is-not-stacked-on-mobile has-small-font-size is-layout-flex wp-container-core-columns-is-layout-1 wp-block-columns-is-layout-flex\">\n<div class=\"wp-block-column is-layout-flow wp-block-column-is-layout-flow\">\n<div id=\"ez-toc-container\" class=\"ez-toc-v2_0_69 counter-hierarchy ez-toc-counter ez-toc-grey ez-toc-container-direction\">\n<div class=\"ez-toc-title-container\">\n<p class=\"ez-toc-title\" >Table of Contents<\/p>\n<span class=\"ez-toc-title-toggle\"><a href=\"#\" class=\"ez-toc-pull-right ez-toc-btn ez-toc-btn-xs ez-toc-btn-default ez-toc-toggle\" aria-label=\"Inhaltsverzeichnis umschalten\"><span class=\"ez-toc-js-icon-con\"><span class=\"\"><span class=\"eztoc-hide\" style=\"display:none;\">Umschalten<\/span><span class=\"ez-toc-icon-toggle-span\"><svg style=\"fill: #999;color:#999\" xmlns=\"http:\/\/www.w3.org\/2000\/svg\" class=\"list-377408\" width=\"20px\" height=\"20px\" viewbox=\"0 0 24 24\" fill=\"none\"><path d=\"M6 6H4v2h2V6zm14 0H8v2h12V6zM4 11h2v2H4v-2zm16 0H8v2h12v-2zM4 16h2v2H4v-2zm16 0H8v2h12v-2z\" fill=\"currentColor\"><\/path><\/svg><svg style=\"fill: #999;color:#999\" class=\"arrow-unsorted-368013\" xmlns=\"http:\/\/www.w3.org\/2000\/svg\" width=\"10px\" height=\"10px\" viewbox=\"0 0 24 24\" version=\"1.2\" baseprofile=\"tiny\"><path d=\"M18.2 9.3l-6.2-6.3-6.2 6.3c-.2.2-.3.4-.3.7s.1.5.3.7c.2.2.4.3.7.3h11c.3 0 .5-.1.7-.3.2-.2.3-.5.3-.7s-.1-.5-.3-.7zM5.8 14.7l6.2 6.3 6.2-6.3c.2-.2.3-.5.3-.7s-.1-.5-.3-.7c-.2-.2-.4-.3-.7-.3h-11c-.3 0-.5.1-.7.3-.2.2-.3.5-.3.7s.1.5.3.7z\"\/><\/svg><\/span><\/span><\/span><\/a><\/span><\/div>\n<nav><ul class='ez-toc-list ez-toc-list-level-1' ><li class='ez-toc-page-1 ez-toc-heading-level-2'><a class=\"ez-toc-link ez-toc-heading-1\" href=\"https:\/\/textospeech.net\/de\/texttospeech-partnerprogramm\/#Why_Promote_Textospeechnet\" title=\"Warum Textospeech.net bewerben?\">Warum Textospeech.net bewerben?<\/a><\/li><li class='ez-toc-page-1 ez-toc-heading-level-2'><a class=\"ez-toc-link ez-toc-heading-2\" href=\"https:\/\/textospeech.net\/de\/texttospeech-partnerprogramm\/#Multiple_Plan\" title=\"Mehrfachplan\">Mehrfachplan<\/a><\/li><li class='ez-toc-page-1 ez-toc-heading-level-2'><a class=\"ez-toc-link ez-toc-heading-3\" href=\"https:\/\/textospeech.net\/de\/texttospeech-partnerprogramm\/#Three_Easy_Steps_To_Login_Create_A_New_Source_Of_Income\" title=\"Drei einfache Schritte zum Anmelden und Erstellen einer neuen Einnahmequelle\">Drei einfache Schritte zum Anmelden und Erstellen einer neuen Einnahmequelle<\/a><ul class='ez-toc-list-level-3' ><li class='ez-toc-heading-level-3'><a class=\"ez-toc-link ez-toc-heading-4\" href=\"https:\/\/textospeech.net\/de\/texttospeech-partnerprogramm\/#1_Sign_Up\" title=\"1. Melden Sie sich an\">1. Melden Sie sich an<\/a><\/li><li class='ez-toc-page-1 ez-toc-heading-level-3'><a class=\"ez-toc-link ez-toc-heading-5\" href=\"https:\/\/textospeech.net\/de\/texttospeech-partnerprogramm\/#1_Open_Textospeech_Affiliate_Page\" title=\"1. \u00d6ffnen Sie die Affiliate-Seite von Textospeech\">1. \u00d6ffnen Sie die Affiliate-Seite von Textospeech<\/a><\/li><li class='ez-toc-page-1 ez-toc-heading-level-3'><a class=\"ez-toc-link ez-toc-heading-6\" href=\"https:\/\/textospeech.net\/de\/texttospeech-partnerprogramm\/#2_Login_or_Signup\" title=\"2. Anmelden oder Registrieren\">2. Anmelden oder Registrieren<\/a><\/li><li class='ez-toc-page-1 ez-toc-heading-level-3'><a class=\"ez-toc-link ez-toc-heading-7\" href=\"https:\/\/textospeech.net\/de\/texttospeech-partnerprogramm\/#3_Fill_Foam\" title=\"3. Schaum einf\u00fcllen\">3. Schaum einf\u00fcllen<\/a><\/li><li class='ez-toc-page-1 ez-toc-heading-level-3'><a class=\"ez-toc-link ez-toc-heading-8\" href=\"https:\/\/textospeech.net\/de\/texttospeech-partnerprogramm\/#4_Login_to_Your_Account_If_you_already_have_an_Account\" title=\"4. Melden Sie sich bei Ihrem Konto an, wenn Sie bereits ein Konto haben\">4. Melden Sie sich bei Ihrem Konto an, wenn Sie bereits ein Konto haben<\/a><\/li><li class='ez-toc-page-1 ez-toc-heading-level-3'><a class=\"ez-toc-link ez-toc-heading-9\" href=\"https:\/\/textospeech.net\/de\/texttospeech-partnerprogramm\/#2_Start_recommending\" title=\"2. Beginnen Sie mit der Empfehlung\">2. Beginnen Sie mit der Empfehlung<\/a><\/li><li class='ez-toc-page-1 ez-toc-heading-level-3'><a class=\"ez-toc-link ez-toc-heading-10\" href=\"https:\/\/textospeech.net\/de\/texttospeech-partnerprogramm\/#3_Get_rewarded\" title=\"3. Lassen Sie sich belohnen\">3. Lassen Sie sich belohnen<\/a><\/li><\/ul><\/li><li class='ez-toc-page-1 ez-toc-heading-level-2'><a class=\"ez-toc-link ez-toc-heading-11\" href=\"https:\/\/textospeech.net\/de\/texttospeech-partnerprogramm\/#Steps_For_Promoting_Textospeechnet\" title=\"Schritte zur F\u00f6rderung von Textospeech.net\">Schritte zur F\u00f6rderung von Textospeech.net<\/a><ul class='ez-toc-list-level-3' ><li class='ez-toc-heading-level-3'><a class=\"ez-toc-link ez-toc-heading-12\" href=\"https:\/\/textospeech.net\/de\/texttospeech-partnerprogramm\/#1_Blog_Post\" title=\"1. Blogbeitrag\">1. Blogbeitrag<\/a><\/li><li class='ez-toc-page-1 ez-toc-heading-level-3'><a class=\"ez-toc-link ez-toc-heading-13\" href=\"https:\/\/textospeech.net\/de\/texttospeech-partnerprogramm\/#2_Ideas_for_YouTube_Videos\" title=\"2. Ideen f\u00fcr YouTube-Videos\">2. Ideen f\u00fcr YouTube-Videos<\/a><\/li><li class='ez-toc-page-1 ez-toc-heading-level-3'><a class=\"ez-toc-link ez-toc-heading-14\" href=\"https:\/\/textospeech.net\/de\/texttospeech-partnerprogramm\/#3_TikTok_Shorts_ideas\" title=\"3. Ideen f\u00fcr TikTok-Shorts\">3. Ideen f\u00fcr TikTok-Shorts<\/a><\/li><li class='ez-toc-page-1 ez-toc-heading-level-3'><a class=\"ez-toc-link ez-toc-heading-15\" href=\"https:\/\/textospeech.net\/de\/texttospeech-partnerprogramm\/#4_Facebook_Group\" title=\"4. Facebook-Gruppe\">4. Facebook-Gruppe<\/a><\/li><li class='ez-toc-page-1 ez-toc-heading-level-3'><a class=\"ez-toc-link ez-toc-heading-16\" href=\"https:\/\/textospeech.net\/de\/texttospeech-partnerprogramm\/#5_Respond_To_A_Query_On_Quora\" title=\"5. Beantworten Sie eine Frage zu Quora\">5. Beantworten Sie eine Frage zu Quora<\/a><\/li><li class='ez-toc-page-1 ez-toc-heading-level-3'><a class=\"ez-toc-link ez-toc-heading-17\" href=\"https:\/\/textospeech.net\/de\/texttospeech-partnerprogramm\/#6_Instagram_Reels_ideas\" title=\"6. Ideen f\u00fcr Instagram-Reels\">6. Ideen f\u00fcr Instagram-Reels<\/a><\/li><li class='ez-toc-page-1 ez-toc-heading-level-3'><a class=\"ez-toc-link ez-toc-heading-18\" href=\"https:\/\/textospeech.net\/de\/texttospeech-partnerprogramm\/#7_Pinterest\" title=\"7. Pinterest\">7. Pinterest<\/a><\/li><li class='ez-toc-page-1 ez-toc-heading-level-3'><a class=\"ez-toc-link ez-toc-heading-19\" href=\"https:\/\/textospeech.net\/de\/texttospeech-partnerprogramm\/#8_Twitter\" title=\"8. Twitter\">8. Twitter<\/a><\/li><\/ul><\/li><li class='ez-toc-page-1 ez-toc-heading-level-2'><a class=\"ez-toc-link ez-toc-heading-20\" href=\"https:\/\/textospeech.net\/de\/texttospeech-partnerprogramm\/#Contact_Us\" title=\"Kontaktiere uns\">Kontaktiere uns<\/a><\/li><\/ul><\/nav><\/div>\n<h2 class=\"wp-block-heading\"><span class=\"ez-toc-section\" id=\"Why_Promote_Textospeechnet\"><\/span><strong>Warum Textospeech.net bewerben?<\/strong><span class=\"ez-toc-section-end\"><\/span><\/h2>\n\n\n\n<p>Textospeech.net ist der derzeit f\u00fchrende Voiceover-Dienst auf dem Markt. Mehr als 500 KI-generierte Stimmen in \u00fcber 140 Sprachen werden unterst\u00fctzt. Textospeech.net bietet einen Empfehlungsbonus von 50% f\u00fcr alle Verk\u00e4ufe, die get\u00e4tigt werden, nachdem Sie einem Freund die Website empfohlen haben.<\/p>\n\n\n\n<div class=\"wp-block-buttons is-layout-flex wp-block-buttons-is-layout-flex\"><\/div>\n<\/div>\n\n\n\n<div class=\"wp-block-column is-layout-flow wp-block-column-is-layout-flow\"><\/div>\n<\/div>\n<\/div><\/div>\n<\/div>\n<\/div>\n\n\n\n<h2 class=\"wp-block-heading has-text-align-center\"><span class=\"ez-toc-section\" id=\"Multiple_Plan\"><\/span><strong>Mehrfachplan<\/strong><span class=\"ez-toc-section-end\"><\/span><\/h2>\n\n\n<div class=\"is-style-basic wp-block-bptb-pricing-table\" id='bptbPricingTables-1' data-attributes='{&quot;cId&quot;:&quot;40aaa6d5-6&quot;,&quot;pricingTables&quot;:[{&quot;name&quot;:&quot;&lt;strong&gt;Quarterly&lt;\\\/strong&gt;&quot;,&quot;price&quot;:&quot;19&quot;,&quot;priceCurrency&quot;:&quot;$&quot;,&quot;period&quot;:&quot;Month&quot;,&quot;link&quot;:&quot;https:\\\/\\\/textospeech.net\\\/pricing\\\/&quot;,&quot;linkLabel&quot;:&quot;Enroll Now&quot;,&quot;color&quot;:&quot;#f00025&quot;,&quot;features&quot;:[{&quot;isEnable&quot;:true,&quot;label&quot;:&quot;Unlimited Voiceovers&quot;},{&quot;isEnable&quot;:true,&quot;label&quot;:&quot;140 Languages&quot;},{&quot;isEnable&quot;:true,&quot;label&quot;:&quot;300+ Voices&quot;},{&quot;isEnable&quot;:true,&quot;label&quot;:&quot;Unlimited Projects&quot;},{&quot;isEnable&quot;:true,&quot;label&quot;:&quot;Upto 12k Characters Per Clip&quot;},{&quot;isEnable&quot;:&quot;#&quot;,&quot;label&quot;:&quot;Advanced Editor&quot;},{&quot;isEnable&quot;:&quot;#&quot;,&quot;label&quot;:&quot;Commercial License&quot;}]},{&quot;name&quot;:&quot;&lt;strong&gt;Annual Plan&lt;\\\/strong&gt;&quot;,&quot;price&quot;:&quot;60&quot;,&quot;priceCurrency&quot;:&quot;$&quot;,&quot;period&quot;:&quot;Month&quot;,&quot;link&quot;:&quot;https:\\\/\\\/textospeech.net\\\/pricing\\\/&quot;,&quot;linkLabel&quot;:&quot;Enroll Now&quot;,&quot;color&quot;:&quot;#001645&quot;,&quot;features&quot;:[{&quot;isEnable&quot;:true,&quot;label&quot;:&quot;Unlimited Voiceovers&quot;},{&quot;isEnable&quot;:true,&quot;label&quot;:&quot;140 Languages&quot;},{&quot;isEnable&quot;:true,&quot;label&quot;:&quot;300+ Voices&quot;},{&quot;isEnable&quot;:true,&quot;label&quot;:&quot;Unlimited Projects&quot;},{&quot;isEnable&quot;:true,&quot;label&quot;:&quot;Upto 12k Characters Per Clip&quot;},{&quot;isEnable&quot;:&quot;#&quot;,&quot;label&quot;:&quot;Advanced Editor&quot;},{&quot;isEnable&quot;:&quot;#&quot;,&quot;label&quot;:&quot;Commercial License&quot;}]},{&quot;name&quot;:&quot;&lt;strong&gt;Lifetime Deal&lt;\\\/strong&gt;&quot;,&quot;price&quot;:&quot;134&quot;,&quot;priceCurrency&quot;:&quot;$&quot;,&quot;period&quot;:&quot;Month&quot;,&quot;link&quot;:&quot;https:\\\/\\\/textospeech.net\\\/pricing\\\/&quot;,&quot;linkLabel&quot;:&quot;Enroll Now&quot;,&quot;color&quot;:&quot;#01944e&quot;,&quot;features&quot;:[{&quot;isEnable&quot;:true,&quot;label&quot;:&quot;1 Million Characters\\\/month&quot;},{&quot;isEnable&quot;:true,&quot;label&quot;:&quot;140 Languages&quot;},{&quot;isEnable&quot;:true,&quot;label&quot;:&quot;300+ Voices&quot;},{&quot;isEnable&quot;:true,&quot;label&quot;:&quot;Unlimited Projects&quot;},{&quot;isEnable&quot;:true,&quot;label&quot;:&quot;Upto 12k Characters Per Clip&quot;},{&quot;isEnable&quot;:&quot;#&quot;,&quot;label&quot;:&quot;Advanced Editor&quot;},{&quot;isEnable&quot;:&quot;#&quot;,&quot;label&quot;:&quot;Commercial License&quot;}]}],&quot;textAlign&quot;:&quot;left&quot;,&quot;shadow&quot;:{&quot;blur&quot;:&quot;30px&quot;,&quot;color&quot;:&quot;#6e8faf4d&quot;,&quot;isInset&quot;:true},&quot;align&quot;:&quot;&quot;,&quot;columns&quot;:{&quot;desktop&quot;:3,&quot;tablet&quot;:2,&quot;mobile&quot;:1},&quot;columnGap&quot;:&quot;20px&quot;,&quot;rowGap&quot;:&quot;30px&quot;,&quot;padding&quot;:{&quot;vertical&quot;:&quot;35px&quot;,&quot;horizontal&quot;:&quot;25px&quot;}}'><\/div>\n\n\n<h2 class=\"wp-block-heading\"><span class=\"ez-toc-section\" id=\"Three_Easy_Steps_To_Login_Create_A_New_Source_Of_Income\"><\/span><strong>Drei einfache Schritte zum Anmelden und Erstellen einer neuen Einnahmequelle<\/strong><span class=\"ez-toc-section-end\"><\/span><\/h2>\n\n\n\n<h3 class=\"wp-block-heading\"><span class=\"ez-toc-section\" id=\"1_Sign_Up\"><\/span><strong>1. Melden Sie sich an<\/strong><span class=\"ez-toc-section-end\"><\/span><\/h3>\n\n\n\n<p>Unser Text-to-Speech-Partnerprogramm steht allen offen. Es sind keine zus\u00e4tzlichen Verk\u00e4ufe erforderlich; Melde dich einfach an. Alles, was Sie tun m\u00fcssen, um ein erfolgreicher textospeech.net-Partner zu werden, ist:<\/p>\n\n\n\n<div class=\"wp-block-columns are-vertically-aligned-top has-background is-layout-flex wp-container-core-columns-is-layout-3 wp-block-columns-is-layout-flex\" style=\"background-color:#f5f0fe\">\n<div class=\"wp-block-column is-vertically-aligned-top is-layout-flow wp-block-column-is-layout-flow\">\n<h3 class=\"wp-block-heading\"><span class=\"ez-toc-section\" id=\"1_Open_Textospeech_Affiliate_Page\"><\/span><strong>1. \u00d6ffnen Sie die Affiliate-Seite von Textospeech<\/strong><span class=\"ez-toc-section-end\"><\/span><\/h3>\n\n\n\n<p>Klicken Sie auf \u201eHolen Sie sich Ihren Affiliate-Link.\u201c<br><\/p>\n<\/div>\n\n\n\n<div class=\"wp-block-column is-vertically-aligned-top is-layout-flow wp-block-column-is-layout-flow\"><\/div>\n<\/div>\n\n\n\n<div class=\"wp-block-columns are-vertically-aligned-top has-background is-layout-flex wp-container-core-columns-is-layout-4 wp-block-columns-is-layout-flex\" style=\"background-color:#f5f0fe\">\n<div class=\"wp-block-column is-vertically-aligned-top is-layout-flow wp-block-column-is-layout-flow\">\n<h3 class=\"wp-block-heading\"><span class=\"ez-toc-section\" id=\"2_Login_or_Signup\"><\/span><strong>2. Anmelden oder Registrieren<\/strong><span class=\"ez-toc-section-end\"><\/span><\/h3>\n\n\n\n<p>W\u00e4hlen Sie nun eine der vorgegebenen Optionen \u201eAnmelden &amp; Registrieren\u201c oder \u201eAnmelden &amp; Registrieren\u201c aus.<\/p>\n<\/div>\n\n\n\n<div class=\"wp-block-column is-vertically-aligned-top is-layout-flow wp-block-column-is-layout-flow\"><\/div>\n<\/div>\n\n\n\n<div class=\"wp-block-columns are-vertically-aligned-top has-background is-layout-flex wp-container-core-columns-is-layout-5 wp-block-columns-is-layout-flex\" style=\"background-color:#f5f0fe\">\n<div class=\"wp-block-column is-vertically-aligned-top is-layout-flow wp-block-column-is-layout-flow\">\n<h3 class=\"wp-block-heading\"><span class=\"ez-toc-section\" id=\"3_Fill_Foam\"><\/span><strong>3. Schaum einf\u00fcllen<\/strong><span class=\"ez-toc-section-end\"><\/span><\/h3>\n\n\n\n<p>W\u00e4hlen Sie \u201eAnmelden und registrieren\u201c, f\u00fcllen Sie das Formular aus und klicken Sie auf \u201eMein Konto erstellen\u201c.<\/p>\n<\/div>\n\n\n\n<div class=\"wp-block-column is-vertically-aligned-top is-layout-flow wp-block-column-is-layout-flow\"><\/div>\n<\/div>\n\n\n\n<div class=\"wp-block-columns are-vertically-aligned-top has-background is-layout-flex wp-container-core-columns-is-layout-6 wp-block-columns-is-layout-flex\" style=\"background-color:#f5f0fe\">\n<div class=\"wp-block-column is-vertically-aligned-top is-layout-flow wp-block-column-is-layout-flow\">\n<h3 class=\"wp-block-heading\"><span class=\"ez-toc-section\" id=\"4_Login_to_Your_Account_If_you_already_have_an_Account\"><\/span><strong>4. Melden Sie sich bei Ihrem Konto an, wenn Sie bereits ein Konto haben<\/strong><span class=\"ez-toc-section-end\"><\/span><\/h3>\n\n\n\n<p>Wenn Sie bereits ein Konto erstellt haben, klicken Sie auf die Option \u201eAnmelden und registrieren\u201c. Geben Sie dann Ihre E-Mail-Adresse und Ihr Passwort ein und klicken Sie auf die Schaltfl\u00e4che \u201eAnmelden\u201c.<\/p>\n<\/div>\n\n\n\n<div class=\"wp-block-column is-vertically-aligned-top is-layout-flow wp-block-column-is-layout-flow\"><\/div>\n<\/div>\n\n\n\n<h3 class=\"wp-block-heading\"><span class=\"ez-toc-section\" id=\"2_Start_recommending\"><\/span><strong>2. Beginnen Sie mit der Empfehlung<\/strong><span class=\"ez-toc-section-end\"><\/span><\/h3>\n\n\n\n<p>Verbreiten Sie die Bekanntheit unserer Text-to-Speech-Software mithilfe der einzigartigen Affiliate-Links, die wir in Ihren Blogbeitr\u00e4gen, YouTube-Videos, E-Mail-Newslettern, Banneranzeigen und anderen digitalen Inhalten bereitstellen, um wiederkehrende Provisionen zu verdienen.<\/p>\n\n\n\n<h3 class=\"wp-block-heading\"><span class=\"ez-toc-section\" id=\"3_Get_rewarded\"><\/span><strong>3. Lassen Sie sich belohnen<\/strong><span class=\"ez-toc-section-end\"><\/span><\/h3>\n\n\n\n<p>Erhalten Sie eine Provision von 50% f\u00fcr jede Person, die Ihren Affiliate-Link verwendet, um einem kostenpflichtigen textospeech.net-Plan beizutreten.<\/p>\n\n\n\n<h2 class=\"wp-block-heading\"><span class=\"ez-toc-section\" id=\"Steps_For_Promoting_Textospeechnet\"><\/span><strong>Schritte zur F\u00f6rderung von Textospeech.net<\/strong><span class=\"ez-toc-section-end\"><\/span><\/h2>\n\n\n\n<p>E-Mail-Marketing ist die effektivste Methode zur Werbung f\u00fcr textospeech.net. Sie k\u00f6nnen f\u00fcr jede Person bezahlt werden, die sich \u00fcber Ihren Affiliate-Link anmeldet. Beginnen Sie daher mit der Vermarktung von Textsprachen, um Geld zu verdienen. Sie k\u00f6nnen diese kostenlosen Methoden verwenden, wenn Sie keine Liste haben. Diese Art von Blogbeitr\u00e4gen ist die effektivste M\u00f6glichkeit, f\u00fcr textospeech.net zu werben.<\/p>\n\n\n\n<div class=\"wp-block-columns are-vertically-aligned-top has-background is-layout-flex wp-container-core-columns-is-layout-7 wp-block-columns-is-layout-flex\" style=\"background-color:#f5f0fe\">\n<div class=\"wp-block-column is-vertically-aligned-top is-layout-flow wp-block-column-is-layout-flow\">\n<h3 class=\"wp-block-heading\"><span class=\"ez-toc-section\" id=\"1_Blog_Post\"><\/span><strong>1. Blogbeitrag<\/strong><span class=\"ez-toc-section-end\"><\/span><\/h3>\n\n\n\n<ul class=\"wp-block-list\">\n<li>Rezension von Textospeech.net<\/li>\n\n\n\n<li>Textospeech.net vs. _____<\/li>\n\n\n\n<li>Vergleichen Sie Textospeech.net mit einem anderen Dienst<\/li>\n\n\n\n<li>H\u00f6rb\u00fccher erstellen<\/li>\n<\/ul>\n<\/div>\n\n\n\n<div class=\"wp-block-column is-vertically-aligned-top is-layout-flow wp-block-column-is-layout-flow\"><\/div>\n<\/div>\n\n\n\n<div class=\"wp-block-columns has-background is-layout-flex wp-container-core-columns-is-layout-8 wp-block-columns-is-layout-flex\" style=\"background-color:#f5f0fe\">\n<div class=\"wp-block-column is-layout-flow wp-block-column-is-layout-flow\">\n<h3 class=\"wp-block-heading\"><span class=\"ez-toc-section\" id=\"2_Ideas_for_YouTube_Videos\"><\/span><strong>2. Ideen f\u00fcr YouTube-Videos<\/strong><span class=\"ez-toc-section-end\"><\/span><\/h3>\n\n\n\n<p>Sie k\u00f6nnen Videos f\u00fcr Online-Vermarkter erstellen und Textospeech erw\u00e4hnen oder Sie k\u00f6nnen Voiceovers f\u00fcr YouTube-Videos erstellen und den Textospeech-Affiliate-Link in die Beschreibung einf\u00fcgen. Das Erstellen von Videos, die textospeech.net mit einer Alternative kontrastieren, ist eine weitere M\u00f6glichkeit, textospeech.net zu bewerben.<\/p>\n<\/div>\n\n\n\n<div class=\"wp-block-column is-layout-flow wp-block-column-is-layout-flow\"><\/div>\n<\/div>\n\n\n\n<div class=\"wp-block-columns has-background is-layout-flex wp-container-core-columns-is-layout-9 wp-block-columns-is-layout-flex\" style=\"background-color:#f5f0fe\">\n<div class=\"wp-block-column is-layout-flow wp-block-column-is-layout-flow\">\n<h3 class=\"wp-block-heading\"><span class=\"ez-toc-section\" id=\"3_TikTok_Shorts_ideas\"><\/span><strong>3. Ideen f\u00fcr TikTok-Shorts<\/strong><span class=\"ez-toc-section-end\"><\/span><\/h3>\n\n\n\n<p>Sie k\u00f6nnen Videos auf TikTok erstellen und teilen und einen Empfehlungslink in die Beschreibung des Videos oder Ihre Biografie einf\u00fcgen, um f\u00fcr TextoSpeech zu werben.<\/p>\n<\/div>\n\n\n\n<div class=\"wp-block-column is-layout-flow wp-block-column-is-layout-flow\"><\/div>\n<\/div>\n\n\n\n<div class=\"wp-block-columns has-background is-layout-flex wp-container-core-columns-is-layout-10 wp-block-columns-is-layout-flex\" style=\"background-color:#f5f0fe\">\n<div class=\"wp-block-column is-layout-flow wp-block-column-is-layout-flow\">\n<h3 class=\"wp-block-heading\"><span class=\"ez-toc-section\" id=\"4_Facebook_Group\"><\/span><strong>4. Facebook-Gruppe<\/strong><span class=\"ez-toc-section-end\"><\/span><\/h3>\n\n\n\n<p>Treten Sie Facebook-Gruppen bei, in denen sich Autoren und Vermarkter von Videos treffen. Erstellen Sie ein hilfreiches Video mit TextoSpeech-Voiceover. Teilen Sie ein Video mit der Gruppe und erw\u00e4hnen Sie die Voiceover-Dienste von TextoSpeech.<\/p>\n<\/div>\n\n\n\n<div class=\"wp-block-column is-layout-flow wp-block-column-is-layout-flow\"><\/div>\n<\/div>\n\n\n\n<div class=\"wp-block-columns has-background is-layout-flex wp-container-core-columns-is-layout-11 wp-block-columns-is-layout-flex\" style=\"background-color:#f5f0fe\">\n<div class=\"wp-block-column is-layout-flow wp-block-column-is-layout-flow\">\n<h3 class=\"wp-block-heading\"><span class=\"ez-toc-section\" id=\"5_Respond_To_A_Query_On_Quora\"><\/span><strong>5. Beantworten Sie eine Frage zu Quora<\/strong><span class=\"ez-toc-section-end\"><\/span><\/h3>\n\n\n\n<p>Auf Quora gibt es viele Anfragen zum Thema Text-to-Speech. Sie k\u00f6nnen f\u00fcr TextoSpeech.net werben, indem Sie auf diese Anfragen antworten.<\/p>\n<\/div>\n\n\n\n<div class=\"wp-block-column is-layout-flow wp-block-column-is-layout-flow\"><\/div>\n<\/div>\n\n\n\n<div class=\"wp-block-columns has-background is-layout-flex wp-container-core-columns-is-layout-12 wp-block-columns-is-layout-flex\" style=\"background-color:#f5f0fe\">\n<div class=\"wp-block-column is-layout-flow wp-block-column-is-layout-flow\">\n<h3 class=\"wp-block-heading\"><span class=\"ez-toc-section\" id=\"6_Instagram_Reels_ideas\"><\/span><strong>6. Ideen f\u00fcr Instagram-Reels<\/strong><span class=\"ez-toc-section-end\"><\/span><\/h3>\n\n\n\n<p>Instagram ist auch eine weitere M\u00f6glichkeit, mit dem Voiceover von TextoSpeech.net hilfreiche Videos zu erstellen. Anschlie\u00dfend k\u00f6nnen Sie das Video hochladen und den Affiliate-Link in die Beschreibung einf\u00fcgen.<\/p>\n\n\n\n<p>Du kannst das schaffen:<\/p>\n\n\n\n<ul class=\"wp-block-list\">\n<li>Rezension von Textospeech.net<\/li>\n\n\n\n<li>Textospeech.net vs. _____<\/li>\n\n\n\n<li>Erstellen Sie Videos f\u00fcr Online-Vermarkter und erw\u00e4hnen Sie Textospeech.<\/li>\n<\/ul>\n<\/div>\n\n\n\n<div class=\"wp-block-column is-layout-flow wp-block-column-is-layout-flow\"><\/div>\n<\/div>\n\n\n\n<div class=\"wp-block-columns has-background is-layout-flex wp-container-core-columns-is-layout-13 wp-block-columns-is-layout-flex\" style=\"background-color:#f5f0fe\">\n<div class=\"wp-block-column is-layout-flow wp-block-column-is-layout-flow\">\n<h3 class=\"wp-block-heading\"><span class=\"ez-toc-section\" id=\"7_Pinterest\"><\/span><strong>7. Pinterest<\/strong><span class=\"ez-toc-section-end\"><\/span><\/h3>\n\n\n\n<p>Der beste Weg, Affiliate-Links auf Pinterest zu nutzen, ist wie folgt:<\/p>\n\n\n\n<ul class=\"wp-block-list\">\n<li>Ver\u00f6ffentlichen Sie Textospeech-Rezensionen und -Beschreibungen<\/li>\n\n\n\n<li>Ver\u00f6ffentlichen Sie Videos mit einem Voice-Over zur Werbung<\/li>\n<\/ul>\n<\/div>\n\n\n\n<div class=\"wp-block-column is-layout-flow wp-block-column-is-layout-flow\"><\/div>\n<\/div>\n\n\n\n<div class=\"wp-block-columns has-background is-layout-flex wp-container-core-columns-is-layout-14 wp-block-columns-is-layout-flex\" style=\"background-color:#f5f0fe\">\n<div class=\"wp-block-column is-layout-flow wp-block-column-is-layout-flow\">\n<h3 class=\"wp-block-heading\"><span class=\"ez-toc-section\" id=\"8_Twitter\"><\/span><strong>8. Twitter<\/strong><span class=\"ez-toc-section-end\"><\/span><\/h3>\n\n\n\n<p>F\u00fcr Ihre Affiliate-Bed\u00fcrfnisse ist Twitter eine gro\u00dfz\u00fcgige Plattform mit kostenlosem Traffic. Sie k\u00f6nnen textospeech.net auf Twitter bewerben und Affiliate werden, um Geld zu verdienen.<\/p>\n<\/div>\n\n\n\n<div class=\"wp-block-column is-layout-flow wp-block-column-is-layout-flow\"><\/div>\n<\/div>\n\n\n\n<h2 class=\"wp-block-heading\"><span class=\"ez-toc-section\" id=\"Contact_Us\"><\/span><strong>Kontaktiere uns<\/strong><span class=\"ez-toc-section-end\"><\/span><\/h2>\n\n\n\n<p>Wenn Sie Hilfe ben\u00f6tigen, k\u00f6nnen Sie dies tun <strong>Kontaktiere uns<\/strong>.<\/p>","protected":false},"excerpt":{"rendered":"","protected":false},"author":1,"featured_media":0,"parent":0,"menu_order":0,"comment_status":"closed","ping_status":"closed","template":"","meta":{"footnotes":""},"class_list":["post-24","page","type-page","status-publish"],"_links":{"self":[{"href":"https:\/\/textospeech.net\/de\/wp-json\/wp\/v2\/pages\/24"}],"collection":[{"href":"https:\/\/textospeech.net\/de\/wp-json\/wp\/v2\/pages"}],"about":[{"href":"https:\/\/textospeech.net\/de\/wp-json\/wp\/v2\/types\/page"}],"author":[{"embeddable":true,"href":"https:\/\/textospeech.net\/de\/wp-json\/wp\/v2\/users\/1"}],"replies":[{"embeddable":true,"href":"https:\/\/textospeech.net\/de\/wp-json\/wp\/v2\/comments?post=24"}],"version-history":[{"count":70,"href":"https:\/\/textospeech.net\/de\/wp-json\/wp\/v2\/pages\/24\/revisions"}],"predecessor-version":[{"id":1347,"href":"https:\/\/textospeech.net\/de\/wp-json\/wp\/v2\/pages\/24\/revisions\/1347"}],"wp:attachment":[{"href":"https:\/\/textospeech.net\/de\/wp-json\/wp\/v2\/media?parent=24"}],"curies":[{"name":"wp","href":"https:\/\/api.w.org\/{rel}","templated":true}]}}